{"id":6038,"date":"2022-05-08T23:13:34","date_gmt":"2022-05-09T03:13:34","guid":{"rendered":"http:\/\/humanidades.uprrp.edu\/visiondoble\/?page_id=6038"},"modified":"2022-05-09T01:49:45","modified_gmt":"2022-05-09T05:49:45","slug":"jorge-l-lizardi-pollock","status":"publish","type":"page","link":"https:\/\/humanidades.uprrp.edu\/visiondoble\/jorge-l-lizardi-pollock\/","title":{"rendered":"Jorge L. Lizardi Pollock"},"content":{"rendered":"<p style=\"text-align: justify;\"><span style=\"font-size: 110%;\"><img loading=\"lazy\" decoding=\"async\" class=\"size-thumbnail wp-image-5271 alignleft\" src=\"https:\/\/humanidades.uprrp.edu\/visiondoble\/wp-content\/uploads\/2021\/05\/KJJ1qWzg-150x150.jpg\" alt=\"\" width=\"150\" height=\"150\" srcset=\"https:\/\/humanidades.uprrp.edu\/visiondoble\/wp-content\/uploads\/2021\/05\/KJJ1qWzg-150x150.jpg 150w, https:\/\/humanidades.uprrp.edu\/visiondoble\/wp-content\/uploads\/2021\/05\/KJJ1qWzg-300x300.jpg 300w, https:\/\/humanidades.uprrp.edu\/visiondoble\/wp-content\/uploads\/2021\/05\/KJJ1qWzg.jpg 400w\" sizes=\"auto, (max-width: 150px) 100vw, 150px\" \/>Jorge L. Lizardi Pollock es doctor en historia de Am\u00e9rica Latina por la Universidad de Puerto Rico. Es profesor de historia, teor\u00eda e investigaci\u00f3n en la Escuela de Arquitectura desde 2006, en donde ayud\u00f3 a crear el Proyecto CIUDAD (Centro Interdisciplinario de Urbanismo, Dise\u00f1o Ambiental y Desarrollo), del cual fue su director. Es autor de los libros La naci\u00f3n y sus espejos: arquitectura, memorias y ciudadan\u00edas en la Ciudad de M\u00e9xico, 1863-1917 ( 2014) y San Juan oculto: la ciudad antigua desde otras miradas (2013), as\u00ed como coeditor de Espacios ambivalentes: historias y olvidos en la arquitectura social moderna (2012).<\/span><\/p>\n","protected":false},"excerpt":{"rendered":"<p>Jorge L. Lizardi Pollock es doctor en historia de Am\u00e9rica Latina por la Universidad de Puerto Rico. Es profesor de historia, teor\u00eda e investigaci\u00f3n en la Escuela de Arquitectura desde 2006, en donde ayud\u00f3 a crear el Proyecto CIUDAD (Centro Interdisciplinario de Urbanismo, Dise\u00f1o Ambiental y Desarrollo), del cual fue su director. Es autor de [&#8230;]\n","protected":false},"author":12,"featured_media":0,"parent":0,"menu_order":0,"comment_status":"closed","ping_status":"closed","template":"","meta":{"footnotes":""},"class_list":["post-6038","page","type-page","status-publish","hentry"],"_links":{"self":[{"href":"https:\/\/humanidades.uprrp.edu\/visiondoble\/wp-json\/wp\/v2\/pages\/6038","targetHints":{"allow":["GET"]}}],"collection":[{"href":"https:\/\/humanidades.uprrp.edu\/visiondoble\/wp-json\/wp\/v2\/pages"}],"about":[{"href":"https:\/\/humanidades.uprrp.edu\/visiondoble\/wp-json\/wp\/v2\/types\/page"}],"author":[{"embeddable":true,"href":"https:\/\/humanidades.uprrp.edu\/visiondoble\/wp-json\/wp\/v2\/users\/12"}],"replies":[{"embeddable":true,"href":"https:\/\/humanidades.uprrp.edu\/visiondoble\/wp-json\/wp\/v2\/comments?post=6038"}],"version-history":[{"count":2,"href":"https:\/\/humanidades.uprrp.edu\/visiondoble\/wp-json\/wp\/v2\/pages\/6038\/revisions"}],"predecessor-version":[{"id":6213,"href":"https:\/\/humanidades.uprrp.edu\/visiondoble\/wp-json\/wp\/v2\/pages\/6038\/revisions\/6213"}],"wp:attachment":[{"href":"https:\/\/humanidades.uprrp.edu\/visiondoble\/wp-json\/wp\/v2\/media?parent=6038"}],"curies":[{"name":"wp","href":"https:\/\/api.w.org\/{rel}","templated":true}]}}