{"id":6030,"date":"2022-05-08T23:07:50","date_gmt":"2022-05-09T03:07:50","guid":{"rendered":"http:\/\/humanidades.uprrp.edu\/visiondoble\/?page_id=6030"},"modified":"2025-09-11T15:08:45","modified_gmt":"2025-09-11T19:08:45","slug":"jose-correa-vigier","status":"publish","type":"page","link":"https:\/\/humanidades.uprrp.edu\/visiondoble\/jose-correa-vigier\/","title":{"rendered":"Jos\u00e9 Correa Vigier"},"content":{"rendered":"\n<p style=\"text-align: justify;\"><span style=\"font-size: 110%;\"><img loading=\"lazy\" decoding=\"async\" class=\"size-thumbnail wp-image-5372 alignleft\" src=\"https:\/\/humanidades.uprrp.edu\/visiondoble\/wp-content\/uploads\/2021\/06\/Jose-Correa-Vigier-150x150.jpg\" alt=\"\" width=\"150\" height=\"150\" \/><\/span><\/p>\n<p style=\"font-weight: 400;\"><span style=\"font-weight: 400;\">Jos\u00e9 Correa Vigier, graduado con un Bachillerato en Historia del Arte por la Universidad de Puerto Rico, Recinto de R\u00edo Piedras, se desempe\u00f1a como Historiador y Curador independiente. Ha escrito y curado m\u00faltiples exposiciones desde el 2011 hasta la actualidad. Por mencionar algunas; en 2012 trabaj\u00f3 en el desarrollo de Gallery at the Center, adscrito al Centro de Estudios de Etnia y Raza (CSER), en Columbia University (NYC), contribuyendo como curador asociado y ensayista. En 2019 fue invitado por el Museo Metropolitano de Arte de Nueva York (MET) y la Galer\u00eda Tate Modern de Londres, donde present\u00f3 su investigaci\u00f3n sobre el Surrealismo en Puerto Rico en el contexto de la exposici\u00f3n, Surrealism Beyond Borders. En 2023, obtuvo la Beca PBMA, (Beca por M\u00e9rito Acad\u00e9mico y Ejecutorias Excepcionales) de la UPR, Recinto de R\u00edo Piedras y la convocatoria de Puerto Rican Art Research Fellow (2024-2025) organizada por el Museo de Arte de Ponce y la Andrew Mellon Foundation. Sus trabajos han sido reconocidos por el Rockefeller Brothers Fund, la Fundaci\u00f3n Eugenio Granell en Santiago de Compostela, Espa\u00f1a y la Asociaci\u00f3n Internacional de Cr\u00edticos de Arte Cap\u00edtulo de Puerto Rico (AICA-PR), entre otros. Al presente, trabaja con el legado de la artista surrealista Cossette Zeno, y se desempe\u00f1a como su bi\u00f3grafo oficial. En 2025 comenz\u00f3 su etapa de disertaci\u00f3n por el doctorado en Historia Cultural de la UPR, Recinto de R\u00edo Piedras, con \u00e9nfasis sobre la transici\u00f3n al arte moderno en Puerto Rico.<\/span><\/p>\n<p style=\"text-align: justify;\"><span style=\"font-size: 110%;\">\u00a0<\/span><\/p>\n\n","protected":false},"excerpt":{"rendered":"","protected":false},"author":12,"featured_media":0,"parent":0,"menu_order":0,"comment_status":"closed","ping_status":"closed","template":"","meta":{"footnotes":""},"class_list":["post-6030","page","type-page","status-publish","hentry"],"_links":{"self":[{"href":"https:\/\/humanidades.uprrp.edu\/visiondoble\/wp-json\/wp\/v2\/pages\/6030","targetHints":{"allow":["GET"]}}],"collection":[{"href":"https:\/\/humanidades.uprrp.edu\/visiondoble\/wp-json\/wp\/v2\/pages"}],"about":[{"href":"https:\/\/humanidades.uprrp.edu\/visiondoble\/wp-json\/wp\/v2\/types\/page"}],"author":[{"embeddable":true,"href":"https:\/\/humanidades.uprrp.edu\/visiondoble\/wp-json\/wp\/v2\/users\/12"}],"replies":[{"embeddable":true,"href":"https:\/\/humanidades.uprrp.edu\/visiondoble\/wp-json\/wp\/v2\/comments?post=6030"}],"version-history":[{"count":5,"href":"https:\/\/humanidades.uprrp.edu\/visiondoble\/wp-json\/wp\/v2\/pages\/6030\/revisions"}],"predecessor-version":[{"id":6704,"href":"https:\/\/humanidades.uprrp.edu\/visiondoble\/wp-json\/wp\/v2\/pages\/6030\/revisions\/6704"}],"wp:attachment":[{"href":"https:\/\/humanidades.uprrp.edu\/visiondoble\/wp-json\/wp\/v2\/media?parent=6030"}],"curies":[{"name":"wp","href":"https:\/\/api.w.org\/{rel}","templated":true}]}}