{"id":6026,"date":"2022-05-08T23:05:34","date_gmt":"2022-05-09T03:05:34","guid":{"rendered":"http:\/\/humanidades.uprrp.edu\/visiondoble\/?page_id=6026"},"modified":"2022-05-08T23:05:34","modified_gmt":"2022-05-09T03:05:34","slug":"juan-carlos-jorge","status":"publish","type":"page","link":"https:\/\/humanidades.uprrp.edu\/visiondoble\/juan-carlos-jorge\/","title":{"rendered":"Juan Carlos Jorge"},"content":{"rendered":"<p style=\"text-align: justify;\"><span style=\"font-size: 110%;\">Juan Carlos Jorge es miembro de la facultad del Departamento de Anatom\u00eda y Neurobiolog\u00eda de la Escuela de Medicina de la Universidad de Puerto Rico y es adem\u00e1s el Oficial de Diversidad e Inclusi\u00f3n de la misma instituci\u00f3n. Su trabajo de investigaci\u00f3n sobre intersexualidad humana le ha conducido a estudiar textos de medicina del siglo XVI, as\u00ed como las intersecciones entre arte y medicina en el Renacimiento italiano. Su trabajo docente, te\u00f3rico y experimental en embriolog\u00eda humana integra sus intereses en variaciones anat\u00f3micas del tracto urogenital, algoritmos cl\u00ednicos y representaciones visuales de lo humano.<\/span><\/p>\n","protected":false},"excerpt":{"rendered":"<p>Juan Carlos Jorge es miembro de la facultad del Departamento de Anatom\u00eda y Neurobiolog\u00eda de la Escuela de Medicina de la Universidad de Puerto Rico y es adem\u00e1s el Oficial de Diversidad e Inclusi\u00f3n de la misma instituci\u00f3n. Su trabajo de investigaci\u00f3n sobre intersexualidad humana le ha conducido a estudiar textos de medicina del siglo [&#8230;]\n","protected":false},"author":12,"featured_media":0,"parent":0,"menu_order":0,"comment_status":"closed","ping_status":"closed","template":"","meta":{"footnotes":""},"class_list":["post-6026","page","type-page","status-publish","hentry"],"_links":{"self":[{"href":"https:\/\/humanidades.uprrp.edu\/visiondoble\/wp-json\/wp\/v2\/pages\/6026","targetHints":{"allow":["GET"]}}],"collection":[{"href":"https:\/\/humanidades.uprrp.edu\/visiondoble\/wp-json\/wp\/v2\/pages"}],"about":[{"href":"https:\/\/humanidades.uprrp.edu\/visiondoble\/wp-json\/wp\/v2\/types\/page"}],"author":[{"embeddable":true,"href":"https:\/\/humanidades.uprrp.edu\/visiondoble\/wp-json\/wp\/v2\/users\/12"}],"replies":[{"embeddable":true,"href":"https:\/\/humanidades.uprrp.edu\/visiondoble\/wp-json\/wp\/v2\/comments?post=6026"}],"version-history":[{"count":1,"href":"https:\/\/humanidades.uprrp.edu\/visiondoble\/wp-json\/wp\/v2\/pages\/6026\/revisions"}],"predecessor-version":[{"id":6027,"href":"https:\/\/humanidades.uprrp.edu\/visiondoble\/wp-json\/wp\/v2\/pages\/6026\/revisions\/6027"}],"wp:attachment":[{"href":"https:\/\/humanidades.uprrp.edu\/visiondoble\/wp-json\/wp\/v2\/media?parent=6026"}],"curies":[{"name":"wp","href":"https:\/\/api.w.org\/{rel}","templated":true}]}}