{"id":6019,"date":"2022-05-08T23:00:43","date_gmt":"2022-05-09T03:00:43","guid":{"rendered":"http:\/\/humanidades.uprrp.edu\/visiondoble\/?page_id=6019"},"modified":"2022-05-08T23:00:43","modified_gmt":"2022-05-09T03:00:43","slug":"ingrid-jimenez","status":"publish","type":"page","link":"https:\/\/humanidades.uprrp.edu\/visiondoble\/ingrid-jimenez\/","title":{"rendered":"Ingrid Jim\u00e9nez"},"content":{"rendered":"<p style=\"text-align: justify;\"><span style=\"font-size: 110%;\">INGRID MARIA JIMENEZ MARTINEZ: Catedr\u00e1tica de la Universidad de Puerto Rico \u2013 Recinto de R\u00edo Piedras. Ense\u00f1a en el Programa de Historia del Arte los cursos de Teor\u00eda del Arte, Historia del Arte Contempor\u00e1neo y Debates del Arte Contempor\u00e1neo, entre otros. Es graduada de la Universidad de Sevilla y de la Universidad de Wisconsin en Madison, Wisconsin. Escribe para la revista Art Nexus. Entre sus publicaciones se incluyen El exceso como medida del ser. Totems de Anabelle Guerrero (Biarritz y Par\u00eds: Atl\u00e1ntica, 2006) y La Trienal Poligr\u00e1fica de San Juan, Art Nexus, 2012, entre otras.<\/span><\/p>\n","protected":false},"excerpt":{"rendered":"<p>INGRID MARIA JIMENEZ MARTINEZ: Catedr\u00e1tica de la Universidad de Puerto Rico \u2013 Recinto de R\u00edo Piedras. Ense\u00f1a en el Programa de Historia del Arte los cursos de Teor\u00eda del Arte, Historia del Arte Contempor\u00e1neo y Debates del Arte Contempor\u00e1neo, entre otros. Es graduada de la Universidad de Sevilla y de la Universidad de Wisconsin en [&#8230;]\n","protected":false},"author":12,"featured_media":0,"parent":0,"menu_order":0,"comment_status":"closed","ping_status":"closed","template":"","meta":{"footnotes":""},"class_list":["post-6019","page","type-page","status-publish","hentry"],"_links":{"self":[{"href":"https:\/\/humanidades.uprrp.edu\/visiondoble\/wp-json\/wp\/v2\/pages\/6019","targetHints":{"allow":["GET"]}}],"collection":[{"href":"https:\/\/humanidades.uprrp.edu\/visiondoble\/wp-json\/wp\/v2\/pages"}],"about":[{"href":"https:\/\/humanidades.uprrp.edu\/visiondoble\/wp-json\/wp\/v2\/types\/page"}],"author":[{"embeddable":true,"href":"https:\/\/humanidades.uprrp.edu\/visiondoble\/wp-json\/wp\/v2\/users\/12"}],"replies":[{"embeddable":true,"href":"https:\/\/humanidades.uprrp.edu\/visiondoble\/wp-json\/wp\/v2\/comments?post=6019"}],"version-history":[{"count":1,"href":"https:\/\/humanidades.uprrp.edu\/visiondoble\/wp-json\/wp\/v2\/pages\/6019\/revisions"}],"predecessor-version":[{"id":6020,"href":"https:\/\/humanidades.uprrp.edu\/visiondoble\/wp-json\/wp\/v2\/pages\/6019\/revisions\/6020"}],"wp:attachment":[{"href":"https:\/\/humanidades.uprrp.edu\/visiondoble\/wp-json\/wp\/v2\/media?parent=6019"}],"curies":[{"name":"wp","href":"https:\/\/api.w.org\/{rel}","templated":true}]}}