{"id":6015,"date":"2022-05-08T22:58:10","date_gmt":"2022-05-09T02:58:10","guid":{"rendered":"http:\/\/humanidades.uprrp.edu\/visiondoble\/?page_id=6015"},"modified":"2025-09-11T15:06:08","modified_gmt":"2025-09-11T19:06:08","slug":"indira-de-choudens","status":"publish","type":"page","link":"https:\/\/humanidades.uprrp.edu\/visiondoble\/indira-de-choudens\/","title":{"rendered":"Indira de Choudens"},"content":{"rendered":"\n<figure class=\"wp-block-image size-medium\"><img loading=\"lazy\" decoding=\"async\" width=\"200\" height=\"300\" src=\"https:\/\/humanidades.uprrp.edu\/visiondoble\/wp-content\/uploads\/2025\/09\/Indira-200x300.png\" alt=\"\" class=\"wp-image-6702\" srcset=\"https:\/\/humanidades.uprrp.edu\/visiondoble\/wp-content\/uploads\/2025\/09\/Indira-200x300.png 200w, https:\/\/humanidades.uprrp.edu\/visiondoble\/wp-content\/uploads\/2025\/09\/Indira-683x1024.png 683w, https:\/\/humanidades.uprrp.edu\/visiondoble\/wp-content\/uploads\/2025\/09\/Indira-768x1151.png 768w, https:\/\/humanidades.uprrp.edu\/visiondoble\/wp-content\/uploads\/2025\/09\/Indira.png 834w\" sizes=\"auto, (max-width: 200px) 100vw, 200px\" \/><\/figure>\n\n\n\n<p class=\"has-white-color has-text-color has-link-color wp-elements-274080d2f7dc8709b11fdc3f1911ad86\">[spacer height=\u201d20px\u201d]\n\n\n\n<p style=\"text-align: justify;\"><span style=\"font-size: 110%;\">Es directora del Seminario de Historia del Arte del Programa de Historia del Arte de la UPRRP. Posee un Bachillerato en Historia del Arte y un Grado Asociado en Dise\u00f1o de Interiores, una Maestr\u00eda en Ciencias de Informaci\u00f3n y Bibliotecnolog\u00eda, una Certificaci\u00f3n como Gu\u00eda Tur\u00edstica y un M\u00e1ster Oficial de la Universidad Complutense de Madrid en Arqueolog\u00eda del Mediterr\u00e1neo en la Antig\u00fcedad Cl\u00e1sica. Adem\u00e1s, posee un doctorado en Historia y Arqueolog\u00eda de esta misma instituci\u00f3n con una investigaci\u00f3n sobre la cer\u00e1mica griega en la Pen\u00ednsula. Ha ofrecido clases en el Programa de Historia del Arte de la UPRRP, ha trabajado en las bibliotecas de esta instituci\u00f3n y en la de la Escuela de Artes Pl\u00e1sticas de Puerto Rico.<\/span><\/p>\n","protected":false},"excerpt":{"rendered":"[spacer height=\u201d20px\u201d] Es directora del Seminario de Historia del Arte del Programa de Historia del Arte de la UPRRP. Posee un Bachillerato en Historia del Arte y un Grado Asociado en Dise\u00f1o de Interiores, una Maestr\u00eda en Ciencias de Informaci\u00f3n y Bibliotecnolog\u00eda, una Certificaci\u00f3n como Gu\u00eda Tur\u00edstica y un M\u00e1ster Oficial de la Universidad Complutense [&#8230;]\n","protected":false},"author":12,"featured_media":0,"parent":0,"menu_order":0,"comment_status":"closed","ping_status":"closed","template":"","meta":{"footnotes":""},"class_list":["post-6015","page","type-page","status-publish","hentry"],"_links":{"self":[{"href":"https:\/\/humanidades.uprrp.edu\/visiondoble\/wp-json\/wp\/v2\/pages\/6015","targetHints":{"allow":["GET"]}}],"collection":[{"href":"https:\/\/humanidades.uprrp.edu\/visiondoble\/wp-json\/wp\/v2\/pages"}],"about":[{"href":"https:\/\/humanidades.uprrp.edu\/visiondoble\/wp-json\/wp\/v2\/types\/page"}],"author":[{"embeddable":true,"href":"https:\/\/humanidades.uprrp.edu\/visiondoble\/wp-json\/wp\/v2\/users\/12"}],"replies":[{"embeddable":true,"href":"https:\/\/humanidades.uprrp.edu\/visiondoble\/wp-json\/wp\/v2\/comments?post=6015"}],"version-history":[{"count":2,"href":"https:\/\/humanidades.uprrp.edu\/visiondoble\/wp-json\/wp\/v2\/pages\/6015\/revisions"}],"predecessor-version":[{"id":6703,"href":"https:\/\/humanidades.uprrp.edu\/visiondoble\/wp-json\/wp\/v2\/pages\/6015\/revisions\/6703"}],"wp:attachment":[{"href":"https:\/\/humanidades.uprrp.edu\/visiondoble\/wp-json\/wp\/v2\/media?parent=6015"}],"curies":[{"name":"wp","href":"https:\/\/api.w.org\/{rel}","templated":true}]}}