{"id":6008,"date":"2022-05-08T22:54:34","date_gmt":"2022-05-09T02:54:34","guid":{"rendered":"http:\/\/humanidades.uprrp.edu\/visiondoble\/?page_id=6008"},"modified":"2025-09-11T14:58:37","modified_gmt":"2025-09-11T18:58:37","slug":"hilian-m-colon-hernandez","status":"publish","type":"page","link":"https:\/\/humanidades.uprrp.edu\/visiondoble\/hilian-m-colon-hernandez\/","title":{"rendered":"Hilian M. Col\u00f3n Hern\u00e1ndez"},"content":{"rendered":"\n<p style=\"text-align: justify;\"><span style=\"font-size: 110%;\"><img loading=\"lazy\" decoding=\"async\" class=\"size-thumbnail wp-image-4927 alignleft\" src=\"https:\/\/humanidades.uprrp.edu\/visiondoble\/wp-content\/uploads\/2021\/04\/Foto-HilianM.Colon_-150x150.jpg\" alt=\"\" width=\"150\" height=\"150\" \/>Graduada con una maestr\u00eda en Historia del Arte de la Universidad de Salamanca (Espa\u00f1a), obtuvo su doctorado en la misma instituci\u00f3n en octubre de 2021. Es egresada de la Universidad de Puerto Rico en Carolina, donde estudi\u00f3 un grado asociado en Dise\u00f1o de Interiores, y de la Universidad de Puerto Rico, Recinto de R\u00edo Piedras, con un bachillerato en Historia del Arte. Ha ejercido como profesora, coordinadora de talleres art\u00edsticos, asistente de montaje de exhibici\u00f3n, de registro, catalogaci\u00f3n y conservaci\u00f3n de colecciones, en distintas instituciones, tanto en Puerto Rico como en Espa\u00f1a. Sus \u00e1reas de inter\u00e9s y estudio son el modernismo, las artes decorativas, y los accesorios de adorno e indumentaria decimon\u00f3nica occidental y puertorrique\u00f1a.<\/span><\/p>\n","protected":false},"excerpt":{"rendered":"<p>Graduada con una maestr\u00eda en Historia del Arte de la Universidad de Salamanca (Espa\u00f1a), obtuvo su doctorado en la misma instituci\u00f3n en octubre de 2021. Es egresada de la Universidad de Puerto Rico en Carolina, donde estudi\u00f3 un grado asociado en Dise\u00f1o de Interiores, y de la Universidad de Puerto Rico, Recinto de R\u00edo Piedras, [&#8230;]\n","protected":false},"author":12,"featured_media":0,"parent":0,"menu_order":0,"comment_status":"closed","ping_status":"closed","template":"","meta":{"footnotes":""},"class_list":["post-6008","page","type-page","status-publish","hentry"],"_links":{"self":[{"href":"https:\/\/humanidades.uprrp.edu\/visiondoble\/wp-json\/wp\/v2\/pages\/6008","targetHints":{"allow":["GET"]}}],"collection":[{"href":"https:\/\/humanidades.uprrp.edu\/visiondoble\/wp-json\/wp\/v2\/pages"}],"about":[{"href":"https:\/\/humanidades.uprrp.edu\/visiondoble\/wp-json\/wp\/v2\/types\/page"}],"author":[{"embeddable":true,"href":"https:\/\/humanidades.uprrp.edu\/visiondoble\/wp-json\/wp\/v2\/users\/12"}],"replies":[{"embeddable":true,"href":"https:\/\/humanidades.uprrp.edu\/visiondoble\/wp-json\/wp\/v2\/comments?post=6008"}],"version-history":[{"count":3,"href":"https:\/\/humanidades.uprrp.edu\/visiondoble\/wp-json\/wp\/v2\/pages\/6008\/revisions"}],"predecessor-version":[{"id":6691,"href":"https:\/\/humanidades.uprrp.edu\/visiondoble\/wp-json\/wp\/v2\/pages\/6008\/revisions\/6691"}],"wp:attachment":[{"href":"https:\/\/humanidades.uprrp.edu\/visiondoble\/wp-json\/wp\/v2\/media?parent=6008"}],"curies":[{"name":"wp","href":"https:\/\/api.w.org\/{rel}","templated":true}]}}