{"id":6006,"date":"2022-05-08T22:53:20","date_gmt":"2022-05-09T02:53:20","guid":{"rendered":"http:\/\/humanidades.uprrp.edu\/visiondoble\/?page_id=6006"},"modified":"2022-05-09T01:45:41","modified_gmt":"2022-05-09T05:45:41","slug":"humberto-figueroa","status":"publish","type":"page","link":"https:\/\/humanidades.uprrp.edu\/visiondoble\/humberto-figueroa\/","title":{"rendered":"Humberto Figueroa"},"content":{"rendered":"<p style=\"text-align: justify;\"><span style=\"font-size: 110%;\"><img loading=\"lazy\" decoding=\"async\" class=\"size-thumbnail wp-image-2287 alignleft\" src=\"https:\/\/humanidades.uprrp.edu\/visiondoble\/wp-content\/uploads\/2020\/08\/Humberto-150x150.jpg\" alt=\"\" width=\"150\" height=\"150\" srcset=\"https:\/\/humanidades.uprrp.edu\/visiondoble\/wp-content\/uploads\/2020\/08\/Humberto-150x150.jpg 150w, https:\/\/humanidades.uprrp.edu\/visiondoble\/wp-content\/uploads\/2020\/08\/Humberto-300x298.jpg 300w, https:\/\/humanidades.uprrp.edu\/visiondoble\/wp-content\/uploads\/2020\/08\/Humberto-768x762.jpg 768w, https:\/\/humanidades.uprrp.edu\/visiondoble\/wp-content\/uploads\/2020\/08\/Humberto-1024x1016.jpg 1024w, https:\/\/humanidades.uprrp.edu\/visiondoble\/wp-content\/uploads\/2020\/08\/Humberto.jpg 1125w\" sizes=\"auto, (max-width: 150px) 100vw, 150px\" \/>Tiene un grado de MFA de Pratt Institute. Ha trabajado en instituciones como el Museo del Barrio, el Departamento de Educaci\u00f3n y en el Instituto de Cultura Puertorrique\u00f1a, y ha sido docente en instituciones como la Escuela de Artes Pl\u00e1sticas de Puerto Rico, la Escuela de Dise\u00f1o de Altos de Chav\u00f3n, la Universidad Interamericana y la Universidad del Sagrado Coraz\u00f3n. Su dilatada experiencia se ha enfocado tambi\u00e9n en la coordinaci\u00f3n, la curadur\u00eda y la museograf\u00eda de exhibiciones de arte para instituciones nacionales y extranjeras, y ha sido director de proyectos de conservaci\u00f3n de importantes colecciones pict\u00f3ricas del ICP y del mural la Plena de Rafael Tufi\u00f1o. Tambi\u00e9n fue director del Museo de Arte Dr. P\u00edo L\u00f3pez Mart\u00ednez de la Universidad de Puerto Rico en Cayey.<\/span><\/p>\n","protected":false},"excerpt":{"rendered":"<p>Tiene un grado de MFA de Pratt Institute. Ha trabajado en instituciones como el Museo del Barrio, el Departamento de Educaci\u00f3n y en el Instituto de Cultura Puertorrique\u00f1a, y ha sido docente en instituciones como la Escuela de Artes Pl\u00e1sticas de Puerto Rico, la Escuela de Dise\u00f1o de Altos de Chav\u00f3n, la Universidad Interamericana y [&#8230;]\n","protected":false},"author":12,"featured_media":0,"parent":0,"menu_order":0,"comment_status":"closed","ping_status":"closed","template":"","meta":{"footnotes":""},"class_list":["post-6006","page","type-page","status-publish","hentry"],"_links":{"self":[{"href":"https:\/\/humanidades.uprrp.edu\/visiondoble\/wp-json\/wp\/v2\/pages\/6006","targetHints":{"allow":["GET"]}}],"collection":[{"href":"https:\/\/humanidades.uprrp.edu\/visiondoble\/wp-json\/wp\/v2\/pages"}],"about":[{"href":"https:\/\/humanidades.uprrp.edu\/visiondoble\/wp-json\/wp\/v2\/types\/page"}],"author":[{"embeddable":true,"href":"https:\/\/humanidades.uprrp.edu\/visiondoble\/wp-json\/wp\/v2\/users\/12"}],"replies":[{"embeddable":true,"href":"https:\/\/humanidades.uprrp.edu\/visiondoble\/wp-json\/wp\/v2\/comments?post=6006"}],"version-history":[{"count":3,"href":"https:\/\/humanidades.uprrp.edu\/visiondoble\/wp-json\/wp\/v2\/pages\/6006\/revisions"}],"predecessor-version":[{"id":6210,"href":"https:\/\/humanidades.uprrp.edu\/visiondoble\/wp-json\/wp\/v2\/pages\/6006\/revisions\/6210"}],"wp:attachment":[{"href":"https:\/\/humanidades.uprrp.edu\/visiondoble\/wp-json\/wp\/v2\/media?parent=6006"}],"curies":[{"name":"wp","href":"https:\/\/api.w.org\/{rel}","templated":true}]}}