{"id":6004,"date":"2022-05-08T22:52:19","date_gmt":"2022-05-09T02:52:19","guid":{"rendered":"http:\/\/humanidades.uprrp.edu\/visiondoble\/?page_id=6004"},"modified":"2025-09-11T14:57:13","modified_gmt":"2025-09-11T18:57:13","slug":"hector-balvaneral-alfaro","status":"publish","type":"page","link":"https:\/\/humanidades.uprrp.edu\/visiondoble\/hector-balvaneral-alfaro\/","title":{"rendered":"H\u00e9ctor Balvanera Alfaro"},"content":{"rendered":"\n<figure class=\"wp-block-image size-full\"><img loading=\"lazy\" decoding=\"async\" width=\"400\" height=\"400\" src=\"https:\/\/humanidades.uprrp.edu\/visiondoble\/wp-content\/uploads\/2025\/09\/hector-b.jpeg\" alt=\"\" class=\"wp-image-6689\" srcset=\"https:\/\/humanidades.uprrp.edu\/visiondoble\/wp-content\/uploads\/2025\/09\/hector-b.jpeg 400w, https:\/\/humanidades.uprrp.edu\/visiondoble\/wp-content\/uploads\/2025\/09\/hector-b-300x300.jpeg 300w, https:\/\/humanidades.uprrp.edu\/visiondoble\/wp-content\/uploads\/2025\/09\/hector-b-150x150.jpeg 150w\" sizes=\"auto, (max-width: 400px) 100vw, 400px\" \/><\/figure>\n\n\n\n<p class=\"has-white-color has-text-color has-link-color wp-elements-274080d2f7dc8709b11fdc3f1911ad86\">[spacer height=\u201d20px\u201d]\n\n\n\n<p style=\"text-align: justify;\"><span style=\"font-size: 110%;\">Graduado de Arquitectura por la Universidad de Guadalajara (M\u00e9xico), pintor autodidacta, artista gr\u00e1fico y creador del blog Ars Iesum. En 2017 obtuvo una Maestr\u00eda en Bienes Culturales de Origen Eclesi\u00e1stico en la Universidad Popular Aut\u00f3noma del Estado de Puebla (M\u00e9xico) y actualmente es candidato doctoral en la Universidad de Coru\u00f1a. Profesionalmente ha colaborado con firmas mexicanas de dise\u00f1o y arquitectura, as\u00ed como en el \u00e1mbito del arte sacro, la asesor\u00eda de proyectos de espacios dedicados a la liturgia, y la gesti\u00f3n de patrimonio cultural en Puerto Rico.\n<\/span><\/p>\n","protected":false},"excerpt":{"rendered":"[spacer height=\u201d20px\u201d] Graduado de Arquitectura por la Universidad de Guadalajara (M\u00e9xico), pintor autodidacta, artista gr\u00e1fico y creador del blog Ars Iesum. En 2017 obtuvo una Maestr\u00eda en Bienes Culturales de Origen Eclesi\u00e1stico en la Universidad Popular Aut\u00f3noma del Estado de Puebla (M\u00e9xico) y actualmente es candidato doctoral en la Universidad de Coru\u00f1a. Profesionalmente ha colaborado [&#8230;]\n","protected":false},"author":12,"featured_media":0,"parent":0,"menu_order":0,"comment_status":"closed","ping_status":"closed","template":"","meta":{"footnotes":""},"class_list":["post-6004","page","type-page","status-publish","hentry"],"_links":{"self":[{"href":"https:\/\/humanidades.uprrp.edu\/visiondoble\/wp-json\/wp\/v2\/pages\/6004","targetHints":{"allow":["GET"]}}],"collection":[{"href":"https:\/\/humanidades.uprrp.edu\/visiondoble\/wp-json\/wp\/v2\/pages"}],"about":[{"href":"https:\/\/humanidades.uprrp.edu\/visiondoble\/wp-json\/wp\/v2\/types\/page"}],"author":[{"embeddable":true,"href":"https:\/\/humanidades.uprrp.edu\/visiondoble\/wp-json\/wp\/v2\/users\/12"}],"replies":[{"embeddable":true,"href":"https:\/\/humanidades.uprrp.edu\/visiondoble\/wp-json\/wp\/v2\/comments?post=6004"}],"version-history":[{"count":3,"href":"https:\/\/humanidades.uprrp.edu\/visiondoble\/wp-json\/wp\/v2\/pages\/6004\/revisions"}],"predecessor-version":[{"id":6690,"href":"https:\/\/humanidades.uprrp.edu\/visiondoble\/wp-json\/wp\/v2\/pages\/6004\/revisions\/6690"}],"wp:attachment":[{"href":"https:\/\/humanidades.uprrp.edu\/visiondoble\/wp-json\/wp\/v2\/media?parent=6004"}],"curies":[{"name":"wp","href":"https:\/\/api.w.org\/{rel}","templated":true}]}}