{"id":5999,"date":"2022-05-08T22:49:40","date_gmt":"2022-05-09T02:49:40","guid":{"rendered":"http:\/\/humanidades.uprrp.edu\/visiondoble\/?page_id=5999"},"modified":"2022-05-08T22:49:40","modified_gmt":"2022-05-09T02:49:40","slug":"glorilis-ortiz","status":"publish","type":"page","link":"https:\/\/humanidades.uprrp.edu\/visiondoble\/glorilis-ortiz\/","title":{"rendered":"Gloril\u00eds Ortiz"},"content":{"rendered":"<p style=\"text-align: justify;\"><span style=\"font-size: 110%;\">Doctora en Historia del Arte por la Universidad de Le\u00f3n (Espa\u00f1a), bajo el Programa &#8220;Las relaciones art\u00edsticas como v\u00eda de intercambio cultural: mecenas, artistas y clientes&#8221;, en el Departamento de Patrimonio Art\u00edstico y Documental. Su tesis doctoral se concentr\u00f3 en &#8220;La relaci\u00f3n entre arquitecto y cliente: Henry Klumb y William Levitt, dos modelos de relaci\u00f3n en la arquitectura dom\u00e9stica de Puerto Rico&#8221;. Ortiz es graduada del Bachillerato en Historia del Arte de la Universidad de Puerto Rico, Recinto de R\u00edo Piedras, en donde imparte clases en la actualidad.<\/span><\/p>\n","protected":false},"excerpt":{"rendered":"<p>Doctora en Historia del Arte por la Universidad de Le\u00f3n (Espa\u00f1a), bajo el Programa &#8220;Las relaciones art\u00edsticas como v\u00eda de intercambio cultural: mecenas, artistas y clientes&#8221;, en el Departamento de Patrimonio Art\u00edstico y Documental. Su tesis doctoral se concentr\u00f3 en &#8220;La relaci\u00f3n entre arquitecto y cliente: Henry Klumb y William Levitt, dos modelos de relaci\u00f3n [&#8230;]\n","protected":false},"author":12,"featured_media":0,"parent":0,"menu_order":0,"comment_status":"closed","ping_status":"closed","template":"","meta":{"footnotes":""},"class_list":["post-5999","page","type-page","status-publish","hentry"],"_links":{"self":[{"href":"https:\/\/humanidades.uprrp.edu\/visiondoble\/wp-json\/wp\/v2\/pages\/5999","targetHints":{"allow":["GET"]}}],"collection":[{"href":"https:\/\/humanidades.uprrp.edu\/visiondoble\/wp-json\/wp\/v2\/pages"}],"about":[{"href":"https:\/\/humanidades.uprrp.edu\/visiondoble\/wp-json\/wp\/v2\/types\/page"}],"author":[{"embeddable":true,"href":"https:\/\/humanidades.uprrp.edu\/visiondoble\/wp-json\/wp\/v2\/users\/12"}],"replies":[{"embeddable":true,"href":"https:\/\/humanidades.uprrp.edu\/visiondoble\/wp-json\/wp\/v2\/comments?post=5999"}],"version-history":[{"count":1,"href":"https:\/\/humanidades.uprrp.edu\/visiondoble\/wp-json\/wp\/v2\/pages\/5999\/revisions"}],"predecessor-version":[{"id":6000,"href":"https:\/\/humanidades.uprrp.edu\/visiondoble\/wp-json\/wp\/v2\/pages\/5999\/revisions\/6000"}],"wp:attachment":[{"href":"https:\/\/humanidades.uprrp.edu\/visiondoble\/wp-json\/wp\/v2\/media?parent=5999"}],"curies":[{"name":"wp","href":"https:\/\/api.w.org\/{rel}","templated":true}]}}