{"id":5988,"date":"2022-05-08T22:41:02","date_gmt":"2022-05-09T02:41:02","guid":{"rendered":"http:\/\/humanidades.uprrp.edu\/visiondoble\/?page_id=5988"},"modified":"2022-05-08T22:41:02","modified_gmt":"2022-05-09T02:41:02","slug":"emmanuel-torres","status":"publish","type":"page","link":"https:\/\/humanidades.uprrp.edu\/visiondoble\/emmanuel-torres\/","title":{"rendered":"Emmanuel Torres"},"content":{"rendered":"<p style=\"text-align: justify;\"><span style=\"font-size: 110%;\">Graduado de un Bachillerato en Bellas Artes de la Universidad de Puerto Rico &#8211; Recinto de R\u00edo Piedras. Su producci\u00f3n art\u00edstica se concentra en disciplinas que van desde el grabado, la pintura, el performance a la m\u00fasica y el sonido. Ha protagonizado tres exhibiciones individuales, en Thomas Center Galleries (Florida), El cuadrado Gris (San Juan), y la Galer\u00eda 209 de la UPR R\u00edo Piedras. Cuenta con varias participaciones internacionales en Jap\u00f3n, San Francisco, California y Gainesville, Florida.<\/span><\/p>\n","protected":false},"excerpt":{"rendered":"<p>Graduado de un Bachillerato en Bellas Artes de la Universidad de Puerto Rico &#8211; Recinto de R\u00edo Piedras. Su producci\u00f3n art\u00edstica se concentra en disciplinas que van desde el grabado, la pintura, el performance a la m\u00fasica y el sonido. Ha protagonizado tres exhibiciones individuales, en Thomas Center Galleries (Florida), El cuadrado Gris (San Juan), [&#8230;]\n","protected":false},"author":12,"featured_media":0,"parent":0,"menu_order":0,"comment_status":"closed","ping_status":"closed","template":"","meta":{"footnotes":""},"class_list":["post-5988","page","type-page","status-publish","hentry"],"_links":{"self":[{"href":"https:\/\/humanidades.uprrp.edu\/visiondoble\/wp-json\/wp\/v2\/pages\/5988","targetHints":{"allow":["GET"]}}],"collection":[{"href":"https:\/\/humanidades.uprrp.edu\/visiondoble\/wp-json\/wp\/v2\/pages"}],"about":[{"href":"https:\/\/humanidades.uprrp.edu\/visiondoble\/wp-json\/wp\/v2\/types\/page"}],"author":[{"embeddable":true,"href":"https:\/\/humanidades.uprrp.edu\/visiondoble\/wp-json\/wp\/v2\/users\/12"}],"replies":[{"embeddable":true,"href":"https:\/\/humanidades.uprrp.edu\/visiondoble\/wp-json\/wp\/v2\/comments?post=5988"}],"version-history":[{"count":1,"href":"https:\/\/humanidades.uprrp.edu\/visiondoble\/wp-json\/wp\/v2\/pages\/5988\/revisions"}],"predecessor-version":[{"id":5989,"href":"https:\/\/humanidades.uprrp.edu\/visiondoble\/wp-json\/wp\/v2\/pages\/5988\/revisions\/5989"}],"wp:attachment":[{"href":"https:\/\/humanidades.uprrp.edu\/visiondoble\/wp-json\/wp\/v2\/media?parent=5988"}],"curies":[{"name":"wp","href":"https:\/\/api.w.org\/{rel}","templated":true}]}}