{"id":5984,"date":"2022-05-08T22:38:57","date_gmt":"2022-05-09T02:38:57","guid":{"rendered":"http:\/\/humanidades.uprrp.edu\/visiondoble\/?page_id=5984"},"modified":"2022-05-09T01:32:03","modified_gmt":"2022-05-09T05:32:03","slug":"emilia-quinones-otal","status":"publish","type":"page","link":"https:\/\/humanidades.uprrp.edu\/visiondoble\/emilia-quinones-otal\/","title":{"rendered":"Emilia Qui\u00f1ones Otal"},"content":{"rendered":"<p style=\"text-align: justify;\"><span style=\"font-size: 110%;\"><img loading=\"lazy\" decoding=\"async\" class=\"size-thumbnail wp-image-2068 alignleft\" src=\"https:\/\/humanidades.uprrp.edu\/visiondoble\/wp-content\/uploads\/2020\/04\/Emilia-e1586015826517-150x150.jpg\" alt=\"\" width=\"150\" height=\"150\" \/>Emilia Qui\u00f1ones Otal (1986) es Catedr\u00e1tica Auxiliar de Historia del Arte en la Universidad de Puerto Rico, Recinto Universitario de Mayag\u00fcez, y curadora de arte. Tiene un doctorado en Historia del Arte, con concentraci\u00f3n en arte contempor\u00e1neo latinoamericano, de la Universidad de Valencia en Espa\u00f1a (2014). Sus propuestas curatoriales han sido exhibidas en espacios como MUSA (Museo de Arte del RUM), \u00c1rea: Lugar de Proyectos, La Casa de los Contrafuertes, y La Universidad Polit\u00e9cnica de Valencia, entre otros. Publica regularmente en columnas culturales. Entre sus ensayos se encuentran tambi\u00e9n cat\u00e1logos de exposiciones y art\u00edculos en revistas acad\u00e9micas, destacando el libro Legado y contemporaneidad: La herencia art\u00edstica del RUM, que acompa\u00f1\u00f3 a la exposici\u00f3n hom\u00f3nima en el MUSA y el art\u00edculo &#8220;Women\u2019s Bodies as Dominated Territories\u2026\u201d, publicado en la revista Arte, Individuo y Sociedad.<\/span><\/p>\n","protected":false},"excerpt":{"rendered":"<p>Emilia Qui\u00f1ones Otal (1986) es Catedr\u00e1tica Auxiliar de Historia del Arte en la Universidad de Puerto Rico, Recinto Universitario de Mayag\u00fcez, y curadora de arte. Tiene un doctorado en Historia del Arte, con concentraci\u00f3n en arte contempor\u00e1neo latinoamericano, de la Universidad de Valencia en Espa\u00f1a (2014). Sus propuestas curatoriales han sido exhibidas en espacios como [&#8230;]\n","protected":false},"author":12,"featured_media":0,"parent":0,"menu_order":0,"comment_status":"closed","ping_status":"closed","template":"","meta":{"footnotes":""},"class_list":["post-5984","page","type-page","status-publish","hentry"],"_links":{"self":[{"href":"https:\/\/humanidades.uprrp.edu\/visiondoble\/wp-json\/wp\/v2\/pages\/5984","targetHints":{"allow":["GET"]}}],"collection":[{"href":"https:\/\/humanidades.uprrp.edu\/visiondoble\/wp-json\/wp\/v2\/pages"}],"about":[{"href":"https:\/\/humanidades.uprrp.edu\/visiondoble\/wp-json\/wp\/v2\/types\/page"}],"author":[{"embeddable":true,"href":"https:\/\/humanidades.uprrp.edu\/visiondoble\/wp-json\/wp\/v2\/users\/12"}],"replies":[{"embeddable":true,"href":"https:\/\/humanidades.uprrp.edu\/visiondoble\/wp-json\/wp\/v2\/comments?post=5984"}],"version-history":[{"count":2,"href":"https:\/\/humanidades.uprrp.edu\/visiondoble\/wp-json\/wp\/v2\/pages\/5984\/revisions"}],"predecessor-version":[{"id":6201,"href":"https:\/\/humanidades.uprrp.edu\/visiondoble\/wp-json\/wp\/v2\/pages\/5984\/revisions\/6201"}],"wp:attachment":[{"href":"https:\/\/humanidades.uprrp.edu\/visiondoble\/wp-json\/wp\/v2\/media?parent=5984"}],"curies":[{"name":"wp","href":"https:\/\/api.w.org\/{rel}","templated":true}]}}