{"id":5981,"date":"2022-05-08T22:37:29","date_gmt":"2022-05-09T02:37:29","guid":{"rendered":"http:\/\/humanidades.uprrp.edu\/visiondoble\/?page_id=5981"},"modified":"2025-09-11T14:48:11","modified_gmt":"2025-09-11T18:48:11","slug":"eliani-a-parrilla-rodriguez","status":"publish","type":"page","link":"https:\/\/humanidades.uprrp.edu\/visiondoble\/eliani-a-parrilla-rodriguez\/","title":{"rendered":"Eliani A. Parrilla Rodr\u00edguez"},"content":{"rendered":"\n<p style=\"text-align: justify;\"><span style=\"font-size: 110%;\"><img loading=\"lazy\" decoding=\"async\" class=\"size-thumbnail wp-image-1524 alignleft\" src=\"https:\/\/humanidades.uprrp.edu\/visiondoble\/wp-content\/uploads\/2020\/01\/Eliani-150x150.jpg\" alt=\"\" width=\"150\" height=\"150\" \/>Nacida en Gurabo (Puerto Rico), se gradu\u00f3 con un Bachillerato en Bellas Artes con concentraci\u00f3n en Grabado, y una Maestr\u00eda en Gesti\u00f3n y Administraci\u00f3n Cultural de la Universidad de Puerto Rico, Recinto de R\u00edo Piedras, donde ejerci\u00f3 durante a\u00f1os como bibliotecaria. En 2019 obtuvo su Doctorado en Humanidades con especializaci\u00f3n en Teor\u00eda y Cr\u00edtica de Arte, en la Universitat Pompeu Fabra de Barcelona. Ha colaborado en el Archivo General de Puerto Rico y en el Programa Educativo del Museo de Arte Contempor\u00e1neo de Puerto Rico. Sus l\u00edneas de investigaci\u00f3n son la teor\u00eda y la cr\u00edtica descolonial del arte, y los estudios visuales latinoamericanos y caribe\u00f1os. En la actualidad es Profesora en el Programa de Estudios Interdisciplinarios de la Facultad de Humanidades del Recinto de R\u00edo Piedras.<\/span><\/p>\n","protected":false},"excerpt":{"rendered":"<p>Nacida en Gurabo (Puerto Rico), se gradu\u00f3 con un Bachillerato en Bellas Artes con concentraci\u00f3n en Grabado, y una Maestr\u00eda en Gesti\u00f3n y Administraci\u00f3n Cultural de la Universidad de Puerto Rico, Recinto de R\u00edo Piedras, donde ejerci\u00f3 durante a\u00f1os como bibliotecaria. En 2019 obtuvo su Doctorado en Humanidades con especializaci\u00f3n en Teor\u00eda y Cr\u00edtica de [&#8230;]\n","protected":false},"author":12,"featured_media":0,"parent":0,"menu_order":0,"comment_status":"closed","ping_status":"closed","template":"","meta":{"footnotes":""},"class_list":["post-5981","page","type-page","status-publish","hentry"],"_links":{"self":[{"href":"https:\/\/humanidades.uprrp.edu\/visiondoble\/wp-json\/wp\/v2\/pages\/5981","targetHints":{"allow":["GET"]}}],"collection":[{"href":"https:\/\/humanidades.uprrp.edu\/visiondoble\/wp-json\/wp\/v2\/pages"}],"about":[{"href":"https:\/\/humanidades.uprrp.edu\/visiondoble\/wp-json\/wp\/v2\/types\/page"}],"author":[{"embeddable":true,"href":"https:\/\/humanidades.uprrp.edu\/visiondoble\/wp-json\/wp\/v2\/users\/12"}],"replies":[{"embeddable":true,"href":"https:\/\/humanidades.uprrp.edu\/visiondoble\/wp-json\/wp\/v2\/comments?post=5981"}],"version-history":[{"count":3,"href":"https:\/\/humanidades.uprrp.edu\/visiondoble\/wp-json\/wp\/v2\/pages\/5981\/revisions"}],"predecessor-version":[{"id":6684,"href":"https:\/\/humanidades.uprrp.edu\/visiondoble\/wp-json\/wp\/v2\/pages\/5981\/revisions\/6684"}],"wp:attachment":[{"href":"https:\/\/humanidades.uprrp.edu\/visiondoble\/wp-json\/wp\/v2\/media?parent=5981"}],"curies":[{"name":"wp","href":"https:\/\/api.w.org\/{rel}","templated":true}]}}