{"id":5979,"date":"2022-05-08T22:36:27","date_gmt":"2022-05-09T02:36:27","guid":{"rendered":"http:\/\/humanidades.uprrp.edu\/visiondoble\/?page_id=5979"},"modified":"2025-09-11T14:46:43","modified_gmt":"2025-09-11T18:46:43","slug":"enrique-olivares","status":"publish","type":"page","link":"https:\/\/humanidades.uprrp.edu\/visiondoble\/enrique-olivares\/","title":{"rendered":"Enrique Olivares"},"content":{"rendered":"\n<p style=\"text-align: justify;\"><span style=\"font-size: 110%;\">Egresado de la Universidad de Puerto Rico \u2013 Recinto de R\u00edo Piedras, con un Bachillerato y una Maestr\u00eda en Literatura en Ingl\u00e9s. Su tesis Ut Pictura Poesis: Dante Gabriel and the Double Work of Art fue galardonada con el premio Thomas Sullivan a la investigaci\u00f3n excepcional en arte y literatura brit\u00e1nica del siglo XIX. En 2013 present\u00f3 sus investigaciones en la conferencia internacional Pre-Raphaelitism: Past, Present, and Future, en Oxford Brooks University. Ha trabajado como profesor asociado en el Recinto de R\u00edo Piedras y de Bayam\u00f3n de la UPR, como asistente de investigaci\u00f3n en la colecci\u00f3n prerrafaelita del Museo de Arte de Ponce y como curador asistente en la galer\u00eda Mondo Bizarro. Adem\u00e1s de acad\u00e9mico, homme de lettres, bon vivant y dandy, Enrique Olivares toca la guitarra para la agrupaci\u00f3n de rock Los Manglers.\n<\/span><\/p>\n","protected":false},"excerpt":{"rendered":"<p>Egresado de la Universidad de Puerto Rico \u2013 Recinto de R\u00edo Piedras, con un Bachillerato y una Maestr\u00eda en Literatura en Ingl\u00e9s. Su tesis Ut Pictura Poesis: Dante Gabriel and the Double Work of Art fue galardonada con el premio Thomas Sullivan a la investigaci\u00f3n excepcional en arte y literatura brit\u00e1nica del siglo XIX. En [&#8230;]\n","protected":false},"author":12,"featured_media":0,"parent":0,"menu_order":0,"comment_status":"closed","ping_status":"closed","template":"","meta":{"footnotes":""},"class_list":["post-5979","page","type-page","status-publish","hentry"],"_links":{"self":[{"href":"https:\/\/humanidades.uprrp.edu\/visiondoble\/wp-json\/wp\/v2\/pages\/5979","targetHints":{"allow":["GET"]}}],"collection":[{"href":"https:\/\/humanidades.uprrp.edu\/visiondoble\/wp-json\/wp\/v2\/pages"}],"about":[{"href":"https:\/\/humanidades.uprrp.edu\/visiondoble\/wp-json\/wp\/v2\/types\/page"}],"author":[{"embeddable":true,"href":"https:\/\/humanidades.uprrp.edu\/visiondoble\/wp-json\/wp\/v2\/users\/12"}],"replies":[{"embeddable":true,"href":"https:\/\/humanidades.uprrp.edu\/visiondoble\/wp-json\/wp\/v2\/comments?post=5979"}],"version-history":[{"count":2,"href":"https:\/\/humanidades.uprrp.edu\/visiondoble\/wp-json\/wp\/v2\/pages\/5979\/revisions"}],"predecessor-version":[{"id":6683,"href":"https:\/\/humanidades.uprrp.edu\/visiondoble\/wp-json\/wp\/v2\/pages\/5979\/revisions\/6683"}],"wp:attachment":[{"href":"https:\/\/humanidades.uprrp.edu\/visiondoble\/wp-json\/wp\/v2\/media?parent=5979"}],"curies":[{"name":"wp","href":"https:\/\/api.w.org\/{rel}","templated":true}]}}