{"id":5974,"date":"2022-05-08T22:34:16","date_gmt":"2022-05-09T02:34:16","guid":{"rendered":"http:\/\/humanidades.uprrp.edu\/visiondoble\/?page_id=5974"},"modified":"2022-05-08T22:34:16","modified_gmt":"2022-05-09T02:34:16","slug":"elsa-maria-melendez","status":"publish","type":"page","link":"https:\/\/humanidades.uprrp.edu\/visiondoble\/elsa-maria-melendez\/","title":{"rendered":"Elsa Mar\u00eda Mel\u00e9ndez"},"content":{"rendered":"<p style=\"text-align: justify;\"><span style=\"font-size: 110%;\">Artista, dise\u00f1adora de exposiciones y Curadora del Museo de Arte de Caguas. Desde 1998 ha dise\u00f1ado y curado m\u00e1s de cuarenta exposiciones. En 2011 cofund\u00f3 Metro: plataformaorganizada, en San Juan. Integra el Comit\u00e9 Organizador de la Bienal de la Escultura en Concreto de Caguas. Posee un bachiller Magna Cum Laude en Bellas Artes de la Universidad de Puerto Rico-Recinto de R\u00edo Piedras, y ha realizado estudios libres en curadur\u00eda y museograf\u00eda del Smithsonian Center for Education Museum Studies, en Washington D.C., y del Museo y Centro de Estudios Human\u00edsticos de la Universidad del Turabo, entre otros. Ha expuesto en individuales y colectivas en Puerto Rico, Estados Unidos, Europa y El Caribe.<\/span><\/p>\n","protected":false},"excerpt":{"rendered":"<p>Artista, dise\u00f1adora de exposiciones y Curadora del Museo de Arte de Caguas. Desde 1998 ha dise\u00f1ado y curado m\u00e1s de cuarenta exposiciones. En 2011 cofund\u00f3 Metro: plataformaorganizada, en San Juan. Integra el Comit\u00e9 Organizador de la Bienal de la Escultura en Concreto de Caguas. Posee un bachiller Magna Cum Laude en Bellas Artes de la [&#8230;]\n","protected":false},"author":12,"featured_media":0,"parent":0,"menu_order":0,"comment_status":"closed","ping_status":"closed","template":"","meta":{"footnotes":""},"class_list":["post-5974","page","type-page","status-publish","hentry"],"_links":{"self":[{"href":"https:\/\/humanidades.uprrp.edu\/visiondoble\/wp-json\/wp\/v2\/pages\/5974","targetHints":{"allow":["GET"]}}],"collection":[{"href":"https:\/\/humanidades.uprrp.edu\/visiondoble\/wp-json\/wp\/v2\/pages"}],"about":[{"href":"https:\/\/humanidades.uprrp.edu\/visiondoble\/wp-json\/wp\/v2\/types\/page"}],"author":[{"embeddable":true,"href":"https:\/\/humanidades.uprrp.edu\/visiondoble\/wp-json\/wp\/v2\/users\/12"}],"replies":[{"embeddable":true,"href":"https:\/\/humanidades.uprrp.edu\/visiondoble\/wp-json\/wp\/v2\/comments?post=5974"}],"version-history":[{"count":1,"href":"https:\/\/humanidades.uprrp.edu\/visiondoble\/wp-json\/wp\/v2\/pages\/5974\/revisions"}],"predecessor-version":[{"id":5975,"href":"https:\/\/humanidades.uprrp.edu\/visiondoble\/wp-json\/wp\/v2\/pages\/5974\/revisions\/5975"}],"wp:attachment":[{"href":"https:\/\/humanidades.uprrp.edu\/visiondoble\/wp-json\/wp\/v2\/media?parent=5974"}],"curies":[{"name":"wp","href":"https:\/\/api.w.org\/{rel}","templated":true}]}}