{"id":5970,"date":"2022-05-08T22:31:36","date_gmt":"2022-05-09T02:31:36","guid":{"rendered":"http:\/\/humanidades.uprrp.edu\/visiondoble\/?page_id=5970"},"modified":"2022-05-09T01:21:59","modified_gmt":"2022-05-09T05:21:59","slug":"etienne-helmer","status":"publish","type":"page","link":"https:\/\/humanidades.uprrp.edu\/visiondoble\/etienne-helmer\/","title":{"rendered":"\u00c9tienne Helmer"},"content":{"rendered":"<p style=\"text-align: justify;\"><span style=\"font-size: 110%;\"><img loading=\"lazy\" decoding=\"async\" class=\"size-thumbnail wp-image-2592 alignleft\" src=\"https:\/\/humanidades.uprrp.edu\/visiondoble\/wp-content\/uploads\/2020\/10\/thumbnail_PhotoEtienneHelmer-150x150.jpg\" alt=\"\" width=\"150\" height=\"150\" \/>Catedr\u00e1tico del Departamento de Filosof\u00eda de la Universidad de Puerto Rico, Recinto de R\u00edo Piedras. Sus trabajos cient\u00edficos versan sobre aspectos econ\u00f3micos, pol\u00edticos y sociales del mundo antiguo. Tambi\u00e9n investiga en un acercamiento filos\u00f3fico a la fotograf\u00eda. Colabora con el Magazine del Museo del Jeu de Paume (Francia), y entre sus recientes publicaciones, se destacan: Ici et l\u00e0. Une philosophie des lieux (Lagrasse, Verdier, 2019) y Parler la photographie (Par\u00eds, Mix, 2017).<\/span><\/p>\n","protected":false},"excerpt":{"rendered":"<p>Catedr\u00e1tico del Departamento de Filosof\u00eda de la Universidad de Puerto Rico, Recinto de R\u00edo Piedras. Sus trabajos cient\u00edficos versan sobre aspectos econ\u00f3micos, pol\u00edticos y sociales del mundo antiguo. Tambi\u00e9n investiga en un acercamiento filos\u00f3fico a la fotograf\u00eda. Colabora con el Magazine del Museo del Jeu de Paume (Francia), y entre sus recientes publicaciones, se destacan: [&#8230;]\n","protected":false},"author":12,"featured_media":0,"parent":0,"menu_order":0,"comment_status":"closed","ping_status":"closed","template":"","meta":{"footnotes":""},"class_list":["post-5970","page","type-page","status-publish","hentry"],"_links":{"self":[{"href":"https:\/\/humanidades.uprrp.edu\/visiondoble\/wp-json\/wp\/v2\/pages\/5970","targetHints":{"allow":["GET"]}}],"collection":[{"href":"https:\/\/humanidades.uprrp.edu\/visiondoble\/wp-json\/wp\/v2\/pages"}],"about":[{"href":"https:\/\/humanidades.uprrp.edu\/visiondoble\/wp-json\/wp\/v2\/types\/page"}],"author":[{"embeddable":true,"href":"https:\/\/humanidades.uprrp.edu\/visiondoble\/wp-json\/wp\/v2\/users\/12"}],"replies":[{"embeddable":true,"href":"https:\/\/humanidades.uprrp.edu\/visiondoble\/wp-json\/wp\/v2\/comments?post=5970"}],"version-history":[{"count":2,"href":"https:\/\/humanidades.uprrp.edu\/visiondoble\/wp-json\/wp\/v2\/pages\/5970\/revisions"}],"predecessor-version":[{"id":6196,"href":"https:\/\/humanidades.uprrp.edu\/visiondoble\/wp-json\/wp\/v2\/pages\/5970\/revisions\/6196"}],"wp:attachment":[{"href":"https:\/\/humanidades.uprrp.edu\/visiondoble\/wp-json\/wp\/v2\/media?parent=5970"}],"curies":[{"name":"wp","href":"https:\/\/api.w.org\/{rel}","templated":true}]}}