{"id":5967,"date":"2022-05-08T22:29:51","date_gmt":"2022-05-09T02:29:51","guid":{"rendered":"http:\/\/humanidades.uprrp.edu\/visiondoble\/?page_id=5967"},"modified":"2025-09-10T15:16:48","modified_gmt":"2025-09-10T19:16:48","slug":"daniel-vazquez-sanabria","status":"publish","type":"page","link":"https:\/\/humanidades.uprrp.edu\/visiondoble\/daniel-vazquez-sanabria\/","title":{"rendered":"Daniel V\u00e1zquez Sanabria"},"content":{"rendered":"\n<figure class=\"wp-block-image size-medium\"><img loading=\"lazy\" decoding=\"async\" width=\"240\" height=\"300\" src=\"https:\/\/humanidades.uprrp.edu\/visiondoble\/wp-content\/uploads\/2025\/09\/daniel_vazquez_sanabria-240x300.jpg\" alt=\"\" class=\"wp-image-6673\" srcset=\"https:\/\/humanidades.uprrp.edu\/visiondoble\/wp-content\/uploads\/2025\/09\/daniel_vazquez_sanabria-240x300.jpg 240w, https:\/\/humanidades.uprrp.edu\/visiondoble\/wp-content\/uploads\/2025\/09\/daniel_vazquez_sanabria.jpg 401w\" sizes=\"auto, (max-width: 240px) 100vw, 240px\" \/><\/figure>\n\n\n\n<div class=\"wp-block-group has-white-color has-text-color has-link-color wp-elements-819dc71402bee24f2f6e3137fad44280\"><div class=\"wp-block-group__inner-container is-layout-constrained wp-block-group-is-layout-constrained\">[spacer height=\u201d20px\u201d]\n<\/div><\/div>\n\n\n\n<p style=\"text-align: justify;\"><span style=\"font-size: 110%; alt=\"\" width=\"150\" height=\"150\" \/>En junio de 2021 complet\u00f3 un doble bachillerato en Historia del Arte y de Estudios Puertorrique\u00f1os y Latinos en CUNY \u2013 Brooklyn College, ha realizado investigaciones gracias al Mellon Mays Undergraduate Fellowship, ha sido Curatorial Intern en El Museo del Barrio e investigador asistente en el Metropolitan Museum of Art, en Nueva York. Ha recibido becas para proyectos investigativos en Espa\u00f1a, donde visit\u00f3 el Archivo General de Indias (Sevilla)  y la Biblioteca Nacional de Madrid. Ha investigado la racializaci\u00f3n del j\u00edbaro en su representaci\u00f3n art\u00edstica, y otros temas relacionados con la historia del arte puertorrique\u00f1o contempor\u00e1neo y en la actualidad es candidato doctoral en la Universidad de Texas en Austin.<\/span><\/p>\n","protected":false},"excerpt":{"rendered":"","protected":false},"author":12,"featured_media":0,"parent":0,"menu_order":0,"comment_status":"closed","ping_status":"closed","template":"","meta":{"footnotes":""},"class_list":["post-5967","page","type-page","status-publish","hentry"],"_links":{"self":[{"href":"https:\/\/humanidades.uprrp.edu\/visiondoble\/wp-json\/wp\/v2\/pages\/5967","targetHints":{"allow":["GET"]}}],"collection":[{"href":"https:\/\/humanidades.uprrp.edu\/visiondoble\/wp-json\/wp\/v2\/pages"}],"about":[{"href":"https:\/\/humanidades.uprrp.edu\/visiondoble\/wp-json\/wp\/v2\/types\/page"}],"author":[{"embeddable":true,"href":"https:\/\/humanidades.uprrp.edu\/visiondoble\/wp-json\/wp\/v2\/users\/12"}],"replies":[{"embeddable":true,"href":"https:\/\/humanidades.uprrp.edu\/visiondoble\/wp-json\/wp\/v2\/comments?post=5967"}],"version-history":[{"count":3,"href":"https:\/\/humanidades.uprrp.edu\/visiondoble\/wp-json\/wp\/v2\/pages\/5967\/revisions"}],"predecessor-version":[{"id":6674,"href":"https:\/\/humanidades.uprrp.edu\/visiondoble\/wp-json\/wp\/v2\/pages\/5967\/revisions\/6674"}],"wp:attachment":[{"href":"https:\/\/humanidades.uprrp.edu\/visiondoble\/wp-json\/wp\/v2\/media?parent=5967"}],"curies":[{"name":"wp","href":"https:\/\/api.w.org\/{rel}","templated":true}]}}