{"id":5965,"date":"2022-05-08T22:28:50","date_gmt":"2022-05-09T02:28:50","guid":{"rendered":"http:\/\/humanidades.uprrp.edu\/visiondoble\/?page_id=5965"},"modified":"2025-09-10T15:05:11","modified_gmt":"2025-09-10T19:05:11","slug":"donald-escudero","status":"publish","type":"page","link":"https:\/\/humanidades.uprrp.edu\/visiondoble\/donald-escudero\/","title":{"rendered":"Donald Carlos Escudero Rivera"},"content":{"rendered":"\n<figure class=\"wp-block-image size-medium\"><img loading=\"lazy\" decoding=\"async\" width=\"300\" height=\"300\" src=\"https:\/\/humanidades.uprrp.edu\/visiondoble\/wp-content\/uploads\/2025\/09\/donald-escudero-300x300.jpg\" alt=\"\" class=\"wp-image-6660\" srcset=\"https:\/\/humanidades.uprrp.edu\/visiondoble\/wp-content\/uploads\/2025\/09\/donald-escudero-300x300.jpg 300w, https:\/\/humanidades.uprrp.edu\/visiondoble\/wp-content\/uploads\/2025\/09\/donald-escudero-1024x1024.jpg 1024w, https:\/\/humanidades.uprrp.edu\/visiondoble\/wp-content\/uploads\/2025\/09\/donald-escudero-150x150.jpg 150w, https:\/\/humanidades.uprrp.edu\/visiondoble\/wp-content\/uploads\/2025\/09\/donald-escudero-768x768.jpg 768w, https:\/\/humanidades.uprrp.edu\/visiondoble\/wp-content\/uploads\/2025\/09\/donald-escudero-1536x1536.jpg 1536w, https:\/\/humanidades.uprrp.edu\/visiondoble\/wp-content\/uploads\/2025\/09\/donald-escudero.jpg 2048w\" sizes=\"auto, (max-width: 300px) 100vw, 300px\" \/><\/figure>\n\n\n\n<div class=\"wp-block-group has-white-color has-text-color has-link-color wp-elements-819dc71402bee24f2f6e3137fad44280\"><div class=\"wp-block-group__inner-container is-layout-constrained wp-block-group-is-layout-constrained\">[spacer height=\u201d20px\u201d]\n<\/div><\/div>\n\n\n\n<p style=\"text-align: justify;\"><span style=\"font-size: 110%;\">Graduado de un Bachillerato en Trabajo Social y una Maestr\u00eda en Gesti\u00f3n y Administraci\u00f3n Cultural, ambos de la Universidad de Puerto Rico, Recinto de R\u00edo Piedras. Desde el 2017 colabora como editor de nuestra revista. Posee una certificaci\u00f3n profesional de la Academia de Profesionales de Museos para el Siglo XXI, ofrecida por la Universidad Ana G. M\u00e9ndez, Recinto de Gurabo. Entre el 2011 al 2020 trabaj\u00f3 en el Museo de Historia, Antropolog\u00eda y Arte del mismo recinto como asistente de dise\u00f1o de exhibiciones y curadur\u00eda. Ha sido miembro de la junta de directores de la Alianza de Museos de Puerto Rico desde el 2018, donde ha servido como secretario y vocal. Trabaj\u00f3 como coordinador del programa de equidad cultural MAC en el Barrio del Museo de Arte Contempor\u00e1neo de Puerto Rico y m\u00e1s adelante como coordinador general del proyecto Tiznando el Pa\u00eds: Visualidades y representaciones, auspiciado por la Mellon Foundation. Ha organizado y colaborado en varios proyectos expositivos y ha coordinado varias exposiciones en Puerto Rico, Nueva York y Philadelphia. Actualmente es el director del Museo de Arte (MUSA) de la Universidad de Puerto Rico, Recinto Universitario de Mayag\u00fcez.<\/span><\/p>\n","protected":false},"excerpt":{"rendered":"<p>Graduado de un Bachillerato en Trabajo Social y una Maestr\u00eda en Gesti\u00f3n y Administraci\u00f3n Cultural, ambos de la Universidad de Puerto Rico, Recinto de R\u00edo Piedras. Desde el 2017 colabora como editor de nuestra revista. Posee una certificaci\u00f3n profesional de la Academia de Profesionales de Museos para el Siglo XXI, ofrecida por la Universidad Ana [&#8230;]\n","protected":false},"author":12,"featured_media":0,"parent":0,"menu_order":0,"comment_status":"closed","ping_status":"closed","template":"","meta":{"footnotes":""},"class_list":["post-5965","page","type-page","status-publish","hentry"],"_links":{"self":[{"href":"https:\/\/humanidades.uprrp.edu\/visiondoble\/wp-json\/wp\/v2\/pages\/5965","targetHints":{"allow":["GET"]}}],"collection":[{"href":"https:\/\/humanidades.uprrp.edu\/visiondoble\/wp-json\/wp\/v2\/pages"}],"about":[{"href":"https:\/\/humanidades.uprrp.edu\/visiondoble\/wp-json\/wp\/v2\/types\/page"}],"author":[{"embeddable":true,"href":"https:\/\/humanidades.uprrp.edu\/visiondoble\/wp-json\/wp\/v2\/users\/12"}],"replies":[{"embeddable":true,"href":"https:\/\/humanidades.uprrp.edu\/visiondoble\/wp-json\/wp\/v2\/comments?post=5965"}],"version-history":[{"count":13,"href":"https:\/\/humanidades.uprrp.edu\/visiondoble\/wp-json\/wp\/v2\/pages\/5965\/revisions"}],"predecessor-version":[{"id":6671,"href":"https:\/\/humanidades.uprrp.edu\/visiondoble\/wp-json\/wp\/v2\/pages\/5965\/revisions\/6671"}],"wp:attachment":[{"href":"https:\/\/humanidades.uprrp.edu\/visiondoble\/wp-json\/wp\/v2\/media?parent=5965"}],"curies":[{"name":"wp","href":"https:\/\/api.w.org\/{rel}","templated":true}]}}