{"id":5963,"date":"2022-05-08T22:27:45","date_gmt":"2022-05-09T02:27:45","guid":{"rendered":"http:\/\/humanidades.uprrp.edu\/visiondoble\/?page_id=5963"},"modified":"2022-05-08T22:27:45","modified_gmt":"2022-05-09T02:27:45","slug":"dagmary-olivar","status":"publish","type":"page","link":"https:\/\/humanidades.uprrp.edu\/visiondoble\/dagmary-olivar\/","title":{"rendered":"Dagmary Ol\u00edvar"},"content":{"rendered":"<p style=\"text-align: justify;\"><span style=\"font-size: 110%;\">Investigadora y gestora cultural venezolana radicada en Madrid, es Graduada en Letras por la Universidad Cat\u00f3lica Andr\u00e9s Bello (Caracas) y Doctora en Humanidades, menci\u00f3n Arte y Est\u00e9tica, por la Universidad Carlos III de Madrid, donde tambi\u00e9n estudi\u00f3 la Maestr\u00eda en Gesti\u00f3n Cultural. Es especialista en la obra del cr\u00edtico y te\u00f3rico de arte Juan Acha, siendo unas de sus l\u00edneas de investigaci\u00f3n la historia del arte latinoamericano desde mediados del siglo XX a la actualidad. Asimismo, es socia fundadora de Yo Soy El Otro Asociaci\u00f3n Cultural, entidad no lucrativa cuya misi\u00f3n es la difusi\u00f3n de cultura caribe\u00f1a, en toda su diversidad, en Espa\u00f1a y Europa.<\/span><\/p>\n","protected":false},"excerpt":{"rendered":"<p>Investigadora y gestora cultural venezolana radicada en Madrid, es Graduada en Letras por la Universidad Cat\u00f3lica Andr\u00e9s Bello (Caracas) y Doctora en Humanidades, menci\u00f3n Arte y Est\u00e9tica, por la Universidad Carlos III de Madrid, donde tambi\u00e9n estudi\u00f3 la Maestr\u00eda en Gesti\u00f3n Cultural. Es especialista en la obra del cr\u00edtico y te\u00f3rico de arte Juan Acha, [&#8230;]\n","protected":false},"author":12,"featured_media":0,"parent":0,"menu_order":0,"comment_status":"closed","ping_status":"closed","template":"","meta":{"footnotes":""},"class_list":["post-5963","page","type-page","status-publish","hentry"],"_links":{"self":[{"href":"https:\/\/humanidades.uprrp.edu\/visiondoble\/wp-json\/wp\/v2\/pages\/5963","targetHints":{"allow":["GET"]}}],"collection":[{"href":"https:\/\/humanidades.uprrp.edu\/visiondoble\/wp-json\/wp\/v2\/pages"}],"about":[{"href":"https:\/\/humanidades.uprrp.edu\/visiondoble\/wp-json\/wp\/v2\/types\/page"}],"author":[{"embeddable":true,"href":"https:\/\/humanidades.uprrp.edu\/visiondoble\/wp-json\/wp\/v2\/users\/12"}],"replies":[{"embeddable":true,"href":"https:\/\/humanidades.uprrp.edu\/visiondoble\/wp-json\/wp\/v2\/comments?post=5963"}],"version-history":[{"count":1,"href":"https:\/\/humanidades.uprrp.edu\/visiondoble\/wp-json\/wp\/v2\/pages\/5963\/revisions"}],"predecessor-version":[{"id":5964,"href":"https:\/\/humanidades.uprrp.edu\/visiondoble\/wp-json\/wp\/v2\/pages\/5963\/revisions\/5964"}],"wp:attachment":[{"href":"https:\/\/humanidades.uprrp.edu\/visiondoble\/wp-json\/wp\/v2\/media?parent=5963"}],"curies":[{"name":"wp","href":"https:\/\/api.w.org\/{rel}","templated":true}]}}