{"id":5950,"date":"2022-05-08T22:22:07","date_gmt":"2022-05-09T02:22:07","guid":{"rendered":"http:\/\/humanidades.uprrp.edu\/visiondoble\/?page_id=5950"},"modified":"2025-09-10T14:49:34","modified_gmt":"2025-09-10T18:49:34","slug":"dianne-bras-feliciano","status":"publish","type":"page","link":"https:\/\/humanidades.uprrp.edu\/visiondoble\/dianne-bras-feliciano\/","title":{"rendered":"Dianne Br\u00e1s Feliciano"},"content":{"rendered":"\n<p style=\"text-align: justify;\"><span style=\"font-size: 110%;\"><img loading=\"lazy\" decoding=\"async\" class=\"size-thumbnail wp-image-4926 alignleft\" src=\"https:\/\/humanidades.uprrp.edu\/visiondoble\/wp-content\/uploads\/2021\/04\/dianne-150x150.jpg\" alt=\"\" width=\"150\" height=\"150\" \/>Es doctora en Historia de Puerto Rico y el Caribe, por el Centro de Estudios Avanzados de Puerto Rico y el Caribe. Graduada de un Bachillerato en Ciencias Pol\u00edticas y con una Maestr\u00eda en Gesti\u00f3n y Administraci\u00f3n Cultural, ambas de la Universidad de Puerto Rico \u2013 Recinto de R\u00edo Piedras. Sus intereses curatoriales e investigativos combinan el arte contempor\u00e1neo con los movimientos sociales. Durante m\u00e1s de una d\u00e9cada ha trabajado con colecciones de arte y libros. Ha colaborado con el Museo de Las Am\u00e9ricas y con el espacio cultural Exit Art, en Nueva York. En el pasado se ha desempe\u00f1ado como curadora independiente y registradora de colecciones. En la actualidad sirve como curadora de la organizaci\u00f3n Artis\u2014Naples en N\u00e1poles, Florida.\u00a0<\/span><\/p>\n\n\n\n<p><\/p>\n","protected":false},"excerpt":{"rendered":"<p>Es doctora en Historia de Puerto Rico y el Caribe, por el Centro de Estudios Avanzados de Puerto Rico y el Caribe. Graduada de un Bachillerato en Ciencias Pol\u00edticas y con una Maestr\u00eda en Gesti\u00f3n y Administraci\u00f3n Cultural, ambas de la Universidad de Puerto Rico \u2013 Recinto de R\u00edo Piedras. Sus intereses curatoriales e investigativos [&#8230;]\n","protected":false},"author":12,"featured_media":0,"parent":0,"menu_order":0,"comment_status":"closed","ping_status":"closed","template":"","meta":{"footnotes":""},"class_list":["post-5950","page","type-page","status-publish","hentry"],"_links":{"self":[{"href":"https:\/\/humanidades.uprrp.edu\/visiondoble\/wp-json\/wp\/v2\/pages\/5950","targetHints":{"allow":["GET"]}}],"collection":[{"href":"https:\/\/humanidades.uprrp.edu\/visiondoble\/wp-json\/wp\/v2\/pages"}],"about":[{"href":"https:\/\/humanidades.uprrp.edu\/visiondoble\/wp-json\/wp\/v2\/types\/page"}],"author":[{"embeddable":true,"href":"https:\/\/humanidades.uprrp.edu\/visiondoble\/wp-json\/wp\/v2\/users\/12"}],"replies":[{"embeddable":true,"href":"https:\/\/humanidades.uprrp.edu\/visiondoble\/wp-json\/wp\/v2\/comments?post=5950"}],"version-history":[{"count":3,"href":"https:\/\/humanidades.uprrp.edu\/visiondoble\/wp-json\/wp\/v2\/pages\/5950\/revisions"}],"predecessor-version":[{"id":6655,"href":"https:\/\/humanidades.uprrp.edu\/visiondoble\/wp-json\/wp\/v2\/pages\/5950\/revisions\/6655"}],"wp:attachment":[{"href":"https:\/\/humanidades.uprrp.edu\/visiondoble\/wp-json\/wp\/v2\/media?parent=5950"}],"curies":[{"name":"wp","href":"https:\/\/api.w.org\/{rel}","templated":true}]}}