{"id":5944,"date":"2022-05-08T22:19:17","date_gmt":"2022-05-09T02:19:17","guid":{"rendered":"http:\/\/humanidades.uprrp.edu\/visiondoble\/?page_id=5944"},"modified":"2025-09-10T14:47:57","modified_gmt":"2025-09-10T18:47:57","slug":"carmen-zeta","status":"publish","type":"page","link":"https:\/\/humanidades.uprrp.edu\/visiondoble\/carmen-zeta\/","title":{"rendered":"Carmen Zeta"},"content":{"rendered":"\n<p style=\"text-align: justify;\"><span style=\"font-size: 110%;\">Carmen Zeta es catedr\u00e1tica jubilada de la Universidad de Puerto Rico, Recinto de Humacao, donde imparti\u00f3 cursos en los Departamentos de Espa\u00f1ol y Humanidades. Su libro de cuentos P\u00fablica intimidad (Isla Negra Eds.) se public\u00f3 en 2003. En el mundo del teatro, ha sido actriz y dramaturga, publicando el libro 3 + III x Z (Isla Negra Eds., 2011), que recoge seis de sus piezas. Es tambi\u00e9n artista pl\u00e1stica y posee un Doctorado con concentraci\u00f3n en Literatura Caribe\u00f1a del Centro de Estudios Avanzados de Puerto Rico y el Caribe. Luz, sombra y color en \u201cEl siglo de las luces\u201d (Isla Negra Eds., 2013) es una versi\u00f3n de su disertaci\u00f3n doctoral. En mayo de 2024 fue parte del elenco de La Traici\u00f3n en la Amistad, obra dedicada al fenecido profesor y director Dean Zayas.<\/span><\/p>\n","protected":false},"excerpt":{"rendered":"<p>Carmen Zeta es catedr\u00e1tica jubilada de la Universidad de Puerto Rico, Recinto de Humacao, donde imparti\u00f3 cursos en los Departamentos de Espa\u00f1ol y Humanidades. Su libro de cuentos P\u00fablica intimidad (Isla Negra Eds.) se public\u00f3 en 2003. En el mundo del teatro, ha sido actriz y dramaturga, publicando el libro 3 + III x Z [&#8230;]\n","protected":false},"author":12,"featured_media":0,"parent":0,"menu_order":0,"comment_status":"closed","ping_status":"closed","template":"","meta":{"footnotes":""},"class_list":["post-5944","page","type-page","status-publish","hentry"],"_links":{"self":[{"href":"https:\/\/humanidades.uprrp.edu\/visiondoble\/wp-json\/wp\/v2\/pages\/5944","targetHints":{"allow":["GET"]}}],"collection":[{"href":"https:\/\/humanidades.uprrp.edu\/visiondoble\/wp-json\/wp\/v2\/pages"}],"about":[{"href":"https:\/\/humanidades.uprrp.edu\/visiondoble\/wp-json\/wp\/v2\/types\/page"}],"author":[{"embeddable":true,"href":"https:\/\/humanidades.uprrp.edu\/visiondoble\/wp-json\/wp\/v2\/users\/12"}],"replies":[{"embeddable":true,"href":"https:\/\/humanidades.uprrp.edu\/visiondoble\/wp-json\/wp\/v2\/comments?post=5944"}],"version-history":[{"count":2,"href":"https:\/\/humanidades.uprrp.edu\/visiondoble\/wp-json\/wp\/v2\/pages\/5944\/revisions"}],"predecessor-version":[{"id":6653,"href":"https:\/\/humanidades.uprrp.edu\/visiondoble\/wp-json\/wp\/v2\/pages\/5944\/revisions\/6653"}],"wp:attachment":[{"href":"https:\/\/humanidades.uprrp.edu\/visiondoble\/wp-json\/wp\/v2\/media?parent=5944"}],"curies":[{"name":"wp","href":"https:\/\/api.w.org\/{rel}","templated":true}]}}