{"id":5931,"date":"2022-05-08T22:09:36","date_gmt":"2022-05-09T02:09:36","guid":{"rendered":"http:\/\/humanidades.uprrp.edu\/visiondoble\/?page_id=5931"},"modified":"2023-04-21T10:04:17","modified_gmt":"2023-04-21T14:04:17","slug":"carlos-ortiz-burgos","status":"publish","type":"page","link":"https:\/\/humanidades.uprrp.edu\/visiondoble\/carlos-ortiz-burgos\/","title":{"rendered":"Carlos Ortiz Burgos"},"content":{"rendered":"<p style=\"text-align: justify;\"><span style=\"font-size: 110%;\"><a href=\"https:\/\/humanidades.uprrp.edu\/visiondoble\/wp-content\/uploads\/2023\/04\/Retrato-COB.jpg\"><img loading=\"lazy\" decoding=\"async\" class=\"size-thumbnail wp-image-6327 alignleft\" src=\"https:\/\/humanidades.uprrp.edu\/visiondoble\/wp-content\/uploads\/2023\/04\/Retrato-COB-150x150.jpg\" alt=\"\" width=\"150\" height=\"150\" \/><\/a>Egresado del Programa de Historia del Arte de la Universidad de Puerto Rico (UPR), curs\u00f3 su maestr\u00eda en la Florida State University. Ha presentado investigaciones en simposios celebrados por el Museo de Arte de Ponce, la Universidad de Costa Rica y la Durham University. Ha sido Coordinador General de la arte_FITS.FOUNDATION y Curador del proyecto Tiznando el Pa\u00eds: Visualidades y Representaciones. Reconocido con una menci\u00f3n honor\u00edfica en el primer Certamen de J\u00f3venes Cr\u00edticos de la Asociaci\u00f3n Internacional de Cr\u00edticos de Arte, Cap\u00edtulo de Puerto Rico, actualmente es miembro de esta organizaci\u00f3n. Fund\u00f3 la publicaci\u00f3n subgraduada Puntos de Fuga y ha publicado ensayos y cr\u00edticas en plataformas como el peri\u00f3dico Claridad, la Revista del Instituto de Cultura Puertorrique\u00f1a, y la revista Arte y Pol\u00edticas de Identidad, de la Universidad de Murcia. En la actualidad es estudiante doctoral de la City University of New York.<\/span><\/p>\n","protected":false},"excerpt":{"rendered":"<p>Egresado del Programa de Historia del Arte de la Universidad de Puerto Rico (UPR), curs\u00f3 su maestr\u00eda en la Florida State University. Ha presentado investigaciones en simposios celebrados por el Museo de Arte de Ponce, la Universidad de Costa Rica y la Durham University. Ha sido Coordinador General de la arte_FITS.FOUNDATION y Curador del proyecto [&#8230;]\n","protected":false},"author":12,"featured_media":0,"parent":0,"menu_order":0,"comment_status":"closed","ping_status":"closed","template":"","meta":{"footnotes":""},"class_list":["post-5931","page","type-page","status-publish","hentry"],"_links":{"self":[{"href":"https:\/\/humanidades.uprrp.edu\/visiondoble\/wp-json\/wp\/v2\/pages\/5931","targetHints":{"allow":["GET"]}}],"collection":[{"href":"https:\/\/humanidades.uprrp.edu\/visiondoble\/wp-json\/wp\/v2\/pages"}],"about":[{"href":"https:\/\/humanidades.uprrp.edu\/visiondoble\/wp-json\/wp\/v2\/types\/page"}],"author":[{"embeddable":true,"href":"https:\/\/humanidades.uprrp.edu\/visiondoble\/wp-json\/wp\/v2\/users\/12"}],"replies":[{"embeddable":true,"href":"https:\/\/humanidades.uprrp.edu\/visiondoble\/wp-json\/wp\/v2\/comments?post=5931"}],"version-history":[{"count":4,"href":"https:\/\/humanidades.uprrp.edu\/visiondoble\/wp-json\/wp\/v2\/pages\/5931\/revisions"}],"predecessor-version":[{"id":6328,"href":"https:\/\/humanidades.uprrp.edu\/visiondoble\/wp-json\/wp\/v2\/pages\/5931\/revisions\/6328"}],"wp:attachment":[{"href":"https:\/\/humanidades.uprrp.edu\/visiondoble\/wp-json\/wp\/v2\/media?parent=5931"}],"curies":[{"name":"wp","href":"https:\/\/api.w.org\/{rel}","templated":true}]}}