{"id":5928,"date":"2022-05-08T22:07:29","date_gmt":"2022-05-09T02:07:29","guid":{"rendered":"http:\/\/humanidades.uprrp.edu\/visiondoble\/?page_id=5928"},"modified":"2022-05-08T22:07:29","modified_gmt":"2022-05-09T02:07:29","slug":"carlos-martinez-palmer","status":"publish","type":"page","link":"https:\/\/humanidades.uprrp.edu\/visiondoble\/carlos-martinez-palmer\/","title":{"rendered":"Carlos Mart\u00ednez Palmer"},"content":{"rendered":"<p style=\"text-align: justify;\"><span style=\"font-size: 110%;\">Se ha desempe\u00f1ado como especialista en museos para el Instituto de Cultura Puertorrique\u00f1a y el Smithsonian Institution. Ha impartido cursos de comunicaci\u00f3n visual en instituciones acad\u00e9micas como la Escuela de Artes Pl\u00e1sticas de Puerto Rico, el Instituto Tecnol\u00f3gico de Monterrey y la Escuela de Dise\u00f1o de Altos de Chav\u00f3n. Ha publicado art\u00edculos sobre dise\u00f1o, fotograf\u00eda, museograf\u00eda y propaganda pol\u00edtica en revistas acad\u00e9micas y en la prensa. Como parte de sus investigaciones, ha realizado an\u00e1lisis antropol\u00f3gico y exploraciones pict\u00f3ricas del arte aborigen en la cuenca del Caribe, utilizando perspectivas te\u00f3ricas de disciplinas como la historia del arte, los estudios visuales y la psicolog\u00eda.<\/span><\/p>\n","protected":false},"excerpt":{"rendered":"<p>Se ha desempe\u00f1ado como especialista en museos para el Instituto de Cultura Puertorrique\u00f1a y el Smithsonian Institution. Ha impartido cursos de comunicaci\u00f3n visual en instituciones acad\u00e9micas como la Escuela de Artes Pl\u00e1sticas de Puerto Rico, el Instituto Tecnol\u00f3gico de Monterrey y la Escuela de Dise\u00f1o de Altos de Chav\u00f3n. Ha publicado art\u00edculos sobre dise\u00f1o, fotograf\u00eda, [&#8230;]\n","protected":false},"author":12,"featured_media":0,"parent":0,"menu_order":0,"comment_status":"closed","ping_status":"closed","template":"","meta":{"footnotes":""},"class_list":["post-5928","page","type-page","status-publish","hentry"],"_links":{"self":[{"href":"https:\/\/humanidades.uprrp.edu\/visiondoble\/wp-json\/wp\/v2\/pages\/5928","targetHints":{"allow":["GET"]}}],"collection":[{"href":"https:\/\/humanidades.uprrp.edu\/visiondoble\/wp-json\/wp\/v2\/pages"}],"about":[{"href":"https:\/\/humanidades.uprrp.edu\/visiondoble\/wp-json\/wp\/v2\/types\/page"}],"author":[{"embeddable":true,"href":"https:\/\/humanidades.uprrp.edu\/visiondoble\/wp-json\/wp\/v2\/users\/12"}],"replies":[{"embeddable":true,"href":"https:\/\/humanidades.uprrp.edu\/visiondoble\/wp-json\/wp\/v2\/comments?post=5928"}],"version-history":[{"count":1,"href":"https:\/\/humanidades.uprrp.edu\/visiondoble\/wp-json\/wp\/v2\/pages\/5928\/revisions"}],"predecessor-version":[{"id":5929,"href":"https:\/\/humanidades.uprrp.edu\/visiondoble\/wp-json\/wp\/v2\/pages\/5928\/revisions\/5929"}],"wp:attachment":[{"href":"https:\/\/humanidades.uprrp.edu\/visiondoble\/wp-json\/wp\/v2\/media?parent=5928"}],"curies":[{"name":"wp","href":"https:\/\/api.w.org\/{rel}","templated":true}]}}