{"id":5926,"date":"2022-05-08T22:06:09","date_gmt":"2022-05-09T02:06:09","guid":{"rendered":"http:\/\/humanidades.uprrp.edu\/visiondoble\/?page_id=5926"},"modified":"2025-09-10T14:31:17","modified_gmt":"2025-09-10T18:31:17","slug":"cheryl-hartup","status":"publish","type":"page","link":"https:\/\/humanidades.uprrp.edu\/visiondoble\/cheryl-hartup\/","title":{"rendered":"Cheryl Hartup"},"content":{"rendered":"\n<figure class=\"wp-block-image size-medium\"><img loading=\"lazy\" decoding=\"async\" width=\"300\" height=\"200\" src=\"https:\/\/humanidades.uprrp.edu\/visiondoble\/wp-content\/uploads\/2025\/09\/cheryl-hartup-300x200.jpg\" alt=\"\" class=\"wp-image-6649\" srcset=\"https:\/\/humanidades.uprrp.edu\/visiondoble\/wp-content\/uploads\/2025\/09\/cheryl-hartup-300x200.jpg 300w, https:\/\/humanidades.uprrp.edu\/visiondoble\/wp-content\/uploads\/2025\/09\/cheryl-hartup-1024x683.jpg 1024w, https:\/\/humanidades.uprrp.edu\/visiondoble\/wp-content\/uploads\/2025\/09\/cheryl-hartup-768x512.jpg 768w, https:\/\/humanidades.uprrp.edu\/visiondoble\/wp-content\/uploads\/2025\/09\/cheryl-hartup-1536x1024.jpg 1536w, https:\/\/humanidades.uprrp.edu\/visiondoble\/wp-content\/uploads\/2025\/09\/cheryl-hartup-2048x1366.jpg 2048w\" sizes=\"auto, (max-width: 300px) 100vw, 300px\" \/><\/figure>\n\n\n\n<div class=\"wp-block-group has-white-color has-text-color has-link-color wp-elements-819dc71402bee24f2f6e3137fad44280\"><div class=\"wp-block-group__inner-container is-layout-constrained wp-block-group-is-layout-constrained\">[spacer height=\u201d20px\u201d]\n<\/div><\/div>\n\n\n\n<p style=\"text-align: justify;\"><span style=\"font-size: 110%;\">Curadora independiente, escritora y conferenciante especializada en arte, Cheryl Hartup obtuvo un M.A. en Historia del Arte en The University of Texas, en Austin, y un M.A. en Estudios Latinoamericanos y del Caribe, junto a un Certificado en Estudios en Museos, por The University of New York. Entre 2005 y 2012 fue Curadora Jefe del Museo de Arte de Ponce. Anteriormente, desempe\u00f1\u00f3 diferentes posiciones curatoriales en The Miami Art Museum, The Dallas Museum of Art, as\u00ed como en The Museum of Contemporary Hispanic Art, en New York City. Adem\u00e1s de Visi\u00f3n Doble, Hartup es tambi\u00e9n colaboradora en la publicaci\u00f3n ArtNexus. De 2021 a 2024 se desempe\u00f1\u00f3 como Directora del Museo de Arte de Ponce.\n<\/span><\/p>\n","protected":false},"excerpt":{"rendered":"<p>Curadora independiente, escritora y conferenciante especializada en arte, Cheryl Hartup obtuvo un M.A. en Historia del Arte en The University of Texas, en Austin, y un M.A. en Estudios Latinoamericanos y del Caribe, junto a un Certificado en Estudios en Museos, por The University of New York. Entre 2005 y 2012 fue Curadora Jefe del [&#8230;]\n","protected":false},"author":12,"featured_media":0,"parent":0,"menu_order":0,"comment_status":"closed","ping_status":"closed","template":"","meta":{"footnotes":""},"class_list":["post-5926","page","type-page","status-publish","hentry"],"_links":{"self":[{"href":"https:\/\/humanidades.uprrp.edu\/visiondoble\/wp-json\/wp\/v2\/pages\/5926","targetHints":{"allow":["GET"]}}],"collection":[{"href":"https:\/\/humanidades.uprrp.edu\/visiondoble\/wp-json\/wp\/v2\/pages"}],"about":[{"href":"https:\/\/humanidades.uprrp.edu\/visiondoble\/wp-json\/wp\/v2\/types\/page"}],"author":[{"embeddable":true,"href":"https:\/\/humanidades.uprrp.edu\/visiondoble\/wp-json\/wp\/v2\/users\/12"}],"replies":[{"embeddable":true,"href":"https:\/\/humanidades.uprrp.edu\/visiondoble\/wp-json\/wp\/v2\/comments?post=5926"}],"version-history":[{"count":2,"href":"https:\/\/humanidades.uprrp.edu\/visiondoble\/wp-json\/wp\/v2\/pages\/5926\/revisions"}],"predecessor-version":[{"id":6651,"href":"https:\/\/humanidades.uprrp.edu\/visiondoble\/wp-json\/wp\/v2\/pages\/5926\/revisions\/6651"}],"wp:attachment":[{"href":"https:\/\/humanidades.uprrp.edu\/visiondoble\/wp-json\/wp\/v2\/media?parent=5926"}],"curies":[{"name":"wp","href":"https:\/\/api.w.org\/{rel}","templated":true}]}}