{"id":5924,"date":"2022-05-08T22:05:00","date_gmt":"2022-05-09T02:05:00","guid":{"rendered":"http:\/\/humanidades.uprrp.edu\/visiondoble\/?page_id=5924"},"modified":"2025-09-10T14:28:46","modified_gmt":"2025-09-10T18:28:46","slug":"carlos-garrido","status":"publish","type":"page","link":"https:\/\/humanidades.uprrp.edu\/visiondoble\/carlos-garrido\/","title":{"rendered":"Carlos Garrido"},"content":{"rendered":"\n<figure class=\"wp-block-image size-full\"><img loading=\"lazy\" decoding=\"async\" width=\"201\" height=\"200\" src=\"https:\/\/humanidades.uprrp.edu\/visiondoble\/wp-content\/uploads\/2025\/09\/carlos-garrido.jpeg\" alt=\"\" class=\"wp-image-6646\" srcset=\"https:\/\/humanidades.uprrp.edu\/visiondoble\/wp-content\/uploads\/2025\/09\/carlos-garrido.jpeg 201w, https:\/\/humanidades.uprrp.edu\/visiondoble\/wp-content\/uploads\/2025\/09\/carlos-garrido-150x150.jpeg 150w\" sizes=\"auto, (max-width: 201px) 100vw, 201px\" \/><\/figure>\n\n\n\n<div class=\"wp-block-group has-white-color has-text-color has-link-color wp-elements-819dc71402bee24f2f6e3137fad44280\"><div class=\"wp-block-group__inner-container is-layout-constrained wp-block-group-is-layout-constrained\">[spacer height=\u201d20px\u201d]\n<\/div><\/div>\n\n\n\n<p style=\"text-align: justify;\"><span style=\"font-size: 110%;\">Fue profesor de Historia del Arte de la Universidad de Granada (Espa\u00f1a). Ha sido investigador en pa\u00edses como India, Serbia, Jamaica, Cuba, Rep\u00fablica Dominicana, Puerto Rico, Trinidad Tobago, Estados Unidos y Martinica. Es autor del libro Arte en Di\u00e1logo. Conversaciones sobre pr\u00e1ctica art\u00edstica contempor\u00e1nea, identidad e integraci\u00f3n cultural en Rep\u00fablica Dominicana (2011) y coautor de De los \u00faltimos creadores de mapas. Pensamiento cr\u00edtico y exposiciones colectivas de arte caribe\u00f1o (2012). Ha comisariado exposiciones en numerosos museos y centros de arte en Espa\u00f1a y el Caribe. En adici\u00f3n ha coordinado dos n\u00fameros monogr\u00e1ficos sobre arte caribe\u00f1o en la revista Papeles de Cultura Contempor\u00e1nea, as\u00ed como el Congreso Internacional sobre el Caribe Cartograf\u00edas de G\u00e9nero, en la Universidad Carlos III de Madrid. Es miembro de AICA secci\u00f3n Caribe Sur. Ha colaborado como investigador en el Centro de Estudios Comparatistas de la Universidad de Lisboa y actualmente ejerce como profesor en la Universidad de Cork, Irlanda.<\/span><\/p>\n\n\n\n<p><\/p>\n","protected":false},"excerpt":{"rendered":"<p>Fue profesor de Historia del Arte de la Universidad de Granada (Espa\u00f1a). Ha sido investigador en pa\u00edses como India, Serbia, Jamaica, Cuba, Rep\u00fablica Dominicana, Puerto Rico, Trinidad Tobago, Estados Unidos y Martinica. Es autor del libro Arte en Di\u00e1logo. Conversaciones sobre pr\u00e1ctica art\u00edstica contempor\u00e1nea, identidad e integraci\u00f3n cultural en Rep\u00fablica Dominicana (2011) y coautor de [&#8230;]\n","protected":false},"author":12,"featured_media":0,"parent":0,"menu_order":0,"comment_status":"closed","ping_status":"closed","template":"","meta":{"footnotes":""},"class_list":["post-5924","page","type-page","status-publish","hentry"],"_links":{"self":[{"href":"https:\/\/humanidades.uprrp.edu\/visiondoble\/wp-json\/wp\/v2\/pages\/5924","targetHints":{"allow":["GET"]}}],"collection":[{"href":"https:\/\/humanidades.uprrp.edu\/visiondoble\/wp-json\/wp\/v2\/pages"}],"about":[{"href":"https:\/\/humanidades.uprrp.edu\/visiondoble\/wp-json\/wp\/v2\/types\/page"}],"author":[{"embeddable":true,"href":"https:\/\/humanidades.uprrp.edu\/visiondoble\/wp-json\/wp\/v2\/users\/12"}],"replies":[{"embeddable":true,"href":"https:\/\/humanidades.uprrp.edu\/visiondoble\/wp-json\/wp\/v2\/comments?post=5924"}],"version-history":[{"count":2,"href":"https:\/\/humanidades.uprrp.edu\/visiondoble\/wp-json\/wp\/v2\/pages\/5924\/revisions"}],"predecessor-version":[{"id":6648,"href":"https:\/\/humanidades.uprrp.edu\/visiondoble\/wp-json\/wp\/v2\/pages\/5924\/revisions\/6648"}],"wp:attachment":[{"href":"https:\/\/humanidades.uprrp.edu\/visiondoble\/wp-json\/wp\/v2\/media?parent=5924"}],"curies":[{"name":"wp","href":"https:\/\/api.w.org\/{rel}","templated":true}]}}