{"id":5922,"date":"2022-05-08T22:03:54","date_gmt":"2022-05-09T02:03:54","guid":{"rendered":"http:\/\/humanidades.uprrp.edu\/visiondoble\/?page_id=5922"},"modified":"2025-09-10T14:26:09","modified_gmt":"2025-09-10T18:26:09","slug":"carla-acevedo","status":"publish","type":"page","link":"https:\/\/humanidades.uprrp.edu\/visiondoble\/carla-acevedo\/","title":{"rendered":"Carla Acevedo"},"content":{"rendered":"\n<figure class=\"wp-block-image size-medium\"><img loading=\"lazy\" decoding=\"async\" width=\"200\" height=\"300\" src=\"https:\/\/humanidades.uprrp.edu\/visiondoble\/wp-content\/uploads\/2025\/09\/carla-acevedo-yates-200x300.jpg\" alt=\"\" class=\"wp-image-6641\" srcset=\"https:\/\/humanidades.uprrp.edu\/visiondoble\/wp-content\/uploads\/2025\/09\/carla-acevedo-yates-200x300.jpg 200w, https:\/\/humanidades.uprrp.edu\/visiondoble\/wp-content\/uploads\/2025\/09\/carla-acevedo-yates-683x1024.jpg 683w, https:\/\/humanidades.uprrp.edu\/visiondoble\/wp-content\/uploads\/2025\/09\/carla-acevedo-yates-768x1152.jpg 768w, https:\/\/humanidades.uprrp.edu\/visiondoble\/wp-content\/uploads\/2025\/09\/carla-acevedo-yates-1024x1536.jpg 1024w, https:\/\/humanidades.uprrp.edu\/visiondoble\/wp-content\/uploads\/2025\/09\/carla-acevedo-yates-1365x2048.jpg 1365w, https:\/\/humanidades.uprrp.edu\/visiondoble\/wp-content\/uploads\/2025\/09\/carla-acevedo-yates-scaled.jpg 1707w\" sizes=\"auto, (max-width: 200px) 100vw, 200px\" \/><\/figure>\n\n\n\n<div class=\"wp-block-group has-white-color has-text-color has-link-color wp-elements-819dc71402bee24f2f6e3137fad44280\"><div class=\"wp-block-group__inner-container is-layout-constrained wp-block-group-is-layout-constrained\">[spacer height=\u201d20px\u201d]\n<\/div><\/div>\n\n\n\n<p style=\"text-align: justify;\"><span style=\"font-size: 110%;\">Curadora y cr\u00edtica de arte radicada en Puerto Rico y Nueva York. En 2014 complet\u00f3 una maestr\u00eda en Estudios Curatoriales de CCS Bard College y posee un Bachillerato en Cultura Latinoamericana e Hisp\u00e1nica de Barnard College\/Columbia University. Es miembro de la Asociaci\u00f3n Internacional de Cr\u00edticos de Arte (AICA) y Curadora Asociada del Artist Pension Trust (APT). Entre sus curadur\u00edas recientes figuran The Dialectic City: Document | Context en Laboratorio de Artes Binarios y OB-R, en ARTLAB753. Ha publicado en La Tempestad (Ciudad de M\u00e9xico), ArtPulse Magazine (USA), South Magazine (Atenas), DailyServing.com (USA) y Sculpture Magazine (USA). Se ha desempe\u00f1ado, tambi\u00e9n, como curadora asociada en el Eli and Edythe Broad Art Museum at Michigan State University y como curadora en el Museum of Contemporary Art (MCA) en Chicago.<\/span><\/p>\n<p style=\"text-align: justify;\"><\/p>\n\n\n\n<div class=\"wp-block-group has-white-color has-text-color has-link-color wp-elements-10edaf20f16186fb557a6ea87269d6a6\"><div class=\"wp-block-group__inner-container is-layout-constrained wp-block-group-is-layout-constrained\"><\/div><\/div>\n","protected":false},"excerpt":{"rendered":"<p>Curadora y cr\u00edtica de arte radicada en Puerto Rico y Nueva York. En 2014 complet\u00f3 una maestr\u00eda en Estudios Curatoriales de CCS Bard College y posee un Bachillerato en Cultura Latinoamericana e Hisp\u00e1nica de Barnard College\/Columbia University. Es miembro de la Asociaci\u00f3n Internacional de Cr\u00edticos de Arte (AICA) y Curadora Asociada del Artist Pension Trust [&#8230;]\n","protected":false},"author":12,"featured_media":0,"parent":0,"menu_order":0,"comment_status":"closed","ping_status":"closed","template":"","meta":{"footnotes":""},"class_list":["post-5922","page","type-page","status-publish","hentry"],"_links":{"self":[{"href":"https:\/\/humanidades.uprrp.edu\/visiondoble\/wp-json\/wp\/v2\/pages\/5922","targetHints":{"allow":["GET"]}}],"collection":[{"href":"https:\/\/humanidades.uprrp.edu\/visiondoble\/wp-json\/wp\/v2\/pages"}],"about":[{"href":"https:\/\/humanidades.uprrp.edu\/visiondoble\/wp-json\/wp\/v2\/types\/page"}],"author":[{"embeddable":true,"href":"https:\/\/humanidades.uprrp.edu\/visiondoble\/wp-json\/wp\/v2\/users\/12"}],"replies":[{"embeddable":true,"href":"https:\/\/humanidades.uprrp.edu\/visiondoble\/wp-json\/wp\/v2\/comments?post=5922"}],"version-history":[{"count":4,"href":"https:\/\/humanidades.uprrp.edu\/visiondoble\/wp-json\/wp\/v2\/pages\/5922\/revisions"}],"predecessor-version":[{"id":6645,"href":"https:\/\/humanidades.uprrp.edu\/visiondoble\/wp-json\/wp\/v2\/pages\/5922\/revisions\/6645"}],"wp:attachment":[{"href":"https:\/\/humanidades.uprrp.edu\/visiondoble\/wp-json\/wp\/v2\/media?parent=5922"}],"curies":[{"name":"wp","href":"https:\/\/api.w.org\/{rel}","templated":true}]}}