{"id":5919,"date":"2022-05-08T22:02:29","date_gmt":"2022-05-09T02:02:29","guid":{"rendered":"http:\/\/humanidades.uprrp.edu\/visiondoble\/?page_id=5919"},"modified":"2022-05-08T22:02:29","modified_gmt":"2022-05-09T02:02:29","slug":"baruch-vergara","status":"publish","type":"page","link":"https:\/\/humanidades.uprrp.edu\/visiondoble\/baruch-vergara\/","title":{"rendered":"Baruch Vergara"},"content":{"rendered":"<p style=\"text-align: justify;\"><span style=\"font-size: 110%;\">Egresado de la Maestr\u00eda en Est\u00e9tica y Arte de la Universidad Aut\u00f3noma de Puebla (M\u00e9xico) y del Bachillerato en Artes Pl\u00e1sticas en la Universidad de las Am\u00e9ricas la misma ciudad mexicana. Trabaj\u00f3 en el Taller Gr\u00e1fica Uno de Giorgio Upiglio y en el Atelier 14, en Mil\u00e1n (Italia). Dirigi\u00f3 el Museo Erasto Cort\u00e9s dedicado a la gr\u00e1fica en Puebla. Se ha desempe\u00f1ado como profesor de arte en diferentes universidades de M\u00e9xico y Puerto Rico. Actualmente es profesor de Grabado y Est\u00e9tica en la UPR &#8211; Recinto de Mayag\u00fcez.<\/span><\/p>\n","protected":false},"excerpt":{"rendered":"<p>Egresado de la Maestr\u00eda en Est\u00e9tica y Arte de la Universidad Aut\u00f3noma de Puebla (M\u00e9xico) y del Bachillerato en Artes Pl\u00e1sticas en la Universidad de las Am\u00e9ricas la misma ciudad mexicana. Trabaj\u00f3 en el Taller Gr\u00e1fica Uno de Giorgio Upiglio y en el Atelier 14, en Mil\u00e1n (Italia). Dirigi\u00f3 el Museo Erasto Cort\u00e9s dedicado a [&#8230;]\n","protected":false},"author":12,"featured_media":0,"parent":0,"menu_order":0,"comment_status":"closed","ping_status":"closed","template":"","meta":{"footnotes":""},"class_list":["post-5919","page","type-page","status-publish","hentry"],"_links":{"self":[{"href":"https:\/\/humanidades.uprrp.edu\/visiondoble\/wp-json\/wp\/v2\/pages\/5919","targetHints":{"allow":["GET"]}}],"collection":[{"href":"https:\/\/humanidades.uprrp.edu\/visiondoble\/wp-json\/wp\/v2\/pages"}],"about":[{"href":"https:\/\/humanidades.uprrp.edu\/visiondoble\/wp-json\/wp\/v2\/types\/page"}],"author":[{"embeddable":true,"href":"https:\/\/humanidades.uprrp.edu\/visiondoble\/wp-json\/wp\/v2\/users\/12"}],"replies":[{"embeddable":true,"href":"https:\/\/humanidades.uprrp.edu\/visiondoble\/wp-json\/wp\/v2\/comments?post=5919"}],"version-history":[{"count":1,"href":"https:\/\/humanidades.uprrp.edu\/visiondoble\/wp-json\/wp\/v2\/pages\/5919\/revisions"}],"predecessor-version":[{"id":5920,"href":"https:\/\/humanidades.uprrp.edu\/visiondoble\/wp-json\/wp\/v2\/pages\/5919\/revisions\/5920"}],"wp:attachment":[{"href":"https:\/\/humanidades.uprrp.edu\/visiondoble\/wp-json\/wp\/v2\/media?parent=5919"}],"curies":[{"name":"wp","href":"https:\/\/api.w.org\/{rel}","templated":true}]}}