{"id":5917,"date":"2022-05-08T22:01:18","date_gmt":"2022-05-09T02:01:18","guid":{"rendered":"http:\/\/humanidades.uprrp.edu\/visiondoble\/?page_id=5917"},"modified":"2022-05-08T22:01:18","modified_gmt":"2022-05-09T02:01:18","slug":"bernat-tort","status":"publish","type":"page","link":"https:\/\/humanidades.uprrp.edu\/visiondoble\/bernat-tort\/","title":{"rendered":"Bernat Tort"},"content":{"rendered":"<p style=\"text-align: justify;\"><span style=\"font-size: 110%;\">Fil\u00f3sofo, ateo militante, artista y performero. Posee un doctorado en Filosof\u00eda de la Ciencia de la Universidad Complutense de Madrid, con una tesis sobre la naturalizaci\u00f3n de la fenomenolog\u00eda. Es profesor en el Departamento de Filosof\u00eda y en el Programa de Estudios de la Mujer y el G\u00e9nero de la UPR-Recinto de R\u00edo Piedras. Es reconocido por su pr\u00e1ctica del performance, en la cual se destaca la integraci\u00f3n del cuerpo, el discurso feminista y filos\u00f3fico y el di\u00e1logo con el vocabulario est\u00e9tico de las vanguardias art\u00edsticas de principios del siglo XX. Ha escrito sobre arte, performance y teatro contempor\u00e1neo, filosof\u00eda de la ciencia, feminismo, lo queer y el comunismo contempor\u00e1neo. Dedica su tiempo libre al desarrollo de una nueva propuesta \u00e9tico-pol\u00edtica de izquierdas para el siglo XX, a la cual denomina &#8220;comunismo queer&#8221;.<\/span><\/p>\n","protected":false},"excerpt":{"rendered":"<p>Fil\u00f3sofo, ateo militante, artista y performero. Posee un doctorado en Filosof\u00eda de la Ciencia de la Universidad Complutense de Madrid, con una tesis sobre la naturalizaci\u00f3n de la fenomenolog\u00eda. Es profesor en el Departamento de Filosof\u00eda y en el Programa de Estudios de la Mujer y el G\u00e9nero de la UPR-Recinto de R\u00edo Piedras. Es [&#8230;]\n","protected":false},"author":12,"featured_media":0,"parent":0,"menu_order":0,"comment_status":"closed","ping_status":"closed","template":"","meta":{"footnotes":""},"class_list":["post-5917","page","type-page","status-publish","hentry"],"_links":{"self":[{"href":"https:\/\/humanidades.uprrp.edu\/visiondoble\/wp-json\/wp\/v2\/pages\/5917","targetHints":{"allow":["GET"]}}],"collection":[{"href":"https:\/\/humanidades.uprrp.edu\/visiondoble\/wp-json\/wp\/v2\/pages"}],"about":[{"href":"https:\/\/humanidades.uprrp.edu\/visiondoble\/wp-json\/wp\/v2\/types\/page"}],"author":[{"embeddable":true,"href":"https:\/\/humanidades.uprrp.edu\/visiondoble\/wp-json\/wp\/v2\/users\/12"}],"replies":[{"embeddable":true,"href":"https:\/\/humanidades.uprrp.edu\/visiondoble\/wp-json\/wp\/v2\/comments?post=5917"}],"version-history":[{"count":1,"href":"https:\/\/humanidades.uprrp.edu\/visiondoble\/wp-json\/wp\/v2\/pages\/5917\/revisions"}],"predecessor-version":[{"id":5918,"href":"https:\/\/humanidades.uprrp.edu\/visiondoble\/wp-json\/wp\/v2\/pages\/5917\/revisions\/5918"}],"wp:attachment":[{"href":"https:\/\/humanidades.uprrp.edu\/visiondoble\/wp-json\/wp\/v2\/media?parent=5917"}],"curies":[{"name":"wp","href":"https:\/\/api.w.org\/{rel}","templated":true}]}}