{"id":5915,"date":"2022-05-08T22:00:00","date_gmt":"2022-05-09T02:00:00","guid":{"rendered":"http:\/\/humanidades.uprrp.edu\/visiondoble\/?page_id=5915"},"modified":"2025-09-10T14:20:44","modified_gmt":"2025-09-10T18:20:44","slug":"bermarie-rodriguez","status":"publish","type":"page","link":"https:\/\/humanidades.uprrp.edu\/visiondoble\/bermarie-rodriguez\/","title":{"rendered":"Bermarie Rodr\u00edguez"},"content":{"rendered":"\n<figure class=\"wp-block-image size-medium\"><img loading=\"lazy\" decoding=\"async\" width=\"300\" height=\"300\" src=\"https:\/\/humanidades.uprrp.edu\/visiondoble\/wp-content\/uploads\/2025\/09\/bermarie-rodriguez-300x300.jpg\" alt=\"\" class=\"wp-image-6638\" srcset=\"https:\/\/humanidades.uprrp.edu\/visiondoble\/wp-content\/uploads\/2025\/09\/bermarie-rodriguez-300x300.jpg 300w, https:\/\/humanidades.uprrp.edu\/visiondoble\/wp-content\/uploads\/2025\/09\/bermarie-rodriguez-1024x1024.jpg 1024w, https:\/\/humanidades.uprrp.edu\/visiondoble\/wp-content\/uploads\/2025\/09\/bermarie-rodriguez-150x150.jpg 150w, https:\/\/humanidades.uprrp.edu\/visiondoble\/wp-content\/uploads\/2025\/09\/bermarie-rodriguez-768x768.jpg 768w, https:\/\/humanidades.uprrp.edu\/visiondoble\/wp-content\/uploads\/2025\/09\/bermarie-rodriguez.jpg 1080w\" sizes=\"auto, (max-width: 300px) 100vw, 300px\" \/><\/figure>\n\n\n\n<div class=\"wp-block-group has-white-color has-text-color has-link-color wp-elements-819dc71402bee24f2f6e3137fad44280\"><div class=\"wp-block-group__inner-container is-layout-constrained wp-block-group-is-layout-constrained\">[spacer height=\u201d20px\u201d]\n<\/div><\/div>\n\n\n\n<p style=\"text-align: justify;\"><span style=\"font-size: 110%;\">Graduada con un Bachillerato en Educaci\u00f3n en Bellas Artes, con altos honores del Programa de Maestr\u00eda en Gesti\u00f3n y Administraci\u00f3n Cultural, y en mayo de 2025 complet\u00f3 su grado doctoral en historia, todos en la Universidad de Puerto Rico, Recinto de R\u00edo Piedras. Ha trabajado como maestra asistente en el proyecto art\u00edstico ecol\u00f3gico Flor-es-Ser, desde 2009. Actualmente concentra sus investigaciones en la gesti\u00f3n de los archivos digitales en l\u00ednea para la preservaci\u00f3n de la memoria musical universitaria, ha trabajado como maestra de Artes Visuales en el Departamento de Educaci\u00f3n, y desde el 2023 se destaca como asistente de metadata de colecciones en el proyecto Puerto Rico Architectural Heritage Archive (PRAHA) de la Fundaci\u00f3n Andrew Mellon.<\/span><\/p>\n\n\n\n<div class=\"wp-block-group has-white-color has-text-color has-link-color wp-elements-10edaf20f16186fb557a6ea87269d6a6\"><div class=\"wp-block-group__inner-container is-layout-constrained wp-block-group-is-layout-constrained\"><\/div><\/div>\n\n\n\n<p><\/p>\n","protected":false},"excerpt":{"rendered":"<p>Graduada con un Bachillerato en Educaci\u00f3n en Bellas Artes, con altos honores del Programa de Maestr\u00eda en Gesti\u00f3n y Administraci\u00f3n Cultural, y en mayo de 2025 complet\u00f3 su grado doctoral en historia, todos en la Universidad de Puerto Rico, Recinto de R\u00edo Piedras. Ha trabajado como maestra asistente en el proyecto art\u00edstico ecol\u00f3gico Flor-es-Ser, desde [&#8230;]\n","protected":false},"author":12,"featured_media":0,"parent":0,"menu_order":0,"comment_status":"closed","ping_status":"closed","template":"","meta":{"footnotes":""},"class_list":["post-5915","page","type-page","status-publish","hentry"],"_links":{"self":[{"href":"https:\/\/humanidades.uprrp.edu\/visiondoble\/wp-json\/wp\/v2\/pages\/5915","targetHints":{"allow":["GET"]}}],"collection":[{"href":"https:\/\/humanidades.uprrp.edu\/visiondoble\/wp-json\/wp\/v2\/pages"}],"about":[{"href":"https:\/\/humanidades.uprrp.edu\/visiondoble\/wp-json\/wp\/v2\/types\/page"}],"author":[{"embeddable":true,"href":"https:\/\/humanidades.uprrp.edu\/visiondoble\/wp-json\/wp\/v2\/users\/12"}],"replies":[{"embeddable":true,"href":"https:\/\/humanidades.uprrp.edu\/visiondoble\/wp-json\/wp\/v2\/comments?post=5915"}],"version-history":[{"count":3,"href":"https:\/\/humanidades.uprrp.edu\/visiondoble\/wp-json\/wp\/v2\/pages\/5915\/revisions"}],"predecessor-version":[{"id":6640,"href":"https:\/\/humanidades.uprrp.edu\/visiondoble\/wp-json\/wp\/v2\/pages\/5915\/revisions\/6640"}],"wp:attachment":[{"href":"https:\/\/humanidades.uprrp.edu\/visiondoble\/wp-json\/wp\/v2\/media?parent=5915"}],"curies":[{"name":"wp","href":"https:\/\/api.w.org\/{rel}","templated":true}]}}