{"id":5913,"date":"2022-05-08T21:58:45","date_gmt":"2022-05-09T01:58:45","guid":{"rendered":"http:\/\/humanidades.uprrp.edu\/visiondoble\/?page_id=5913"},"modified":"2025-09-11T14:37:40","modified_gmt":"2025-09-11T18:37:40","slug":"bianca-ortiz-declet","status":"publish","type":"page","link":"https:\/\/humanidades.uprrp.edu\/visiondoble\/bianca-ortiz-declet\/","title":{"rendered":"Bianca Ortiz Declet"},"content":{"rendered":"\n<figure class=\"wp-block-image size-full\"><img loading=\"lazy\" decoding=\"async\" width=\"400\" height=\"400\" src=\"https:\/\/humanidades.uprrp.edu\/visiondoble\/wp-content\/uploads\/2025\/09\/biancaortiz.png\" alt=\"\" class=\"wp-image-6633\" srcset=\"https:\/\/humanidades.uprrp.edu\/visiondoble\/wp-content\/uploads\/2025\/09\/biancaortiz.png 400w, https:\/\/humanidades.uprrp.edu\/visiondoble\/wp-content\/uploads\/2025\/09\/biancaortiz-300x300.png 300w, https:\/\/humanidades.uprrp.edu\/visiondoble\/wp-content\/uploads\/2025\/09\/biancaortiz-150x150.png 150w\" sizes=\"auto, (max-width: 400px) 100vw, 400px\" \/><\/figure>\n\n\n\n<div class=\"wp-block-group has-white-color has-text-color has-link-color wp-elements-819dc71402bee24f2f6e3137fad44280\"><div class=\"wp-block-group__inner-container is-layout-constrained wp-block-group-is-layout-constrained\">[spacer height=\u201d20px\u201d]\n<\/div><\/div>\n\n\n\n<p style=\"text-align: justify;\"><span style=\"font-size: 110%;\">Obtuvo una Maestr\u00eda en Gesti\u00f3n y Administraci\u00f3n Cultural en la Universidad de Puerto Rico, Recinto de R\u00edo Piedras y un Bachillerato en Historia del Arte de la misma instituci\u00f3n. Ha trabajado como curadora en las muestras O te peinas o te haces rolos (2013), primera exhibici\u00f3n realizada en La Productora (Santurce, PR); y la Serie Regional de Jugadores Pampers (2010), una serie de exhibiciones curadas en colectivo con Abdiel Segarra y Ralph V\u00e1zquez realizadas en el Antiguo Arsenal de la Marina Espa\u00f1ola del ICP. Trabaj\u00f3 durante siete a\u00f1os como Asistente de Registro en el Museo de Historia, Antropolog\u00eda y Arte de la Universidad de Puerto Rico, Recinto de R\u00edo Piedras y hasta el 2020 se desempe\u00f1\u00f3 como Directora de Exhibiciones y Programaci\u00f3n del National Museum of Puerto Rican Arts and Culture en Chicago. En la actualidad labora como Registradora en Jefe del Museo de Arte de Ponce (Fundaci\u00f3n Luis A. Ferr\u00e9). <\/span><\/p>\n\n\n\n<p><\/p>\n","protected":false},"excerpt":{"rendered":"<p>Obtuvo una Maestr\u00eda en Gesti\u00f3n y Administraci\u00f3n Cultural en la Universidad de Puerto Rico, Recinto de R\u00edo Piedras y un Bachillerato en Historia del Arte de la misma instituci\u00f3n. Ha trabajado como curadora en las muestras O te peinas o te haces rolos (2013), primera exhibici\u00f3n realizada en La Productora (Santurce, PR); y la Serie [&#8230;]\n","protected":false},"author":12,"featured_media":0,"parent":0,"menu_order":0,"comment_status":"closed","ping_status":"closed","template":"","meta":{"footnotes":""},"class_list":["post-5913","page","type-page","status-publish","hentry"],"_links":{"self":[{"href":"https:\/\/humanidades.uprrp.edu\/visiondoble\/wp-json\/wp\/v2\/pages\/5913","targetHints":{"allow":["GET"]}}],"collection":[{"href":"https:\/\/humanidades.uprrp.edu\/visiondoble\/wp-json\/wp\/v2\/pages"}],"about":[{"href":"https:\/\/humanidades.uprrp.edu\/visiondoble\/wp-json\/wp\/v2\/types\/page"}],"author":[{"embeddable":true,"href":"https:\/\/humanidades.uprrp.edu\/visiondoble\/wp-json\/wp\/v2\/users\/12"}],"replies":[{"embeddable":true,"href":"https:\/\/humanidades.uprrp.edu\/visiondoble\/wp-json\/wp\/v2\/comments?post=5913"}],"version-history":[{"count":4,"href":"https:\/\/humanidades.uprrp.edu\/visiondoble\/wp-json\/wp\/v2\/pages\/5913\/revisions"}],"predecessor-version":[{"id":6681,"href":"https:\/\/humanidades.uprrp.edu\/visiondoble\/wp-json\/wp\/v2\/pages\/5913\/revisions\/6681"}],"wp:attachment":[{"href":"https:\/\/humanidades.uprrp.edu\/visiondoble\/wp-json\/wp\/v2\/media?parent=5913"}],"curies":[{"name":"wp","href":"https:\/\/api.w.org\/{rel}","templated":true}]}}