{"id":5910,"date":"2022-05-08T21:57:08","date_gmt":"2022-05-09T01:57:08","guid":{"rendered":"http:\/\/humanidades.uprrp.edu\/visiondoble\/?page_id=5910"},"modified":"2022-05-09T01:06:27","modified_gmt":"2022-05-09T05:06:27","slug":"bruno-ferrer-i-higueras","status":"publish","type":"page","link":"https:\/\/humanidades.uprrp.edu\/visiondoble\/bruno-ferrer-i-higueras\/","title":{"rendered":"Bruno Ferrer I Higueras"},"content":{"rendered":"<p style=\"text-align: justify;\"><span style=\"font-size: 110%;\"><img loading=\"lazy\" decoding=\"async\" class=\"size-thumbnail wp-image-2585 alignleft\" src=\"https:\/\/humanidades.uprrp.edu\/visiondoble\/wp-content\/uploads\/2020\/10\/Bruno-Ferrer-i-Higueras-150x150.jpg\" alt=\"\" width=\"150\" height=\"150\" \/>Nacido en Barcelona, Catalunya, Bruno Ferrer i Higueras, reside en las monta\u00f1as de Cayey, Puerto Rico. Catedr\u00e1tico en el Departamento de Historia de la Universidad de Puerto Rico, Recinto de R\u00edo Piedras, ha sido profesor tambi\u00e9n en el Recinto de Cayey. Es graduado en Historia con Licenciatura y Doctorado de la Universitat de Barcelona, en el Departamento de Prehistoria, Historia Antigua y Arqueolog\u00eda. Actualmente, trabaja en diferentes proyectos editoriales que pretenden conectar los textos y pensamientos de Walter Benjamin con la experiencia contempor\u00e1nea, sobre todo con el turismo, el lugar, la narraci\u00f3n, la memoria y la isla de Eivissa.<\/span><\/p>\n","protected":false},"excerpt":{"rendered":"<p>Nacido en Barcelona, Catalunya, Bruno Ferrer i Higueras, reside en las monta\u00f1as de Cayey, Puerto Rico. Catedr\u00e1tico en el Departamento de Historia de la Universidad de Puerto Rico, Recinto de R\u00edo Piedras, ha sido profesor tambi\u00e9n en el Recinto de Cayey. Es graduado en Historia con Licenciatura y Doctorado de la Universitat de Barcelona, en [&#8230;]\n","protected":false},"author":12,"featured_media":0,"parent":0,"menu_order":0,"comment_status":"closed","ping_status":"closed","template":"","meta":{"footnotes":""},"class_list":["post-5910","page","type-page","status-publish","hentry"],"_links":{"self":[{"href":"https:\/\/humanidades.uprrp.edu\/visiondoble\/wp-json\/wp\/v2\/pages\/5910","targetHints":{"allow":["GET"]}}],"collection":[{"href":"https:\/\/humanidades.uprrp.edu\/visiondoble\/wp-json\/wp\/v2\/pages"}],"about":[{"href":"https:\/\/humanidades.uprrp.edu\/visiondoble\/wp-json\/wp\/v2\/types\/page"}],"author":[{"embeddable":true,"href":"https:\/\/humanidades.uprrp.edu\/visiondoble\/wp-json\/wp\/v2\/users\/12"}],"replies":[{"embeddable":true,"href":"https:\/\/humanidades.uprrp.edu\/visiondoble\/wp-json\/wp\/v2\/comments?post=5910"}],"version-history":[{"count":3,"href":"https:\/\/humanidades.uprrp.edu\/visiondoble\/wp-json\/wp\/v2\/pages\/5910\/revisions"}],"predecessor-version":[{"id":6186,"href":"https:\/\/humanidades.uprrp.edu\/visiondoble\/wp-json\/wp\/v2\/pages\/5910\/revisions\/6186"}],"wp:attachment":[{"href":"https:\/\/humanidades.uprrp.edu\/visiondoble\/wp-json\/wp\/v2\/media?parent=5910"}],"curies":[{"name":"wp","href":"https:\/\/api.w.org\/{rel}","templated":true}]}}