{"id":5907,"date":"2022-05-08T21:56:01","date_gmt":"2022-05-09T01:56:01","guid":{"rendered":"http:\/\/humanidades.uprrp.edu\/visiondoble\/?page_id=5907"},"modified":"2022-05-09T01:01:06","modified_gmt":"2022-05-09T05:01:06","slug":"brenda-cruz","status":"publish","type":"page","link":"https:\/\/humanidades.uprrp.edu\/visiondoble\/brenda-cruz\/","title":{"rendered":"Brenda Cruz"},"content":{"rendered":"<p style=\"text-align: justify;\"><span style=\"font-size: 110%;\"><img loading=\"lazy\" decoding=\"async\" class=\"size-thumbnail wp-image-1956 alignleft\" src=\"https:\/\/humanidades.uprrp.edu\/visiondoble\/wp-content\/uploads\/2020\/03\/Brenda-150x150.jpg\" alt=\"\" width=\"150\" height=\"150\" \/>Artista multidisciplinaria, historiadora e investigadora radicada en Madrid, Brenda Cruz es doctora en Bellas Artes por la Universidad Complutense de Madrid, obtuvo un Diploma de Estudios Avanzados de la misma instituci\u00f3n y un Bachillerato en Artes con concentraci\u00f3n en Grabado y Pintura de la Universidad de Puerto Rico, Recinto de R\u00edo Piedras. Su producci\u00f3n art\u00edstica, en la que explora sus diversas identidades, desde la individual como la social, la cultural o la de g\u00e9nero, reflexiona sobre la detecci\u00f3n de los l\u00edmites a los que est\u00e1n sujetos los discrusos identitarios. Su obra se ha exhibido en muestras individuales y colectivas en pa\u00edses de tres continentes distintos. Ha publicado y ha sido conferenciante en diversas instituciones y congresos en Espa\u00f1a y Puerto Rico.<\/span><\/p>\n","protected":false},"excerpt":{"rendered":"<p>Artista multidisciplinaria, historiadora e investigadora radicada en Madrid, Brenda Cruz es doctora en Bellas Artes por la Universidad Complutense de Madrid, obtuvo un Diploma de Estudios Avanzados de la misma instituci\u00f3n y un Bachillerato en Artes con concentraci\u00f3n en Grabado y Pintura de la Universidad de Puerto Rico, Recinto de R\u00edo Piedras. Su producci\u00f3n art\u00edstica, [&#8230;]\n","protected":false},"author":12,"featured_media":0,"parent":0,"menu_order":0,"comment_status":"closed","ping_status":"closed","template":"","meta":{"footnotes":""},"class_list":["post-5907","page","type-page","status-publish","hentry"],"_links":{"self":[{"href":"https:\/\/humanidades.uprrp.edu\/visiondoble\/wp-json\/wp\/v2\/pages\/5907","targetHints":{"allow":["GET"]}}],"collection":[{"href":"https:\/\/humanidades.uprrp.edu\/visiondoble\/wp-json\/wp\/v2\/pages"}],"about":[{"href":"https:\/\/humanidades.uprrp.edu\/visiondoble\/wp-json\/wp\/v2\/types\/page"}],"author":[{"embeddable":true,"href":"https:\/\/humanidades.uprrp.edu\/visiondoble\/wp-json\/wp\/v2\/users\/12"}],"replies":[{"embeddable":true,"href":"https:\/\/humanidades.uprrp.edu\/visiondoble\/wp-json\/wp\/v2\/comments?post=5907"}],"version-history":[{"count":3,"href":"https:\/\/humanidades.uprrp.edu\/visiondoble\/wp-json\/wp\/v2\/pages\/5907\/revisions"}],"predecessor-version":[{"id":6184,"href":"https:\/\/humanidades.uprrp.edu\/visiondoble\/wp-json\/wp\/v2\/pages\/5907\/revisions\/6184"}],"wp:attachment":[{"href":"https:\/\/humanidades.uprrp.edu\/visiondoble\/wp-json\/wp\/v2\/media?parent=5907"}],"curies":[{"name":"wp","href":"https:\/\/api.w.org\/{rel}","templated":true}]}}