{"id":5900,"date":"2022-05-08T21:51:57","date_gmt":"2022-05-09T01:51:57","guid":{"rendered":"http:\/\/humanidades.uprrp.edu\/visiondoble\/?page_id=5900"},"modified":"2022-05-08T21:51:57","modified_gmt":"2022-05-09T01:51:57","slug":"alexandra-vega","status":"publish","type":"page","link":"https:\/\/humanidades.uprrp.edu\/visiondoble\/alexandra-vega\/","title":{"rendered":"Alexandra Vega"},"content":{"rendered":"<p style=\"text-align: justify;\"><span style=\"font-size: 110%;\">Alexandra Vega es guionista y acad\u00e9mica. Ha publicado art\u00edculos en El Nuevo D\u00eda, Imagen, Imagine Film Magazine y otras publicaciones. Es profesora en la secci\u00f3n de cine de la Universidad del Sagrado Coraz\u00f3n, donde dicta cursos de Redacci\u00f3n de Guiones e Historia de Cine, entre otros. Recibi\u00f3 su bachillerato de la Universidad de Puerto Rico y su maestr\u00eda y doctorado de Harvard University. Ha realizado estudios posteriores en New York University, Maine Media Workshops y la Escola Superior de Cinema I Audiovisuals de Catalunya (ESCAC). En el 2013 fue reconocida con una Beca Santander Iberoam\u00e9rica Para J\u00f3venes Profesores Investigadores.<\/span><\/p>\n","protected":false},"excerpt":{"rendered":"<p>Alexandra Vega es guionista y acad\u00e9mica. Ha publicado art\u00edculos en El Nuevo D\u00eda, Imagen, Imagine Film Magazine y otras publicaciones. Es profesora en la secci\u00f3n de cine de la Universidad del Sagrado Coraz\u00f3n, donde dicta cursos de Redacci\u00f3n de Guiones e Historia de Cine, entre otros. Recibi\u00f3 su bachillerato de la Universidad de Puerto Rico [&#8230;]\n","protected":false},"author":12,"featured_media":0,"parent":0,"menu_order":0,"comment_status":"closed","ping_status":"closed","template":"","meta":{"footnotes":""},"class_list":["post-5900","page","type-page","status-publish","hentry"],"_links":{"self":[{"href":"https:\/\/humanidades.uprrp.edu\/visiondoble\/wp-json\/wp\/v2\/pages\/5900","targetHints":{"allow":["GET"]}}],"collection":[{"href":"https:\/\/humanidades.uprrp.edu\/visiondoble\/wp-json\/wp\/v2\/pages"}],"about":[{"href":"https:\/\/humanidades.uprrp.edu\/visiondoble\/wp-json\/wp\/v2\/types\/page"}],"author":[{"embeddable":true,"href":"https:\/\/humanidades.uprrp.edu\/visiondoble\/wp-json\/wp\/v2\/users\/12"}],"replies":[{"embeddable":true,"href":"https:\/\/humanidades.uprrp.edu\/visiondoble\/wp-json\/wp\/v2\/comments?post=5900"}],"version-history":[{"count":1,"href":"https:\/\/humanidades.uprrp.edu\/visiondoble\/wp-json\/wp\/v2\/pages\/5900\/revisions"}],"predecessor-version":[{"id":5901,"href":"https:\/\/humanidades.uprrp.edu\/visiondoble\/wp-json\/wp\/v2\/pages\/5900\/revisions\/5901"}],"wp:attachment":[{"href":"https:\/\/humanidades.uprrp.edu\/visiondoble\/wp-json\/wp\/v2\/media?parent=5900"}],"curies":[{"name":"wp","href":"https:\/\/api.w.org\/{rel}","templated":true}]}}