{"id":5894,"date":"2022-05-08T21:49:41","date_gmt":"2022-05-09T01:49:41","guid":{"rendered":"http:\/\/humanidades.uprrp.edu\/visiondoble\/?page_id=5894"},"modified":"2025-08-26T09:58:06","modified_gmt":"2025-08-26T13:58:06","slug":"abdiel-segarra-rios","status":"publish","type":"page","link":"https:\/\/humanidades.uprrp.edu\/visiondoble\/abdiel-segarra-rios\/","title":{"rendered":"Abdiel Segarra R\u00edos"},"content":{"rendered":"\n<div class=\"wp-block-group is-layout-grid wp-container-core-group-is-layout-baef362d wp-block-group-is-layout-grid\">\n<figure class=\"wp-block-image size-full is-resized wp-container-content-5e2576f9\"><img loading=\"lazy\" decoding=\"async\" width=\"1024\" height=\"1536\" src=\"https:\/\/humanidades.uprrp.edu\/visiondoble\/wp-content\/uploads\/2025\/08\/Abdiel-Segarra-foto-por-Laurent-Leger-Adame-scaled-1.webp\" alt=\"\" class=\"wp-image-6568\" style=\"width:385px;height:auto\" srcset=\"https:\/\/humanidades.uprrp.edu\/visiondoble\/wp-content\/uploads\/2025\/08\/Abdiel-Segarra-foto-por-Laurent-Leger-Adame-scaled-1.webp 1024w, https:\/\/humanidades.uprrp.edu\/visiondoble\/wp-content\/uploads\/2025\/08\/Abdiel-Segarra-foto-por-Laurent-Leger-Adame-scaled-1-200x300.webp 200w, https:\/\/humanidades.uprrp.edu\/visiondoble\/wp-content\/uploads\/2025\/08\/Abdiel-Segarra-foto-por-Laurent-Leger-Adame-scaled-1-683x1024.webp 683w, https:\/\/humanidades.uprrp.edu\/visiondoble\/wp-content\/uploads\/2025\/08\/Abdiel-Segarra-foto-por-Laurent-Leger-Adame-scaled-1-768x1152.webp 768w\" sizes=\"auto, (max-width: 1024px) 100vw, 1024px\" \/><\/figure>\n\n\n\n<div class=\"wp-block-group wp-container-content-b0d01b81\"><div class=\"wp-block-group__inner-container is-layout-constrained wp-block-group-is-layout-constrained\">\n<p style=\"text-align: justify;\"><span style=\"font-size: 110%;\">Santurce, Puerto Rico, 1984. Posee un Bachillerato en Bellas Artes del Departamento de Pintura de la Escuela de Artes Pl\u00e1sticas y Dise\u00f1o de Puerto Rico de 2008 y una Maestr\u00eda en Gesti\u00f3n y Administraci\u00f3n Cultural de la Universidad de Puerto Rico de 2013 Artista pl\u00e1stico, gestor cultural y comisario independiente. Ha ofrecido cursos nivel sub-graduado en el Departamento de Pintura de la Escuela de Artes Pl\u00e1sticas. Es co-fundador de la plataforma de gesti\u00f3n y publicaci\u00f3n Conboca. Durante tres a\u00f1os dirigi\u00f3 el espacio de exhibiciones \u00c1rea: lugar de proyectos en Caguas. Es socio del cap\u00edtulo de Puerto Rico de la Asociaci\u00f3n Internacional de Cr\u00edticos de Arte. Como artista ha presentado su trabajo en el Museo de Arte Contempor\u00e1neo de Puerto Rico, el espacio METRO: plataformaorganizada y, la Trienal Poli\/Gr\u00e1fica, entre otros. Durante tres a\u00f1os se hizo cargo del Programa de Artes Pl\u00e1sticas del Instituto de Cultura Puertorrique\u00f1a, encarg\u00e1ndose de la Colecci\u00f3n Nacional de Puerto Rico, la Trienal Poli\/gr\u00e1fica de San Juan, Am\u00e9rica latina y el Caribe y las salas de exhibici\u00f3n del Antiguo Arsenal de la Marina Espa\u00f1ola y el Museo Casa Blanca. En 2018 complet\u00f3 el M\u00e1ster en Historia del Arte Contempor\u00e1neo y Cultura Visual en la Universidad Aut\u00f3noma de Madrid y actualmente completa un doctorado en Estudios art\u00edsticos, literarios y de la cultura en la misma instituci\u00f3n mientras se desempe\u00f1a como curador y cr\u00edtico de arte independiente.\n.<\/span><\/p>\n<\/div><\/div>\n<\/div>\n\n\n\n<p><\/p>\n","protected":false},"excerpt":{"rendered":"<p>Santurce, Puerto Rico, 1984. Posee un Bachillerato en Bellas Artes del Departamento de Pintura de la Escuela de Artes Pl\u00e1sticas y Dise\u00f1o de Puerto Rico de 2008 y una Maestr\u00eda en Gesti\u00f3n y Administraci\u00f3n Cultural de la Universidad de Puerto Rico de 2013 Artista pl\u00e1stico, gestor cultural y comisario independiente. Ha ofrecido cursos nivel sub-graduado [&#8230;]\n","protected":false},"author":12,"featured_media":0,"parent":0,"menu_order":0,"comment_status":"closed","ping_status":"closed","template":"","meta":{"footnotes":""},"class_list":["post-5894","page","type-page","status-publish","hentry"],"_links":{"self":[{"href":"https:\/\/humanidades.uprrp.edu\/visiondoble\/wp-json\/wp\/v2\/pages\/5894","targetHints":{"allow":["GET"]}}],"collection":[{"href":"https:\/\/humanidades.uprrp.edu\/visiondoble\/wp-json\/wp\/v2\/pages"}],"about":[{"href":"https:\/\/humanidades.uprrp.edu\/visiondoble\/wp-json\/wp\/v2\/types\/page"}],"author":[{"embeddable":true,"href":"https:\/\/humanidades.uprrp.edu\/visiondoble\/wp-json\/wp\/v2\/users\/12"}],"replies":[{"embeddable":true,"href":"https:\/\/humanidades.uprrp.edu\/visiondoble\/wp-json\/wp\/v2\/comments?post=5894"}],"version-history":[{"count":13,"href":"https:\/\/humanidades.uprrp.edu\/visiondoble\/wp-json\/wp\/v2\/pages\/5894\/revisions"}],"predecessor-version":[{"id":6583,"href":"https:\/\/humanidades.uprrp.edu\/visiondoble\/wp-json\/wp\/v2\/pages\/5894\/revisions\/6583"}],"wp:attachment":[{"href":"https:\/\/humanidades.uprrp.edu\/visiondoble\/wp-json\/wp\/v2\/media?parent=5894"}],"curies":[{"name":"wp","href":"https:\/\/api.w.org\/{rel}","templated":true}]}}