{"id":5891,"date":"2022-05-08T21:48:23","date_gmt":"2022-05-09T01:48:23","guid":{"rendered":"http:\/\/humanidades.uprrp.edu\/visiondoble\/?page_id=5891"},"modified":"2022-05-09T00:58:39","modified_gmt":"2022-05-09T04:58:39","slug":"ana-sedeno-valdellos","status":"publish","type":"page","link":"https:\/\/humanidades.uprrp.edu\/visiondoble\/ana-sedeno-valdellos\/","title":{"rendered":"Ana Sede\u00f1o Valdell\u00f3s"},"content":{"rendered":"<p style=\"text-align: justify;\"><span style=\"font-size: 110%;\"><img loading=\"lazy\" decoding=\"async\" class=\"size-thumbnail wp-image-1722 alignleft\" src=\"https:\/\/humanidades.uprrp.edu\/visiondoble\/wp-content\/uploads\/2020\/02\/Ana-150x150.jpg\" alt=\"\" width=\"150\" height=\"150\" srcset=\"https:\/\/humanidades.uprrp.edu\/visiondoble\/wp-content\/uploads\/2020\/02\/Ana-150x150.jpg 150w, https:\/\/humanidades.uprrp.edu\/visiondoble\/wp-content\/uploads\/2020\/02\/Ana-300x300.jpg 300w, https:\/\/humanidades.uprrp.edu\/visiondoble\/wp-content\/uploads\/2020\/02\/Ana-768x768.jpg 768w, https:\/\/humanidades.uprrp.edu\/visiondoble\/wp-content\/uploads\/2020\/02\/Ana-1024x1024.jpg 1024w, https:\/\/humanidades.uprrp.edu\/visiondoble\/wp-content\/uploads\/2020\/02\/Ana.jpg 1200w\" sizes=\"auto, (max-width: 150px) 100vw, 150px\" \/>Doctora en Comunicaci\u00f3n Audiovisual y Profesora en el Departamento de Comunicaci\u00f3n Audiovisual y Publicidad de la Universidad de M\u00e1laga (Espa\u00f1a). Sus l\u00edneas de investigaci\u00f3n se centran en la relaci\u00f3n de la m\u00fasica con los medios audiovisuales (El lenguaje del videoclip y la m\u00fasica contempor\u00e1nea en el cine) y las pr\u00e1cticas audiovisuales en el panorama contempor\u00e1neo, desde una perspectiva hist\u00f3rica o educativa, con \u00e9nfasis en hechos art\u00edsticos como el videojockey, el mapping o la videodanza. En ese contexto, es autora de los libros \u201cLenguaje del videoclip\u201d, \u201cLa m\u00fasica contempor\u00e1nea en el cine\u201d, \u201cAn\u00e1lisis del cine contempor\u00e1neo: Estrategias est\u00e9ticas, narrativas y de puesta en escena\u201d e \u201cHistoria del videoarte en Espa\u00f1a\u201d.<\/span><\/p>\n","protected":false},"excerpt":{"rendered":"<p>Doctora en Comunicaci\u00f3n Audiovisual y Profesora en el Departamento de Comunicaci\u00f3n Audiovisual y Publicidad de la Universidad de M\u00e1laga (Espa\u00f1a). Sus l\u00edneas de investigaci\u00f3n se centran en la relaci\u00f3n de la m\u00fasica con los medios audiovisuales (El lenguaje del videoclip y la m\u00fasica contempor\u00e1nea en el cine) y las pr\u00e1cticas audiovisuales en el panorama contempor\u00e1neo, [&#8230;]\n","protected":false},"author":12,"featured_media":0,"parent":0,"menu_order":0,"comment_status":"closed","ping_status":"closed","template":"","meta":{"footnotes":""},"class_list":["post-5891","page","type-page","status-publish","hentry"],"_links":{"self":[{"href":"https:\/\/humanidades.uprrp.edu\/visiondoble\/wp-json\/wp\/v2\/pages\/5891","targetHints":{"allow":["GET"]}}],"collection":[{"href":"https:\/\/humanidades.uprrp.edu\/visiondoble\/wp-json\/wp\/v2\/pages"}],"about":[{"href":"https:\/\/humanidades.uprrp.edu\/visiondoble\/wp-json\/wp\/v2\/types\/page"}],"author":[{"embeddable":true,"href":"https:\/\/humanidades.uprrp.edu\/visiondoble\/wp-json\/wp\/v2\/users\/12"}],"replies":[{"embeddable":true,"href":"https:\/\/humanidades.uprrp.edu\/visiondoble\/wp-json\/wp\/v2\/comments?post=5891"}],"version-history":[{"count":3,"href":"https:\/\/humanidades.uprrp.edu\/visiondoble\/wp-json\/wp\/v2\/pages\/5891\/revisions"}],"predecessor-version":[{"id":6182,"href":"https:\/\/humanidades.uprrp.edu\/visiondoble\/wp-json\/wp\/v2\/pages\/5891\/revisions\/6182"}],"wp:attachment":[{"href":"https:\/\/humanidades.uprrp.edu\/visiondoble\/wp-json\/wp\/v2\/media?parent=5891"}],"curies":[{"name":"wp","href":"https:\/\/api.w.org\/{rel}","templated":true}]}}