{"id":5885,"date":"2022-05-08T21:46:02","date_gmt":"2022-05-09T01:46:02","guid":{"rendered":"http:\/\/humanidades.uprrp.edu\/visiondoble\/?page_id=5885"},"modified":"2022-05-08T21:46:02","modified_gmt":"2022-05-09T01:46:02","slug":"adlin-rios-rigau","status":"publish","type":"page","link":"https:\/\/humanidades.uprrp.edu\/visiondoble\/adlin-rios-rigau\/","title":{"rendered":"Adl\u00edn R\u00edos Rigau"},"content":{"rendered":"<p style=\"text-align: justify;\"><span style=\"font-size: 110%;\">Licenciada en la Universidad de Barcelona y Doctora Honoris Causa por la Universidad Central de Bayam\u00f3n, Puerto Rico, Adl\u00edn R\u00edos ha sido Catedr\u00e1tica en la Universidad del Sagrado Coraz\u00f3n, donde ha impartido cursos de Historia y Apreciaci\u00f3n del Arte desde 1975,\u00a0 donde se desempe\u00f1\u00f3 como Decana de Desarrollo, y cuya Galer\u00eda de Arte fund\u00f3 en 1995 y dirigi\u00f3 hasta la fecha de su retiro de la instituci\u00f3n. Fue gestora y directora del Museo de Arte de Puerto Rico desde sus inicios en 1995 hasta 1999. Ha dirigido importantes oficinas culturales nacionales, ha sido curadora de m\u00faltiples exposiciones de arte y autora de numerosas publicaciones, as\u00ed como consultora y gestora de eventos art\u00edsticos. Forma parte de la Asociaci\u00f3n Internacional de Cr\u00edticos de Arte, Cap\u00edtulo de Puerto Rico.<\/span><\/p>\n","protected":false},"excerpt":{"rendered":"<p>Licenciada en la Universidad de Barcelona y Doctora Honoris Causa por la Universidad Central de Bayam\u00f3n, Puerto Rico, Adl\u00edn R\u00edos ha sido Catedr\u00e1tica en la Universidad del Sagrado Coraz\u00f3n, donde ha impartido cursos de Historia y Apreciaci\u00f3n del Arte desde 1975,\u00a0 donde se desempe\u00f1\u00f3 como Decana de Desarrollo, y cuya Galer\u00eda de Arte fund\u00f3 en [&#8230;]\n","protected":false},"author":12,"featured_media":0,"parent":0,"menu_order":0,"comment_status":"closed","ping_status":"closed","template":"","meta":{"footnotes":""},"class_list":["post-5885","page","type-page","status-publish","hentry"],"_links":{"self":[{"href":"https:\/\/humanidades.uprrp.edu\/visiondoble\/wp-json\/wp\/v2\/pages\/5885","targetHints":{"allow":["GET"]}}],"collection":[{"href":"https:\/\/humanidades.uprrp.edu\/visiondoble\/wp-json\/wp\/v2\/pages"}],"about":[{"href":"https:\/\/humanidades.uprrp.edu\/visiondoble\/wp-json\/wp\/v2\/types\/page"}],"author":[{"embeddable":true,"href":"https:\/\/humanidades.uprrp.edu\/visiondoble\/wp-json\/wp\/v2\/users\/12"}],"replies":[{"embeddable":true,"href":"https:\/\/humanidades.uprrp.edu\/visiondoble\/wp-json\/wp\/v2\/comments?post=5885"}],"version-history":[{"count":1,"href":"https:\/\/humanidades.uprrp.edu\/visiondoble\/wp-json\/wp\/v2\/pages\/5885\/revisions"}],"predecessor-version":[{"id":5886,"href":"https:\/\/humanidades.uprrp.edu\/visiondoble\/wp-json\/wp\/v2\/pages\/5885\/revisions\/5886"}],"wp:attachment":[{"href":"https:\/\/humanidades.uprrp.edu\/visiondoble\/wp-json\/wp\/v2\/media?parent=5885"}],"curies":[{"name":"wp","href":"https:\/\/api.w.org\/{rel}","templated":true}]}}