{"id":5882,"date":"2022-05-08T21:44:51","date_gmt":"2022-05-09T01:44:51","guid":{"rendered":"http:\/\/humanidades.uprrp.edu\/visiondoble\/?page_id=5882"},"modified":"2022-05-08T21:44:51","modified_gmt":"2022-05-09T01:44:51","slug":"ana-paula-negron-philippi","status":"publish","type":"page","link":"https:\/\/humanidades.uprrp.edu\/visiondoble\/ana-paula-negron-philippi\/","title":{"rendered":"Ana Paula Negr\u00f3n Philippi"},"content":{"rendered":"<p style=\"text-align: justify;\"><span style=\"font-size: 110%;\">Graduada del Programa de Historia del Arte, de la Universidad de Puerto Rico, Recinto de R\u00edo Piedras. Ha cursado estudios de posgrado en el Instituto de Arte de Sotheby\u00b4s, as\u00ed como con un M\u00e1ster en curadur\u00eda en NODE Center. Complet\u00f3 un internado en el departamento de direcci\u00f3n ejecutiva del Museo de Arte de Puerto Rico (2019). Como presidenta de la Asociaci\u00f3n de Estudiantes de Historia del Arte, particip\u00f3 en el programa educativo de MECA International Art Fair (2018) y durante tres a\u00f1os present\u00f3 asuntos culturales y cr\u00edticas de arte como reportera en la emisora Radio Universidad. Ha presentado sus investigaciones en simposios organizados por la oficina de Iniciativas de Investigaci\u00f3n y Actividad Creativa Subgraduadas de la UPRRP y el Museo de Arte de Ponce.<\/span><\/p>\n","protected":false},"excerpt":{"rendered":"<p>Graduada del Programa de Historia del Arte, de la Universidad de Puerto Rico, Recinto de R\u00edo Piedras. Ha cursado estudios de posgrado en el Instituto de Arte de Sotheby\u00b4s, as\u00ed como con un M\u00e1ster en curadur\u00eda en NODE Center. Complet\u00f3 un internado en el departamento de direcci\u00f3n ejecutiva del Museo de Arte de Puerto Rico [&#8230;]\n","protected":false},"author":12,"featured_media":0,"parent":0,"menu_order":0,"comment_status":"closed","ping_status":"closed","template":"","meta":{"footnotes":""},"class_list":["post-5882","page","type-page","status-publish","hentry"],"_links":{"self":[{"href":"https:\/\/humanidades.uprrp.edu\/visiondoble\/wp-json\/wp\/v2\/pages\/5882","targetHints":{"allow":["GET"]}}],"collection":[{"href":"https:\/\/humanidades.uprrp.edu\/visiondoble\/wp-json\/wp\/v2\/pages"}],"about":[{"href":"https:\/\/humanidades.uprrp.edu\/visiondoble\/wp-json\/wp\/v2\/types\/page"}],"author":[{"embeddable":true,"href":"https:\/\/humanidades.uprrp.edu\/visiondoble\/wp-json\/wp\/v2\/users\/12"}],"replies":[{"embeddable":true,"href":"https:\/\/humanidades.uprrp.edu\/visiondoble\/wp-json\/wp\/v2\/comments?post=5882"}],"version-history":[{"count":1,"href":"https:\/\/humanidades.uprrp.edu\/visiondoble\/wp-json\/wp\/v2\/pages\/5882\/revisions"}],"predecessor-version":[{"id":5883,"href":"https:\/\/humanidades.uprrp.edu\/visiondoble\/wp-json\/wp\/v2\/pages\/5882\/revisions\/5883"}],"wp:attachment":[{"href":"https:\/\/humanidades.uprrp.edu\/visiondoble\/wp-json\/wp\/v2\/media?parent=5882"}],"curies":[{"name":"wp","href":"https:\/\/api.w.org\/{rel}","templated":true}]}}