{"id":5874,"date":"2022-05-08T21:41:23","date_gmt":"2022-05-09T01:41:23","guid":{"rendered":"http:\/\/humanidades.uprrp.edu\/visiondoble\/?page_id=5874"},"modified":"2022-05-08T21:41:23","modified_gmt":"2022-05-09T01:41:23","slug":"abdias-mendez-robles","status":"publish","type":"page","link":"https:\/\/humanidades.uprrp.edu\/visiondoble\/abdias-mendez-robles\/","title":{"rendered":"Abd\u00edas M\u00e9ndez Robles"},"content":{"rendered":"<p style=\"text-align: justify;\"><span style=\"font-size: 110%;\">Artista, consultor y cr\u00edtico de arte, Abd\u00edas M\u00e9ndez cuenta con una preparaci\u00f3n multidisciplinaria: un Bachillerato en Artes Pl\u00e1sticas con especialidad en Pintura y otro en Ciencias en Finanzas y Econom\u00eda, un Master en Arte y en Administraci\u00f3n de Empresas y un Doctorado en Naturopat\u00eda. Como artista, ha participado en numerosas exposiciones en los Estados Unidos, Europa, Latinoam\u00e9rica y en Asia. Ha recibido reconocimientos del Comit\u00e9 UNESCO-PR, una Menci\u00f3n de Honor de la Asociaci\u00f3n Internacional de Cr\u00edticos de Arte (AICA), una Menci\u00f3n de Honor de Svenska Konstgalleriet en Suecia y la Resoluci\u00f3n n\u00famero 1383 del Senado de Puerto Rico, como exponente de las Bellas Artes. Es Miembro de la Asociaci\u00f3n Internacional de Cr\u00edticos de Arte (AICA) y de la Asociaci\u00f3n de Museos de Puerto Rico (AMPR).<\/span><\/p>\n","protected":false},"excerpt":{"rendered":"<p>Artista, consultor y cr\u00edtico de arte, Abd\u00edas M\u00e9ndez cuenta con una preparaci\u00f3n multidisciplinaria: un Bachillerato en Artes Pl\u00e1sticas con especialidad en Pintura y otro en Ciencias en Finanzas y Econom\u00eda, un Master en Arte y en Administraci\u00f3n de Empresas y un Doctorado en Naturopat\u00eda. Como artista, ha participado en numerosas exposiciones en los Estados Unidos, [&#8230;]\n","protected":false},"author":12,"featured_media":0,"parent":0,"menu_order":0,"comment_status":"closed","ping_status":"closed","template":"","meta":{"footnotes":""},"class_list":["post-5874","page","type-page","status-publish","hentry"],"_links":{"self":[{"href":"https:\/\/humanidades.uprrp.edu\/visiondoble\/wp-json\/wp\/v2\/pages\/5874","targetHints":{"allow":["GET"]}}],"collection":[{"href":"https:\/\/humanidades.uprrp.edu\/visiondoble\/wp-json\/wp\/v2\/pages"}],"about":[{"href":"https:\/\/humanidades.uprrp.edu\/visiondoble\/wp-json\/wp\/v2\/types\/page"}],"author":[{"embeddable":true,"href":"https:\/\/humanidades.uprrp.edu\/visiondoble\/wp-json\/wp\/v2\/users\/12"}],"replies":[{"embeddable":true,"href":"https:\/\/humanidades.uprrp.edu\/visiondoble\/wp-json\/wp\/v2\/comments?post=5874"}],"version-history":[{"count":1,"href":"https:\/\/humanidades.uprrp.edu\/visiondoble\/wp-json\/wp\/v2\/pages\/5874\/revisions"}],"predecessor-version":[{"id":5875,"href":"https:\/\/humanidades.uprrp.edu\/visiondoble\/wp-json\/wp\/v2\/pages\/5874\/revisions\/5875"}],"wp:attachment":[{"href":"https:\/\/humanidades.uprrp.edu\/visiondoble\/wp-json\/wp\/v2\/media?parent=5874"}],"curies":[{"name":"wp","href":"https:\/\/api.w.org\/{rel}","templated":true}]}}