{"id":5862,"date":"2022-05-08T21:35:21","date_gmt":"2022-05-09T01:35:21","guid":{"rendered":"http:\/\/humanidades.uprrp.edu\/visiondoble\/?page_id=5862"},"modified":"2025-09-10T13:44:42","modified_gmt":"2025-09-10T17:44:42","slug":"andria-l-ortiz-gines","status":"publish","type":"page","link":"https:\/\/humanidades.uprrp.edu\/visiondoble\/andria-l-ortiz-gines\/","title":{"rendered":"Andria L. Ortiz Gin\u00e9s"},"content":{"rendered":"\n<figure class=\"wp-block-image size-full is-resized\"><img loading=\"lazy\" decoding=\"async\" width=\"800\" height=\"800\" src=\"https:\/\/humanidades.uprrp.edu\/visiondoble\/wp-content\/uploads\/2025\/09\/andria.jpeg\" alt=\"\" class=\"wp-image-6622\" style=\"object-fit:contain;width:394px;height:auto\" srcset=\"https:\/\/humanidades.uprrp.edu\/visiondoble\/wp-content\/uploads\/2025\/09\/andria.jpeg 800w, https:\/\/humanidades.uprrp.edu\/visiondoble\/wp-content\/uploads\/2025\/09\/andria-300x300.jpeg 300w, https:\/\/humanidades.uprrp.edu\/visiondoble\/wp-content\/uploads\/2025\/09\/andria-150x150.jpeg 150w, https:\/\/humanidades.uprrp.edu\/visiondoble\/wp-content\/uploads\/2025\/09\/andria-768x768.jpeg 768w\" sizes=\"auto, (max-width: 800px) 100vw, 800px\" \/><\/figure>\n\n\n\n<div class=\"wp-block-group has-white-color has-text-color has-link-color wp-elements-819dc71402bee24f2f6e3137fad44280\"><div class=\"wp-block-group__inner-container is-layout-constrained wp-block-group-is-layout-constrained\">[spacer height=\u201d20px\u201d]\n<\/div><\/div>\n\n\n\n<p style=\"text-align: justify;\"><span style=\"font-size: 110%;\">Graduada en Psicolog\u00eda por la Universidad de Puerto Rico, Recinto de R\u00edo Piedras. En junio de 2023 obtuvo una maestr\u00eda en Consejer\u00eda Psicol\u00f3gica en la Universidad Carlos Albizu, en San Juan. Sus intereses fluct\u00faan entre las ciencias sociales, la moda y la historia del arte, y form\u00f3 parte de un proyecto de investigaci\u00f3n sobre la pr\u00e1ctica fotogr\u00e1fica realizada por mujeres en Puerto Rico en el siglo XXI, auspiciado por Criias (UPRRP) . En el pasado ha colaborado con el Instituto Latinx Uni\u00f3n=Fuerza, donde forma parte del equipo de comunicaciones, con la creaci\u00f3n de campa\u00f1as y manejo de redes sociales. En la actualidad ejerce su carrera de psicolog\u00eda pedi\u00e1trica.<\/span><\/p>\n\n\n\n<div class=\"wp-block-group\"><div class=\"wp-block-group__inner-container is-layout-constrained wp-block-group-is-layout-constrained\">\n<div class=\"wp-block-group is-layout-grid wp-container-core-group-is-layout-9649a0d9 wp-block-group-is-layout-grid\"><\/div>\n<\/div><\/div>\n\n\n\n<p><\/p>\n","protected":false},"excerpt":{"rendered":"<p>Graduada en Psicolog\u00eda por la Universidad de Puerto Rico, Recinto de R\u00edo Piedras. En junio de 2023 obtuvo una maestr\u00eda en Consejer\u00eda Psicol\u00f3gica en la Universidad Carlos Albizu, en San Juan. Sus intereses fluct\u00faan entre las ciencias sociales, la moda y la historia del arte, y form\u00f3 parte de un proyecto de investigaci\u00f3n sobre la [&#8230;]\n","protected":false},"author":12,"featured_media":0,"parent":0,"menu_order":0,"comment_status":"closed","ping_status":"closed","template":"","meta":{"footnotes":""},"class_list":["post-5862","page","type-page","status-publish","hentry"],"_links":{"self":[{"href":"https:\/\/humanidades.uprrp.edu\/visiondoble\/wp-json\/wp\/v2\/pages\/5862","targetHints":{"allow":["GET"]}}],"collection":[{"href":"https:\/\/humanidades.uprrp.edu\/visiondoble\/wp-json\/wp\/v2\/pages"}],"about":[{"href":"https:\/\/humanidades.uprrp.edu\/visiondoble\/wp-json\/wp\/v2\/types\/page"}],"author":[{"embeddable":true,"href":"https:\/\/humanidades.uprrp.edu\/visiondoble\/wp-json\/wp\/v2\/users\/12"}],"replies":[{"embeddable":true,"href":"https:\/\/humanidades.uprrp.edu\/visiondoble\/wp-json\/wp\/v2\/comments?post=5862"}],"version-history":[{"count":8,"href":"https:\/\/humanidades.uprrp.edu\/visiondoble\/wp-json\/wp\/v2\/pages\/5862\/revisions"}],"predecessor-version":[{"id":6627,"href":"https:\/\/humanidades.uprrp.edu\/visiondoble\/wp-json\/wp\/v2\/pages\/5862\/revisions\/6627"}],"wp:attachment":[{"href":"https:\/\/humanidades.uprrp.edu\/visiondoble\/wp-json\/wp\/v2\/media?parent=5862"}],"curies":[{"name":"wp","href":"https:\/\/api.w.org\/{rel}","templated":true}]}}