{"id":5854,"date":"2022-05-08T21:31:05","date_gmt":"2022-05-09T01:31:05","guid":{"rendered":"http:\/\/humanidades.uprrp.edu\/visiondoble\/?page_id=5854"},"modified":"2025-09-10T13:32:47","modified_gmt":"2025-09-10T17:32:47","slug":"amanda-alonso","status":"publish","type":"page","link":"https:\/\/humanidades.uprrp.edu\/visiondoble\/amanda-alonso\/","title":{"rendered":"Amanda Alonso"},"content":{"rendered":"\n<div class=\"wp-block-group is-layout-grid wp-container-core-group-is-layout-6be84c55 wp-block-group-is-layout-grid\">\n<figure class=\"wp-block-image size-full wp-container-content-2155ee95\"><img loading=\"lazy\" decoding=\"async\" width=\"1440\" height=\"1800\" src=\"https:\/\/humanidades.uprrp.edu\/visiondoble\/wp-content\/uploads\/2025\/09\/amanda-alonso-2.jpg\" alt=\"\" class=\"wp-image-6613\" style=\"aspect-ratio:1;object-fit:contain\" srcset=\"https:\/\/humanidades.uprrp.edu\/visiondoble\/wp-content\/uploads\/2025\/09\/amanda-alonso-2.jpg 1440w, https:\/\/humanidades.uprrp.edu\/visiondoble\/wp-content\/uploads\/2025\/09\/amanda-alonso-2-240x300.jpg 240w, https:\/\/humanidades.uprrp.edu\/visiondoble\/wp-content\/uploads\/2025\/09\/amanda-alonso-2-819x1024.jpg 819w, https:\/\/humanidades.uprrp.edu\/visiondoble\/wp-content\/uploads\/2025\/09\/amanda-alonso-2-768x960.jpg 768w, https:\/\/humanidades.uprrp.edu\/visiondoble\/wp-content\/uploads\/2025\/09\/amanda-alonso-2-1229x1536.jpg 1229w\" sizes=\"auto, (max-width: 1440px) 100vw, 1440px\" \/><\/figure>\n<\/div>\n\n\n\n<p class=\"has-white-color has-text-color has-link-color wp-elements-274080d2f7dc8709b11fdc3f1911ad86\">[spacer height=\u201d20px\u201d]\n\n\n\n<p style=\"text-align: justify;\"><span style=\"font-size: 110%;\">Egresada de la UPR \u2013 Recinto de R\u00edo Piedras, donde complet\u00f3 un Bachillerato en Artes Pl\u00e1sticas (escultura) y una segunda concentraci\u00f3n en Historia del Arte. En  2011 complet\u00f3 una Maestr\u00eda en Gesti\u00f3n y Administraci\u00f3n Cultural de la misma instituci\u00f3n. Ese mismo a\u00f1o se certific\u00f3 como Tasadora de Obras de Arte y Bienes Culturales de la Universidad de Nueva York (NYU) donde tambi\u00e9n complet\u00f3 el Uniform Standard for Professional Appraiser Practice (USPAP). Es fundadora y presidenta de \u201cTASART\u201d, compa\u00f1\u00eda que brinda servicios de consultor\u00eda, tasaci\u00f3n, administraci\u00f3n y gesti\u00f3n cultural a artistas, coleccionistas y profesionales de la cultura. Ha trabajado como gestora cultural enfoc\u00e1ndose en la pl\u00e1stica puertorrique\u00f1a, colaborando con instituciones culturales como el Instituto de Cultura Puertorrique\u00f1a, el Museo de Arte de Puerto Rico, el Museo de Arte de Ponce y galer\u00edas locales.<\/span><\/p>\n\n\n\n<p><\/p>\n","protected":false},"excerpt":{"rendered":"[spacer height=\u201d20px\u201d] Egresada de la UPR \u2013 Recinto de R\u00edo Piedras, donde complet\u00f3 un Bachillerato en Artes Pl\u00e1sticas (escultura) y una segunda concentraci\u00f3n en Historia del Arte. En 2011 complet\u00f3 una Maestr\u00eda en Gesti\u00f3n y Administraci\u00f3n Cultural de la misma instituci\u00f3n. Ese mismo a\u00f1o se certific\u00f3 como Tasadora de Obras de Arte y Bienes Culturales [&#8230;]\n","protected":false},"author":12,"featured_media":6610,"parent":0,"menu_order":0,"comment_status":"closed","ping_status":"closed","template":"","meta":{"footnotes":""},"class_list":["post-5854","page","type-page","status-publish","has-post-thumbnail","hentry"],"_links":{"self":[{"href":"https:\/\/humanidades.uprrp.edu\/visiondoble\/wp-json\/wp\/v2\/pages\/5854","targetHints":{"allow":["GET"]}}],"collection":[{"href":"https:\/\/humanidades.uprrp.edu\/visiondoble\/wp-json\/wp\/v2\/pages"}],"about":[{"href":"https:\/\/humanidades.uprrp.edu\/visiondoble\/wp-json\/wp\/v2\/types\/page"}],"author":[{"embeddable":true,"href":"https:\/\/humanidades.uprrp.edu\/visiondoble\/wp-json\/wp\/v2\/users\/12"}],"replies":[{"embeddable":true,"href":"https:\/\/humanidades.uprrp.edu\/visiondoble\/wp-json\/wp\/v2\/comments?post=5854"}],"version-history":[{"count":6,"href":"https:\/\/humanidades.uprrp.edu\/visiondoble\/wp-json\/wp\/v2\/pages\/5854\/revisions"}],"predecessor-version":[{"id":6620,"href":"https:\/\/humanidades.uprrp.edu\/visiondoble\/wp-json\/wp\/v2\/pages\/5854\/revisions\/6620"}],"wp:featuredmedia":[{"embeddable":true,"href":"https:\/\/humanidades.uprrp.edu\/visiondoble\/wp-json\/wp\/v2\/media\/6610"}],"wp:attachment":[{"href":"https:\/\/humanidades.uprrp.edu\/visiondoble\/wp-json\/wp\/v2\/media?parent=5854"}],"curies":[{"name":"wp","href":"https:\/\/api.w.org\/{rel}","templated":true}]}}