{"id":3279,"date":"2020-11-20T22:31:12","date_gmt":"2020-11-21T02:31:12","guid":{"rendered":"http:\/\/humanidades.uprrp.edu\/visiondoble\/?page_id=3279"},"modified":"2025-10-15T16:21:09","modified_gmt":"2025-10-15T20:21:09","slug":"archivo-2020","status":"publish","type":"page","link":"https:\/\/humanidades.uprrp.edu\/visiondoble\/archivo-2020\/","title":{"rendered":"Archivo 2020"},"content":{"rendered":"\n<h3 class=\"accordion_title\">Archivo 2020<\/h3><div class=\"accordion\" rel=\"\">\n\n<div class=\"accordion-item\"><a href=\"#\" class=\"accordion-title plain\"><button class=\"toggle\"><i class=\"icon-angle-down\"><\/i><\/button><span>Febrero<\/span><\/a><div class=\"accordion-inner\">\n\n<p><a href=\"https:\/\/humanidades.uprrp.edu\/visiondoble\/?p=1517\"><strong>El cuerpo pol\u00edtico en los performances de Regina Jos\u00e9 Galindo<\/strong> \/ Eliani Parrilla<\/a><\/p>\n<p><a href=\"https:\/\/humanidades.uprrp.edu\/visiondoble\/?p=1570\"><strong>Ayer pas\u00f3, hoy es y ma\u00f1ana ser\u00e1: Puerto Rico ante el lente del cambio<\/strong> \/ Daniel V\u00e1zquez Sanabria<\/a><\/p>\n<p><a href=\"https:\/\/humanidades.uprrp.edu\/visiondoble\/?p=1614\"><strong>Retrato de una isla que no existe<\/strong> \/ Carlos Ortiz Burgos<\/a><\/p>\n<p><a href=\"https:\/\/humanidades.uprrp.edu\/visiondoble\/?p=1640\"><strong>Irene Delano y la perfecci\u00f3n de la imagen<\/strong> \/ Teresa Ti\u00f3 Fern\u00e1ndez<\/a><\/p>\n\n<\/div><\/div>\n<div class=\"accordion-item\"><a href=\"#\" class=\"accordion-title plain\"><button class=\"toggle\"><i class=\"icon-angle-down\"><\/i><\/button><span>Marzo<\/span><\/a><div class=\"accordion-inner\">\n\n<p><a href=\"https:\/\/humanidades.uprrp.edu\/visiondoble\/?p=1746\"><strong>Enjambre a la huida en la reciente producci\u00f3n de Annelisse Molini<\/strong> \/ Laura Bravo<\/a><\/p>\n<p><a href=\"https:\/\/humanidades.uprrp.edu\/visiondoble\/?p=1718\"><strong>El v\u00eddeo como m\u00e9todo: espejo de lo invisible de Bill Viola, en Fundaci\u00f3n Telef\u00f3nica<\/strong> \/ Ana Sede\u00f1o Valdell\u00f3s<\/a><\/p>\n<p><a href=\"https:\/\/humanidades.uprrp.edu\/visiondoble\/?p=1727\"><strong>Por una modernidad sin muros: &#8220;Los tres grandes&#8221; en el Whitney<\/strong> \/ Laura Rivera Ayala<\/a><\/p>\n<p><a href=\"https:\/\/humanidades.uprrp.edu\/visiondoble\/?p=1948\"><strong>Diario de un chango: los regresos de Edgard Rodr\u00edguez Luiggi<\/strong> \/ Lilliana Ramos Collado<\/a><\/p>\n<p><a href=\"https:\/\/humanidades.uprrp.edu\/visiondoble\/?p=1835\"><strong>Arte, memoria y resistencia ante la violencia de Estado en Chile y Argentina<\/strong> \/ Windy M. Cosme<\/a><\/p>\n<p><a href=\"https:\/\/humanidades.uprrp.edu\/visiondoble\/?p=1960\"><strong>Retrato de una (de)colonizada: un \u00e1lbum fotogr\u00e1fico de mi multicultural identidad<\/strong> \/ Brenda Cruz<\/a><\/p>\n\n<\/div><\/div>\n<div class=\"accordion-item\"><a href=\"#\" class=\"accordion-title plain\"><button class=\"toggle\"><i class=\"icon-angle-down\"><\/i><\/button><span>Abril<\/span><\/a><div class=\"accordion-inner\">\n\n<p><a href=\"https:\/\/humanidades.uprrp.edu\/visiondoble\/?p=2060\"><strong>Norma Vila Rivero en su serie &#8220;Una met\u00e1fora contra el olvido&#8221;<\/strong> \/ Emilia Qui\u00f1ones Otal<\/a><\/p>\n<p><a href=\"https:\/\/humanidades.uprrp.edu\/visiondoble\/?p=2103\"><strong>Art Collections of the University of Puerto Rico<\/strong> \/ Donald Escudero<\/a><\/p>\n<p><a href=\"https:\/\/humanidades.uprrp.edu\/visiondoble\/?p=2115\"><strong>The Archaeological Research Center<\/strong> \/ Yvonne Narganes<\/a><\/p>\n<p><a href=\"https:\/\/humanidades.uprrp.edu\/visiondoble\/?p=2080\"><strong>Diversidad junto a cohesi\u00f3n<\/strong> \/ Natalia Guzm\u00e1n<\/a><\/p>\n\n<\/div><\/div>\n<div class=\"accordion-item\"><a href=\"#\" class=\"accordion-title plain\"><button class=\"toggle\"><i class=\"icon-angle-down\"><\/i><\/button><span>Mayo<\/span><\/a><div class=\"accordion-inner\">\n\n<p><a href=\"https:\/\/humanidades.uprrp.edu\/visiondoble\/?p=2157\"><b>The Museum of History, Anthropology and Art: A Resource for Research and Education <\/b>\/ Flavia Marichal<\/a><\/p>\n\n<\/div><\/div>\n<div class=\"accordion-item\"><a href=\"#\" class=\"accordion-title plain\"><button class=\"toggle\"><i class=\"icon-angle-down\"><\/i><\/button><span>Junio<\/span><\/a><div class=\"accordion-inner\">\n\n<p><a href=\"https:\/\/humanidades.uprrp.edu\/visiondoble\/?p=2176\"><b>Fuera de la burbuja: obra reciente de Jos\u00e9 Ballester<\/b> \/ Carlos\u00a0Ortiz Burgos<\/a><\/p>\n\n<\/div><\/div>\n<div class=\"accordion-item\"><a href=\"#\" class=\"accordion-title plain\"><button class=\"toggle\"><i class=\"icon-angle-down\"><\/i><\/button><span>Agosto<\/span><\/a><div class=\"accordion-inner\">\n\n<p><a href=\"https:\/\/humanidades.uprrp.edu\/visiondoble\/?p=2219\"><b>Entretanto: exhibici\u00f3n de una obra en proceso de Jun Mart\u00ednez<\/b> \/ Laura Rivera Ayala<\/a><\/p>\n\n<\/div><\/div>\n<div class=\"accordion-item\"><a href=\"#\" class=\"accordion-title plain\"><button class=\"toggle\"><i class=\"icon-angle-down\"><\/i><\/button><span>Septiembre<\/span><\/a><div class=\"accordion-inner\">\n\n<p><a href=\"https:\/\/humanidades.uprrp.edu\/visiondoble\/?p=2419\"><b>A trav\u00e9s del ojo de la arcilla\u00a0<\/b>\/ Carlos Ortiz Burgos<\/a><\/p>\n<p><a href=\"https:\/\/humanidades.uprrp.edu\/visiondoble\/?p=2475\"><strong>El romancero tr\u00f3picodigital de M\u00f3nica F\u00e9lix<\/strong> \/ Paula Mar\u00eda Arribas<\/a><\/p>\n\n<\/div><\/div>\n<div class=\"accordion-item\"><a href=\"#\" class=\"accordion-title plain\"><button class=\"toggle\"><i class=\"icon-angle-down\"><\/i><\/button><span>Octubre<\/span><\/a><div class=\"accordion-inner\">\n\n<p><a href=\"https:\/\/humanidades.uprrp.edu\/visiondoble\/?p=2540\"><b>\u00bfParaiso para qui\u00e9n?<\/b> \/ \u00a0Gabriel Mel\u00e9ndez Santiago<\/a><\/p>\n<p><a href=\"https:\/\/humanidades.uprrp.edu\/visiondoble\/?p=2647\"><strong>Del silencio al discurso: pensar con las im\u00e1genes<\/strong> \/ \u00c9tienne Helmer y\u00a0Laura Bravo<\/a><\/p>\n<p><a href=\"https:\/\/humanidades.uprrp.edu\/visiondoble\/?p=2555\"><strong>La m\u00edmesis de las im\u00e1genes: una aproximaci\u00f3n al gesto apropiacionista<\/strong> \/ Dialitza Col\u00f3n<\/a><\/p>\n<p><a href=\"https:\/\/humanidades.uprrp.edu\/visiondoble\/?p=2626\"><strong>La imagen, la palabra y el tacto: El sacrificio de Abrah\u00e1n, de Rembrandt, y la gr\u00e1fica como un ejercicio de intimidad<\/strong> \/ Mercedes Trelles<\/a><\/p>\n<p><a href=\"https:\/\/humanidades.uprrp.edu\/visiondoble\/?p=2575\"><strong>Una postal d\u2019Eivissa\/Ibiza: imagen, paisaje, experiencia y narraci\u00f3n en la \u00e9poca de la prototuristizaci\u00f3n<\/strong> \/ Bruno Ferrer i Higueras<\/a><\/p>\n<p><a href=\"https:\/\/humanidades.uprrp.edu\/visiondoble\/?p=2649\"><strong>Eleg\u00eda al rostro final: la fotograf\u00eda de la m\u00e1scara mortuoria de Erich Sander<\/strong> \/ Laura Bravo<\/a><\/p>\n<p><a href=\"https:\/\/humanidades.uprrp.edu\/visiondoble\/?p=2595\"><strong>Susan Meiselas y lo invisible: la fotograf\u00eda de guerra y su discurso<\/strong> \/ \u00c9tienne Helmer<\/a><\/p>\n\n<\/div><\/div>\n<div class=\"accordion-item\"><a href=\"#\" class=\"accordion-title plain\"><button class=\"toggle\"><i class=\"icon-angle-down\"><\/i><\/button><span>Noviembre<\/span><\/a><div class=\"accordion-inner\">\n\n<p><a href=\"https:\/\/humanidades.uprrp.edu\/visiondoble\/?p=3170\"><strong>Lectura cuir (queer) para un unicornio<\/strong> \/ Jos\u00e9 Correa Vigier<\/a><\/p>\n\n<\/div><\/div>\n<div class=\"accordion-item\"><a href=\"#\" class=\"accordion-title plain\"><button class=\"toggle\"><i class=\"icon-angle-down\"><\/i><\/button><span>Diciembre<\/span><\/a><div class=\"accordion-inner\">\n\n<p><a href=\"https:\/\/humanidades.uprrp.edu\/visiondoble\/si-te-acercas-no-ves-nada-2\/\"><strong>Si te acercas no ves nada<\/strong> \/ Carlos Ortiz Burgos<\/a><\/p>\n\n<\/div><\/div>\n\n<\/div>\n\n","protected":false},"excerpt":{"rendered":"","protected":false},"author":3,"featured_media":0,"parent":0,"menu_order":0,"comment_status":"closed","ping_status":"closed","template":"","meta":{"footnotes":""},"class_list":["post-3279","page","type-page","status-publish","hentry"],"_links":{"self":[{"href":"https:\/\/humanidades.uprrp.edu\/visiondoble\/wp-json\/wp\/v2\/pages\/3279","targetHints":{"allow":["GET"]}}],"collection":[{"href":"https:\/\/humanidades.uprrp.edu\/visiondoble\/wp-json\/wp\/v2\/pages"}],"about":[{"href":"https:\/\/humanidades.uprrp.edu\/visiondoble\/wp-json\/wp\/v2\/types\/page"}],"author":[{"embeddable":true,"href":"https:\/\/humanidades.uprrp.edu\/visiondoble\/wp-json\/wp\/v2\/users\/3"}],"replies":[{"embeddable":true,"href":"https:\/\/humanidades.uprrp.edu\/visiondoble\/wp-json\/wp\/v2\/comments?post=3279"}],"version-history":[{"count":21,"href":"https:\/\/humanidades.uprrp.edu\/visiondoble\/wp-json\/wp\/v2\/pages\/3279\/revisions"}],"predecessor-version":[{"id":7099,"href":"https:\/\/humanidades.uprrp.edu\/visiondoble\/wp-json\/wp\/v2\/pages\/3279\/revisions\/7099"}],"wp:attachment":[{"href":"https:\/\/humanidades.uprrp.edu\/visiondoble\/wp-json\/wp\/v2\/media?parent=3279"}],"curies":[{"name":"wp","href":"https:\/\/api.w.org\/{rel}","templated":true}]}}