{"id":3273,"date":"2020-11-20T21:37:27","date_gmt":"2020-11-21T01:37:27","guid":{"rendered":"http:\/\/humanidades.uprrp.edu\/visiondoble\/?page_id=3273"},"modified":"2025-10-14T11:16:52","modified_gmt":"2025-10-14T15:16:52","slug":"archivo-2015","status":"publish","type":"page","link":"https:\/\/humanidades.uprrp.edu\/visiondoble\/archivo-2015\/","title":{"rendered":"Archivo 2015"},"content":{"rendered":"\n<h3 class=\"accordion_title\">Archivo 2015<\/h3><div class=\"accordion\" rel=\"\">\n\n<div class=\"accordion-item\"><a href=\"#\" class=\"accordion-title plain\"><button class=\"toggle\"><i class=\"icon-angle-down\"><\/i><\/button><span>Enero<\/span><\/a><div class=\"accordion-inner\">\n\n<p><a href=\"https:\/\/humanidades.uprrp.edu\/visiondoble\/?p=4115\"><b>El centenario de Jack Delano <\/b>\/ Marimar Ben\u00edtez<\/a><\/p>\n<p><a href=\"https:\/\/humanidades.uprrp.edu\/visiondoble\/?p=4198\"><strong>La transformaci\u00f3n de la gr\u00e1fica: retrospectiva de Mart\u00edn Garc\u00eda<\/strong> \/ Mercedes Trelles<\/a><\/p>\n<p><a href=\"https:\/\/humanidades.uprrp.edu\/visiondoble\/?p=4108\"><strong>Calib\u00e1n: acercamiento y reacciones al colonialismo<\/strong> \/ Dianne Br\u00e1s Feliciano<\/a><\/p>\n<p><a href=\"https:\/\/humanidades.uprrp.edu\/visiondoble\/?p=4163\"><strong>El\u00edas Adasme: la presencia sublevada<\/strong> \/ Sabrina Ramos<\/a><\/p>\n<p><a href=\"https:\/\/humanidades.uprrp.edu\/visiondoble\/?p=4193\"><strong>Elsa Mar\u00eda Mel\u00e9ndez: un arsenal de perretas<\/strong> \/ Humberto Figueroa<\/a><\/p>\n<p><a href=\"https:\/\/humanidades.uprrp.edu\/visiondoble\/?p=4211\"><strong>Sexuadxs y desiguales: impresiones sobre conteo de galer\u00edas<\/strong> \/ Yara I. Liceaga Rojas<\/a><\/p>\n<p><a href=\"https:\/\/humanidades.uprrp.edu\/visiondoble\/?p=4207\"><strong>Los muros hablan en Espacio Emergente<\/strong> \/ Abd\u00edas M\u00e9ndez<\/a><\/p>\n\n<\/div><\/div>\n<div class=\"accordion-item\"><a href=\"#\" class=\"accordion-title plain\"><button class=\"toggle\"><i class=\"icon-angle-down\"><\/i><\/button><span>Febrero<\/span><\/a><div class=\"accordion-inner\">\n\n<p><a href=\"https:\/\/humanidades.uprrp.edu\/visiondoble\/?p=4312\"><strong>La pl\u00e1stica como extensi\u00f3n del universo<\/strong> \/ Irene Esteves<\/a><\/p>\n<p><a href=\"https:\/\/humanidades.uprrp.edu\/visiondoble\/?p=4307\"><strong>H<\/strong> \/ Rafael Jackson<\/a><\/p>\n<p><a href=\"https:\/\/humanidades.uprrp.edu\/visiondoble\/?p=4242\"><strong>En torno a las afinidades sensitivas de Jos\u00e9 Manuel Darro<\/strong> \/ Rafael Trelles<\/a><\/p>\n<p><a href=\"https:\/\/humanidades.uprrp.edu\/visiondoble\/?p=4223\"><strong>De puntas: una mirada de cerca y de lejos a absoluto h\u00edbrido<\/strong> \/ Juan Negroni<\/a><\/p>\n<p><a href=\"https:\/\/humanidades.uprrp.edu\/visiondoble\/?p=4288\"><strong>Entre lo individual y lo colectivo<\/strong> \/ Dianne Br\u00e1s Feliciano<\/a><\/p>\n<p><a href=\"https:\/\/humanidades.uprrp.edu\/visiondoble\/?p=4235\"><strong>El malam\u00e9n se ha convertido en Puerto Rico<\/strong> \/ Humberto Figueroa<\/a><\/p>\n<p><a href=\"https:\/\/humanidades.uprrp.edu\/visiondoble\/?p=4285\"><strong>Paisajes fragmentados a diez d\u00f3lares la hora<\/strong> \/ Luis Jeft\u00e9 Lacourt<\/a><\/p>\n<p><a href=\"https:\/\/humanidades.uprrp.edu\/visiondoble\/?p=4298\"><b>Carta a Mr. Turner desde el \u00e1rtico \/ <\/b>Mercedes Trelles<\/a><\/p>\n<p><a href=\"https:\/\/humanidades.uprrp.edu\/visiondoble\/?p=4298\"><strong>A letter to Mr. Turner from the arctic<\/strong> \/ Mercedes Trelles<\/a><\/p>\n<p><a href=\"https:\/\/humanidades.uprrp.edu\/visiondoble\/?p=4292\"><strong>Ibsen Peralta y la vida consagrada de los monjes<\/strong> \/ Bermarie Rodr\u00edguez<\/a><\/p>\n\n<\/div><\/div>\n<div class=\"accordion-item\"><a href=\"#\" class=\"accordion-title plain\"><button class=\"toggle\"><i class=\"icon-angle-down\"><\/i><\/button><span>Marzo<\/span><\/a><div class=\"accordion-inner\">\n\n<p><a href=\"https:\/\/humanidades.uprrp.edu\/visiondoble\/?p=4434\"><b>Mirada caleidosc\u00f3pica \/ <\/b>Humberto Figueroa<\/a><\/p>\n<p><a href=\"https:\/\/humanidades.uprrp.edu\/visiondoble\/?p=4431\"><strong>Las se\u00f1ales de ajuste como met\u00e1fora del acto creativo<\/strong> \/ Dialitza Col\u00f3n<\/a><\/p>\n<p><a href=\"https:\/\/humanidades.uprrp.edu\/visiondoble\/?p=4426\"><strong>La realidad en 48 pulgadas<\/strong> \/ Rosario Romero<\/a><\/p>\n<p><a href=\"https:\/\/humanidades.uprrp.edu\/visiondoble\/?p=4412\"><strong>Galer\u00eda de Arte de la USC: veinte a\u00f1os es mucho<\/strong> \/ Laura T\u00edscar Garc\u00eda<\/a><\/p>\n<p><a href=\"https:\/\/humanidades.uprrp.edu\/visiondoble\/?p=4422\"><strong>La pr\u00e1ctica atrevida: pasado y presente de las curadur\u00edas en Puerto Rico<\/strong> \/ Sabrina Ramos<\/a><\/p>\n<p><a href=\"https:\/\/humanidades.uprrp.edu\/visiondoble\/?p=4408\"><strong>Nuevos cap\u00edtulos para el arte en Puerto Rico<\/strong> \/ Natalia Viera<\/a><\/p>\n\n<\/div><\/div>\n<div class=\"accordion-item\"><a href=\"#\" class=\"accordion-title plain\"><button class=\"toggle\"><i class=\"icon-angle-down\"><\/i><\/button><span>Abril<\/span><\/a><div class=\"accordion-inner\">\n\n<p><a href=\"https:\/\/humanidades.uprrp.edu\/visiondoble\/?p=4721\"><strong>Traer la guerra a casa<\/strong> \/ Lilliana Ramos Collado<\/a><\/p>\n<p><a href=\"https:\/\/humanidades.uprrp.edu\/visiondoble\/?p=4045\"><strong>Por la libre con Carlos Irizarry<\/strong> \/ Melissa Ramos Borges<\/a><\/p>\n<p><a href=\"https:\/\/humanidades.uprrp.edu\/visiondoble\/?p=4735\"><strong>Rompecabezas VI<\/strong> \/ Marta Yasm\u00edn Garc\u00eda<\/a><\/p>\n<p><a href=\"https:\/\/humanidades.uprrp.edu\/visiondoble\/?p=4713\"><strong>En los muros del museo<\/strong> \/ Dianne Br\u00e1s Feliciano<\/a><\/p>\n<p><a href=\"https:\/\/humanidades.uprrp.edu\/visiondoble\/?p=4729\"><strong>Sobre los humanos, demasiado humanos, de Pedro I. San Miguel<\/strong> \/ Nora Rodr\u00edguez Vall\u00e9s<\/a><\/p>\n<p><a href=\"https:\/\/humanidades.uprrp.edu\/visiondoble\/?p=4725\"><strong>On Humans, All Too Human, by Pedro I. San Miguel<\/strong> \/ Nora Rodr\u00edguez Vall\u00e9s<\/a><\/p>\n<p><a href=\"https:\/\/humanidades.uprrp.edu\/visiondoble\/?p=4732\"><strong>Parada 16 1\/2, Alto del Cabro<\/strong> \/ Abdiel Segarra R\u00edos<\/a><\/p>\n<p><a href=\"https:\/\/humanidades.uprrp.edu\/visiondoble\/?p=4710\"><strong>Decero: un discurso desde el cuerpo y el espacio<\/strong> \/ Alexandra Pag\u00e1n<\/a><\/p>\n<p><a href=\"https:\/\/humanidades.uprrp.edu\/visiondoble\/?p=4716\"><strong>La maldici\u00f3n del c\u00f3mic: la historia de Javier Rosa<\/strong> \/ Luis Jeft\u00e9 Lacourt<\/a><\/p>\n<p class=\"p1\"><a href=\"https:\/\/humanidades.uprrp.edu\/visiondoble\/torn-by-hand-paper-paintings-by-ada-haiman\/\"><strong>Torn By Hand: Paper Paintings By Ada Haiman<\/strong> \/ Elizabeth Robles<\/a><\/p>\n\n<\/div><\/div>\n<div class=\"accordion-item\"><a href=\"#\" class=\"accordion-title plain\"><button class=\"toggle\"><i class=\"icon-angle-down\"><\/i><\/button><span>Mayo<\/span><\/a><div class=\"accordion-inner\">\n\n<p><a href=\"https:\/\/humanidades.uprrp.edu\/visiondoble\/?p=4860\"><b>La muestra como s\u00edntoma del Arte Nacional \/ <\/b>Dialitza Col\u00f3n<\/a><\/p>\n<p><a href=\"https:\/\/humanidades.uprrp.edu\/visiondoble\/?p=4864\"><strong>Las visiones de Gustave Dor\u00e9<\/strong> \/ Lilliana Ramos Collado<\/a><\/p>\n<p><a href=\"https:\/\/humanidades.uprrp.edu\/visiondoble\/?p=4869\"><strong>Cumplir diez a\u00f1os en los lugares de la memoria<\/strong> \/ Lydia Plat\u00f3n<\/a><\/p>\n<p><a href=\"https:\/\/humanidades.uprrp.edu\/visiondoble\/?p=4874\"><strong>Sin arte ni amor, no habr\u00eda olvido ni recuerdos<\/strong> \/ Rosario Romero<\/a><\/p>\n<p><a href=\"https:\/\/humanidades.uprrp.edu\/visiondoble\/?p=4878\"><strong>Terrenos de perturbaci\u00f3n de Julio Lugo Rivas<\/strong> \/ Cheryl Hartup<\/a><\/p>\n<p><a href=\"https:\/\/humanidades.uprrp.edu\/visiondoble\/?p=4883\"><strong>Julio Lugo Rivas&#8217; Terrains of Disturbance<\/strong> \/ Cheryl Hartup<\/a><\/p>\n<p><a href=\"https:\/\/humanidades.uprrp.edu\/visiondoble\/?p=4887\"><strong>El arte es un camino<\/strong> \/ Laura T\u00edscar Garc\u00eda<\/a><\/p>\n<p><a href=\"https:\/\/humanidades.uprrp.edu\/visiondoble\/?p=4891\"><strong>Papel que corta como machete<\/strong> \/ Abdiel Segarra R\u00edos<\/a><\/p>\n<p><a href=\"https:\/\/humanidades.uprrp.edu\/visiondoble\/?p=4896\"><strong>El Caribe vegetal y luminoso de flora, con Agust\u00edn Stahl y Rafael Trelles<\/strong> \/ Mar\u00eda M. Carri\u00f3n<\/a><\/p>\n<p><a href=\"https:\/\/humanidades.uprrp.edu\/visiondoble\/?p=4902\"><strong>Los Reyes Magos en las artes visuales puertorrique\u00f1as<\/strong> \/ Adl\u00edn R\u00edos Rigau<\/a><\/p>\n<p><a href=\"https:\/\/humanidades.uprrp.edu\/visiondoble\/?p=4905\"><strong>Una reflexi\u00f3n cinematogr\u00e1fica sobre el legado de Myrna B\u00e1ez<\/strong> \/ Alexandra Vega<\/a><\/p>\n\n<\/div><\/div>\n<div class=\"accordion-item\"><a href=\"#\" class=\"accordion-title plain\"><button class=\"toggle\"><i class=\"icon-angle-down\"><\/i><\/button><span>Junio<\/span><\/a><div class=\"accordion-inner\">\n\n<p><a href=\"https:\/\/humanidades.uprrp.edu\/visiondoble\/?p=4950\"><b>Marcos Irizarry, hoy<\/b> \/ Raquel Torres Arzola<\/a><\/p>\n<p><a href=\"https:\/\/humanidades.uprrp.edu\/visiondoble\/?p=4932\"><strong>Del silencio elocuente<\/strong> \/ Camen Zeta<\/a><\/p>\n<p><a href=\"https:\/\/humanidades.uprrp.edu\/visiondoble\/?p=4936\"><strong>El paisaje en Matadero<\/strong> \/ Anna Astor Blanco<\/a><\/p>\n<p><a href=\"https:\/\/humanidades.uprrp.edu\/visiondoble\/?p=4945\"><strong>Lo atemporal en lo actual del arte en Puerto Rico<\/strong> \/ Abd\u00edas M\u00e9ndez Robles<\/a><\/p>\n<p><a href=\"https:\/\/humanidades.uprrp.edu\/visiondoble\/?p=4939\"><strong>Isla recreada, arribada en el RUM<\/strong> \/ Rafael Jackson<\/a><\/p>\n\n<\/div><\/div>\n<div class=\"accordion-item\"><a href=\"#\" class=\"accordion-title plain\"><button class=\"toggle\"><i class=\"icon-angle-down\"><\/i><\/button><span>Julio<\/span><\/a><div class=\"accordion-inner\">\n\n<p><a href=\"https:\/\/humanidades.uprrp.edu\/visiondoble\/?p=4963\"><strong>El laberinto creativo de Jaime Su\u00e1rez<\/strong> \/ Bermarie Rodr\u00edguez<\/a><\/p>\n<p><a href=\"https:\/\/humanidades.uprrp.edu\/visiondoble\/?p=4969\"><strong>La pintura en las nubes: Jaime Romano<\/strong> \/ Lilliana Ramos Collado<\/a><\/p>\n<p><a href=\"https:\/\/humanidades.uprrp.edu\/visiondoble\/?p=4957\"><strong>Con br\u00edo propio artista pioner@s de La Cat\u00f3lica<\/strong> \/ S. Damary Burgos<\/a><\/p>\n<p><a href=\"https:\/\/humanidades.uprrp.edu\/visiondoble\/?p=4966\"><strong>Galer\u00eda BA 209: un espacio de validaci\u00f3n profesional<\/strong> \/ Laura T\u00edscar Garc\u00eda<\/a><\/p>\n<p><a href=\"https:\/\/humanidades.uprrp.edu\/visiondoble\/?p=4960\"><strong>Cossette Zeno: antolog\u00eda<\/strong> \/ Jos\u00e9 Correa Vigier<\/a><\/p>\n<p><a href=\"https:\/\/humanidades.uprrp.edu\/visiondoble\/?p=4973\"><strong>Nueva sangre, nuevo arte, en el RUM<\/strong> \/ Karla Torres<\/a><\/p>\n\n<\/div><\/div>\n<div class=\"accordion-item\"><a href=\"#\" class=\"accordion-title plain\"><button class=\"toggle\"><i class=\"icon-angle-down\"><\/i><\/button><span>Agosto<\/span><\/a><div class=\"accordion-inner\">\n\n<p><a href=\"https:\/\/humanidades.uprrp.edu\/visiondoble\/?p=4690\"><b>Del constante reinicio: la trayectoria art\u00edstica de Elizabeth Robles <\/b>\/ Donald Escudero<\/a><\/p>\n<p><a href=\"https:\/\/humanidades.uprrp.edu\/visiondoble\/?p=4979\"><strong>La cuenta atr\u00e1s para MUSA<\/strong> \/ Rafael Jackson<\/a><\/p>\n<p><a href=\"https:\/\/humanidades.uprrp.edu\/visiondoble\/?p=4984\"><strong>Plisket, Puerto Rico: Saving Point, los c\u00f3mics y los videojuegos<\/strong> \/ Luis Jeft\u00e9 Lacourt<\/a><\/p>\n\n<\/div><\/div>\n<div class=\"accordion-item\"><a href=\"#\" class=\"accordion-title plain\"><button class=\"toggle\"><i class=\"icon-angle-down\"><\/i><\/button><span>Septiembre<\/span><\/a><div class=\"accordion-inner\">\n\n<p><a href=\"https:\/\/humanidades.uprrp.edu\/visiondoble\/?p=5013\"><b>El diorama subversivo<\/b> \/ Raquel Torres Arzola<\/a><\/p>\n<p><a href=\"https:\/\/humanidades.uprrp.edu\/visiondoble\/?p=4992\"><strong>Dark matter: un universo de posibilidades<\/strong> \/ Laura T\u00edscar Garc\u00eda<\/a><\/p>\n<p><a href=\"https:\/\/humanidades.uprrp.edu\/visiondoble\/?p=4988\"><strong>Colonial Comfort: una historia con muchos autores<\/strong> \/ Carlos Antonio Otero<\/a><\/p>\n<p><a href=\"https:\/\/humanidades.uprrp.edu\/visiondoble\/?p=5001\"><strong>La cosa como objeto, el objeto como arte<\/strong> \/ Abd\u00edas M\u00e9ndez Robles<\/a><\/p>\n<p><a href=\"https:\/\/humanidades.uprrp.edu\/visiondoble\/?p=5004\"><strong>Notas y banderas de Pedro V\u00e9lez<\/strong> \/ Dianne Br\u00e1s Feliciano<\/a><\/p>\n<p><a href=\"https:\/\/humanidades.uprrp.edu\/visiondoble\/?p=5008\"><strong>Quique Rivera: evocaci\u00f3n en movimiento<\/strong> \/ Laura T\u00edscar Garc\u00eda<\/a><\/p>\n<p><a href=\"https:\/\/humanidades.uprrp.edu\/visiondoble\/?p=4997\"><strong>De piso a pared<\/strong> \/ Jorge I. Ocasio<\/a><\/p>\n\n<\/div><\/div>\n<div class=\"accordion-item\"><a href=\"#\" class=\"accordion-title plain\"><button class=\"toggle\"><i class=\"icon-angle-down\"><\/i><\/button><span>Octubre<\/span><\/a><div class=\"accordion-inner\">\n\n<p><a href=\"https:\/\/humanidades.uprrp.edu\/visiondoble\/?p=5051\"><strong>Con(tra) los elementos<\/strong> \/ Rafael Jackson<\/a><\/p>\n<p><a href=\"https:\/\/humanidades.uprrp.edu\/visiondoble\/?p=5075\"><strong>La m\u00e1scara como prisma y el acecho de la violencia en Jotham Malav\u00e9<\/strong> \/ Alexandra Pag\u00e1n<\/a><\/p>\n<p><a href=\"https:\/\/humanidades.uprrp.edu\/visiondoble\/?p=5067\"><strong>Jos\u00e9 Luis Vargas: un activista de lo simb\u00f3lico<\/strong> \/ Raquel Torres Arzola<\/a><\/p>\n<p><a href=\"https:\/\/humanidades.uprrp.edu\/visiondoble\/?p=5058\"><strong>Pun18: entre consenso y conflicto<\/strong> \/ Laura T\u00edscar Garc\u00eda<\/a><\/p>\n<p><a href=\"https:\/\/humanidades.uprrp.edu\/visiondoble\/?p=5071\"><strong>Drama e intimidad en la obra de Ang\u00e9lica Rivera<\/strong> \/ Abd\u00edas M\u00e9ndez Robles<\/a><\/p>\n<p><a href=\"https:\/\/humanidades.uprrp.edu\/visiondoble\/?p=5063\"><strong>De la multiplicidad a la s\u00edntesis: los pelda\u00f1os en ascenso de Ludwig Medina<\/strong> \/ Karla Torres<\/a><\/p>\n<p><a href=\"https:\/\/humanidades.uprrp.edu\/visiondoble\/?p=5054\"><strong>Walter Otero: un referente ineludible<\/strong> \/ Laura T\u00edscar Garc\u00eda<\/a><\/p>\n<p><a href=\"https:\/\/humanidades.uprrp.edu\/visiondoble\/?p=5082\"><strong>Turey el ta\u00edno, para siempre<\/strong> \/ Luis Jeft\u00e9 Lacourt<\/a><\/p>\n\n<\/div><\/div>\n<div class=\"accordion-item\"><a href=\"#\" class=\"accordion-title plain\"><button class=\"toggle\"><i class=\"icon-angle-down\"><\/i><\/button><span>Noviembre<\/span><\/a><div class=\"accordion-inner\">\n\n<p><a href=\"https:\/\/humanidades.uprrp.edu\/visiondoble\/?p=5096\"><b>Carlos Betancourt: testigo de la belleza<\/b> \/ Lilliana Ramos Collado<\/a><\/p>\n<p><a href=\"https:\/\/humanidades.uprrp.edu\/visiondoble\/?p=5125\"><strong>Sin palo no hay piedra<\/strong> \/ Rosario Romero<\/a><\/p>\n<p><a href=\"https:\/\/humanidades.uprrp.edu\/visiondoble\/?p=5117\"><strong>Peces calientes y ombligos en la Embajada<\/strong> \/ Yasm\u00edn Flores<\/a><\/p>\n<p><a href=\"https:\/\/humanidades.uprrp.edu\/visiondoble\/?p=5104\"><strong>Escribir-marcar-fotograf\u00edas: Eduardo Lalo en Casa Cort\u00e9s<\/strong> \/ Lilliana Ramos Collado<\/a><\/p>\n<p><a href=\"https:\/\/humanidades.uprrp.edu\/visiondoble\/?p=5108\"><strong>Escuchando el r\u00edo con Karlo Andrei Ibarra<\/strong> \/ Bermarie Rodr\u00edguez<\/a><\/p>\n<p><a href=\"https:\/\/humanidades.uprrp.edu\/visiondoble\/?p=5100\"><strong>David Zayas: sin aliento<\/strong> \/ Baruch Vergara<\/a><\/p>\n<p><a href=\"https:\/\/humanidades.uprrp.edu\/visiondoble\/?p=5092\"><strong>Los muros de la Uni<\/strong> \/ Dianne Br\u00e1s Feliciano<\/a><\/p>\n<p><a href=\"https:\/\/humanidades.uprrp.edu\/visiondoble\/?p=5121\"><strong>Roberto Paradise: cuesti\u00f3n de instinto<\/strong> \/ Laura T\u00edscar Garc\u00eda<\/a><\/p>\n<p><a href=\"https:\/\/humanidades.uprrp.edu\/visiondoble\/?p=5114\"><strong>Flora: A verdant and Luminous Caribbean, With Agust\u00edn Stahl and Rafael Trelles<\/strong> \/ Mar\u00eda M. Carri\u00f3n<\/a><\/p>\n<p><a href=\"https:\/\/humanidades.uprrp.edu\/visiondoble\/?p=5088\"><strong>Borrando g\u00e9neros desde la fotograf\u00eda<\/strong> \/ Juan Carlos Jorge<\/a><\/p>\n\n<\/div><\/div>\n<div class=\"accordion-item\"><a href=\"#\" class=\"accordion-title plain\"><button class=\"toggle\"><i class=\"icon-angle-down\"><\/i><\/button><span>Diciembre<\/span><\/a><div class=\"accordion-inner\">\n\n<p><a href=\"https:\/\/humanidades.uprrp.edu\/visiondoble\/from-slum-to-landscape-photography-and-the-metamorphosis-of-meanings-in-san-juan\/\"><b>From Slum to Landscape: Photography and the Metamorphosis of Meanings in San Juan<\/b> \/ Jorge Lizardi Pollock<\/a><\/p>\n\n<\/div><\/div>\n\n<\/div>\n\n","protected":false},"excerpt":{"rendered":"","protected":false},"author":3,"featured_media":0,"parent":0,"menu_order":0,"comment_status":"closed","ping_status":"closed","template":"","meta":{"footnotes":""},"class_list":["post-3273","page","type-page","status-publish","hentry"],"_links":{"self":[{"href":"https:\/\/humanidades.uprrp.edu\/visiondoble\/wp-json\/wp\/v2\/pages\/3273","targetHints":{"allow":["GET"]}}],"collection":[{"href":"https:\/\/humanidades.uprrp.edu\/visiondoble\/wp-json\/wp\/v2\/pages"}],"about":[{"href":"https:\/\/humanidades.uprrp.edu\/visiondoble\/wp-json\/wp\/v2\/types\/page"}],"author":[{"embeddable":true,"href":"https:\/\/humanidades.uprrp.edu\/visiondoble\/wp-json\/wp\/v2\/users\/3"}],"replies":[{"embeddable":true,"href":"https:\/\/humanidades.uprrp.edu\/visiondoble\/wp-json\/wp\/v2\/comments?post=3273"}],"version-history":[{"count":80,"href":"https:\/\/humanidades.uprrp.edu\/visiondoble\/wp-json\/wp\/v2\/pages\/3273\/revisions"}],"predecessor-version":[{"id":6997,"href":"https:\/\/humanidades.uprrp.edu\/visiondoble\/wp-json\/wp\/v2\/pages\/3273\/revisions\/6997"}],"wp:attachment":[{"href":"https:\/\/humanidades.uprrp.edu\/visiondoble\/wp-json\/wp\/v2\/media?parent=3273"}],"curies":[{"name":"wp","href":"https:\/\/api.w.org\/{rel}","templated":true}]}}