{"id":3233,"date":"2020-11-19T20:33:38","date_gmt":"2020-11-20T00:33:38","guid":{"rendered":"http:\/\/humanidades.uprrp.edu\/visiondoble\/?page_id=3233"},"modified":"2025-10-15T15:31:30","modified_gmt":"2025-10-15T19:31:30","slug":"archivo-2019","status":"publish","type":"page","link":"https:\/\/humanidades.uprrp.edu\/visiondoble\/archivo-2019\/","title":{"rendered":"Archivo 2019"},"content":{"rendered":"\n<h3 class=\"accordion_title\">Archivo 2019<\/h3><div class=\"accordion\" rel=\"\">\n\n<div class=\"accordion-item\"><a href=\"#\" class=\"accordion-title plain\"><button class=\"toggle\"><i class=\"icon-angle-down\"><\/i><\/button><span>Marzo<\/span><\/a><div class=\"accordion-inner\">\n\n<p><a href=\"https:\/\/humanidades.uprrp.edu\/visiondoble\/?p=577\"><strong>Colecciones de Arte de la Universidad de Puerto Rico <\/strong>\/ Donald Escudero<\/a><\/p>\n<p><a href=\"https:\/\/humanidades.uprrp.edu\/visiondoble\/?p=73\"><strong>El Museo de Arte Dr. P\u00edo L\u00f3pez\u00a0<\/strong>\/ Mariel Qui\u00f1ones<\/a><\/p>\n<p><a href=\"https:\/\/humanidades.uprrp.edu\/visiondoble\/?p=241\"><strong>MUSA y la colecci\u00f3n permanente<\/strong> \/ Zorali de Feria<\/a><\/p>\n<p><a href=\"https:\/\/humanidades.uprrp.edu\/visiondoble\/?p=334\"><strong>El Centro de Investigaciones arqueol\u00f3gicas<\/strong> \/ Yvonne Narganes<\/a><\/p>\n<p><a href=\"https:\/\/humanidades.uprrp.edu\/visiondoble\/?p=355\"><strong>El Museo de Historia, Antropolog\u00eda y Arte: un recurso para la investigaci\u00f3n y la ense\u00f1anza<\/strong> \/ Flavia Marichal<\/a><\/p>\n\n<\/div><\/div>\n<div class=\"accordion-item\"><a href=\"#\" class=\"accordion-title plain\"><button class=\"toggle\"><i class=\"icon-angle-down\"><\/i><\/button><span>Abril<\/span><\/a><div class=\"accordion-inner\">\n\n<p><a href=\"https:\/\/humanidades.uprrp.edu\/visiondoble\/?p=721\"><strong>To be&#8230;<\/strong> \/ Anna Astor<\/a><\/p>\n\n<\/div><\/div>\n<div class=\"accordion-item\"><a href=\"#\" class=\"accordion-title plain\"><button class=\"toggle\"><i class=\"icon-angle-down\"><\/i><\/button><span>Mayo<\/span><\/a><div class=\"accordion-inner\">\n\n<p><a href=\"https:\/\/humanidades.uprrp.edu\/visiondoble\/?p=933\"><strong>Sobre el vac\u00edo y la ausencia<\/strong> \/ Carlos Ortiz Burgos<\/a><\/p>\n<p><a href=\"https:\/\/humanidades.uprrp.edu\/visiondoble\/?p=947\"><strong>Diario de arte en San Juan: tengo buenas y malas noticias<\/strong> \/ Jan Galligan y Liliam Mulero<\/a><\/p>\n\n<\/div><\/div>\n<div class=\"accordion-item\"><a href=\"#\" class=\"accordion-title plain\"><button class=\"toggle\"><i class=\"icon-angle-down\"><\/i><\/button><span>Septiembre<\/span><\/a><div class=\"accordion-inner\">\n\n<p><a href=\"https:\/\/humanidades.uprrp.edu\/visiondoble\/?p=1087\"><strong>Janet Le\u00f3n y la belleza de la madera<\/strong> \/ Adl\u00edn R\u00edos Rigau<\/a><\/p>\n\n<\/div><\/div>\n<div class=\"accordion-item\"><a href=\"#\" class=\"accordion-title plain\"><button class=\"toggle\"><i class=\"icon-angle-down\"><\/i><\/button><span>Octubre<\/span><\/a><div class=\"accordion-inner\">\n\n<p><a href=\"https:\/\/humanidades.uprrp.edu\/visiondoble\/?p=1220\"><strong>El inevitable vis-a-vis caribe\u00f1o: oda a la pl\u00e1stica dominicana<\/strong> \/ Gelenia Trinidad<\/a><\/p>\n<p><a href=\"https:\/\/humanidades.uprrp.edu\/visiondoble\/?p=1273\"><strong>Del sonido del barro: una entrevista a Gadiel River<\/strong>a \/ Elizabeth Robles<\/a><\/p>\n<p><a href=\"https:\/\/humanidades.uprrp.edu\/visiondoble\/?p=1292\"><strong>El hilo como medio art\u00edstico<\/strong> \/ Carlos Ortiz Burgos<\/a><\/p>\n<p><a href=\"https:\/\/humanidades.uprrp.edu\/visiondoble\/?p=1474\"><strong>La comunicaci\u00f3n como mecanismo de control social en el trabajo de Abdiel Segarra R\u00edos<\/strong> \/ Quint\u00edn Rivera Toro<\/a><\/p>\n\n<\/div><\/div>\n\n<\/div>\n\n","protected":false},"excerpt":{"rendered":"","protected":false},"author":3,"featured_media":0,"parent":0,"menu_order":0,"comment_status":"closed","ping_status":"closed","template":"","meta":{"footnotes":""},"class_list":["post-3233","page","type-page","status-publish","hentry"],"_links":{"self":[{"href":"https:\/\/humanidades.uprrp.edu\/visiondoble\/wp-json\/wp\/v2\/pages\/3233","targetHints":{"allow":["GET"]}}],"collection":[{"href":"https:\/\/humanidades.uprrp.edu\/visiondoble\/wp-json\/wp\/v2\/pages"}],"about":[{"href":"https:\/\/humanidades.uprrp.edu\/visiondoble\/wp-json\/wp\/v2\/types\/page"}],"author":[{"embeddable":true,"href":"https:\/\/humanidades.uprrp.edu\/visiondoble\/wp-json\/wp\/v2\/users\/3"}],"replies":[{"embeddable":true,"href":"https:\/\/humanidades.uprrp.edu\/visiondoble\/wp-json\/wp\/v2\/comments?post=3233"}],"version-history":[{"count":10,"href":"https:\/\/humanidades.uprrp.edu\/visiondoble\/wp-json\/wp\/v2\/pages\/3233\/revisions"}],"predecessor-version":[{"id":7089,"href":"https:\/\/humanidades.uprrp.edu\/visiondoble\/wp-json\/wp\/v2\/pages\/3233\/revisions\/7089"}],"wp:attachment":[{"href":"https:\/\/humanidades.uprrp.edu\/visiondoble\/wp-json\/wp\/v2\/media?parent=3233"}],"curies":[{"name":"wp","href":"https:\/\/api.w.org\/{rel}","templated":true}]}}