{"id":30,"date":"2019-02-11T15:54:46","date_gmt":"2019-02-11T19:54:46","guid":{"rendered":"http:\/\/humanidades.uprrp.edu\/visiondoble\/?page_id=30"},"modified":"2025-10-04T11:51:49","modified_gmt":"2025-10-04T15:51:49","slug":"equipo-editorial","status":"publish","type":"page","link":"https:\/\/humanidades.uprrp.edu\/visiondoble\/equipo-editorial\/","title":{"rendered":"Comit\u00e9 editorial"},"content":{"rendered":"\n<p style=\"text-align: left;\"><span style=\"font-size: 100%;\"><strong>EQUIPO EDITORIAL<\/strong><\/span><\/p>\n<p style=\"text-align: left;\"><span style=\"font-size: 100%;\">Laura Bravo L\u00f3pez, Editora<\/span><br \/><span style=\"font-size: 100%;\">Profesora del Programa de Historia del Arte<br \/>Facultad de Humanidades<\/span><br \/><span style=\"font-size: 100%;\">Universidad de Puerto Rico, Recinto de R\u00edo Piedras<\/span><\/p>\n<p style=\"text-align: left;\"><span style=\"font-size: 100%;\">Carlos Ortiz Burgos, Editor Asociado<\/span><br \/><span style=\"font-size: 100%;\">Estudiante doctoral en el Programa de Historia del Arte<br \/>City University of New York<\/span><\/p>\n<p style=\"text-align: left;\"><span style=\"font-size: 100%;\">Donald Carlos Escudero Rivera, Editor Asociado<\/span><br \/><span style=\"font-size: 100%;\">Director del Museo de Arte (MUSA)<br \/>Universidad de Puerto Rico, Recinto Universitario de Mayag\u00fcez<\/span><\/p>\n<p style=\"text-align: left;\">\u00a0<\/p>\n<p style=\"text-align: left;\"><span style=\"font-size: 100%;\"><strong>COMIT\u00c9 DE REDACCI\u00d3N<\/strong><\/span><\/p>\n<p style=\"text-align: left;\"><span style=\"font-size: 100%;\">David Auerbach<\/span><br \/><span style=\"font-size: 100%;\">Profesor del Programa Graduado de Traducci\u00f3n<\/span><br \/><span style=\"font-size: 100%;\">Universidad de Puerto Rico, Recinto de R\u00edo Piedras<\/span><\/p>\n<p style=\"text-align: left;\"><span style=\"font-size: 100%;\">Emilia Qui\u00f1ones Otal<br \/>Profesora y Directora del Programa de Teor\u00eda del Arte<br \/>Departamento de Humanidades, Colegio de Artes y Ciencias<\/span><br \/><span style=\"font-size: 100%;\">Universidad de Puerto Rico, Recinto Universitario de Mayag\u00fcez<\/span><\/p>\n<p style=\"text-align: left;\"><span style=\"font-size: 100%;\">Jennifer Solivan Robles<\/span><br \/><span style=\"font-size: 100%;\">Profesora del Departamento de Humanidades<br \/>Facultad de Estudios Generales<\/span><br \/><span style=\"font-size: 100%;\">Universidad de Puerto Rico, Recinto de R\u00edo Piedras<\/span><\/p>\n<p style=\"text-align: left;\"><span style=\"font-size: 100%;\">Mercedes Trelles Hern\u00e1ndez<\/span><br \/><span style=\"font-size: 100%;\">Profesora del Programa de Historia del Arte<br \/>Facultad de Humanidades<\/span><br \/><span style=\"font-size: 100%;\">Universidad de Puerto Rico, Recinto de R\u00edo Piedras<\/span><\/p>\n<p>\u00a0<\/p>\n<p style=\"text-align: left;\"><strong>COMIT\u00c9 DE MENTOR\u00cdA DE EXHIBICIONES<\/strong><\/p>\n<p>Daniel Exp\u00f3sito S\u00e1nchez<br \/>Profesor del Programa de Historia del Arte<br \/>Facultad de Humanidades<br \/>Universidad de Puerto Rico, Recinto de R\u00edo Piedras<\/p>\n<p>Rafael Jackson Mart\u00edn<br \/>Profesor del Programa de Historia del Arte<br \/>Facultad de Humanidades<br \/>Universidad de Puerto Rico, Recinto de R\u00edo Piedras<\/p>\n<p>Elsaris N\u00fa\u00f1ez M\u00e9ndez<br \/>Profesora, Programa Teor\u00eda del Arte, Departamento de Humanidades<br \/>Universidad de Puerto Rico, Recinto Universitario de Mayag\u00fcez<\/p>\n<p>Melissa Ramos Borges <br \/>Profesora del Programa de Historia del Arte<br \/>Facultad de Humanidades<br \/>Universidad de Puerto Rico, Recinto de R\u00edo Piedras<\/p>\n<p>Mercedes Trelles Hern\u00e1ndez<br \/>Profesora del Programa de Historia del Arte<br \/>Facultad de Humanidades<br \/>Universidad de Puerto Rico, Recinto de R\u00edo Piedras<\/p>\n<p>\u00a0<\/p>\n<p style=\"text-align: left;\"><span style=\"font-size: 100%;\"><strong>COMIT\u00c9 CIENT\u00cdFICO<\/strong><\/span><\/p>\n<p style=\"text-align: left;\"><span style=\"font-size: 100%;\">Carlos Acero Ruiz<\/span><br \/><span style=\"font-size: 100%;\">Centro de la Imagen<br \/>Pontificia Universidad Cat\u00f3lica Madre y Maestra, Santo Domingo<\/span><\/p>\n<p style=\"text-align: left;\"><span style=\"font-size: 100%;\">Jos\u00e9 G\u00f3mez Isla<\/span><br \/><span style=\"font-size: 100%;\">Departamento de Dise\u00f1o e Imagen<br \/>Universidad Complutense de Madrid<\/span><\/p>\n<p style=\"text-align: left;\"><span style=\"font-size: 100%;\">Juan Luis Gonz\u00e1lez Garc\u00eda<\/span><br \/><span style=\"font-size: 100%;\">Departamento de Historia del Arte<br \/>Universidad Aut\u00f3noma de Madrid<\/span><\/p>\n<p style=\"text-align: left;\"><span style=\"font-size: 100%;\">Jorge Jim\u00e9nez L\u00f3pez<\/span><br \/><span style=\"font-size: 100%;\">Departamento de Historia del Arte<br \/>Universidad de Zaragoza<\/span><\/p>\n<p style=\"text-align: left;\"><span style=\"font-size: 100%;\">Lawrence La Fountain &#8211; Stokes<\/span><br \/><span style=\"font-size: 100%;\">Spanish, and Women&#8217;s and Gender Studies<br \/>Michigan University<\/span><\/p>\n<p style=\"text-align: left;\"><span style=\"font-size: 100%;\">Ana Llorente Villasevil<\/span><br \/><span style=\"font-size: 100%;\">Centro Univ. Villanueva<br \/>Universidad Complutense de Madrid y ESNE \/ Universidad Camilo Jos\u00e9 Cela<\/span><\/p>\n<p style=\"text-align: left;\"><span style=\"font-size: 100%;\">Rebeca Maseda<\/span><br \/><span style=\"font-size: 100%;\">Department of Languages<br \/>University of Alaska Anchorage<\/span><\/p>\n<p style=\"text-align: left;\">Elsaris N\u00fa\u00f1ez M\u00e9ndez<br \/><span style=\"font-size: 100%;\">Profesora, Programa Teor\u00eda del Arte, Departamento de Humanidades<br \/>Universidad de Puerto Rico, Recinto Universitario de Mayag\u00fcez<\/span><\/p>\n<p style=\"text-align: left;\"><span class=\"aCOpRe\" style=\"font-size: 100%;\">Rebeca Pardo<br \/>Departamento de Artes Visuales y Dise\u00f1o<br \/>Universitat Internacional de Catalunya <\/span><\/p>\n<p style=\"text-align: left;\"><span style=\"font-size: 100%;\">Fernando Quiles<\/span><br \/><span style=\"font-size: 100%;\">Historia, Geograf\u00eda y Filosof\u00eda<br \/>Universidad Pablo de Olavide, Sevilla<\/span><\/p>\n<p style=\"text-align: left;\"><span style=\"font-size: 100%;\">Laura Ribero<\/span><br \/><span style=\"font-size: 100%;\">Departamento de Fotograf\u00eda<br \/>Universidade Feevale, Porto Alegre, Brasil<\/span><\/p>\n<p style=\"text-align: left;\"><span style=\"font-size: 100%;\">Yeidy L. Rosa Ortiz<\/span><br \/><span style=\"font-size: 100%;\">History of Art, Spanish Studies, and Early Modern Latin American Visual Culture<\/span><br \/><span style=\"font-size: 100%;\">Durham University<\/span><\/p>\n<p style=\"text-align: left;\"><span style=\"font-size: 100%;\">Jes\u00fas Salas \u00c1lvarez<\/span><br \/><span style=\"font-size: 100%;\">Departamento de Prehistoria, Historia Antigua y Arqueolog\u00eda<\/span><br \/><span style=\"font-size: 100%;\">Universidad Complutense de Madrid<\/span><\/p>\n<p style=\"text-align: left;\"><span style=\"font-size: 100%;\">Yolanda Wood Pujol<\/span><br \/><span style=\"font-size: 100%;\">Departamento de Historia del Arte, Universidad de La Habana<br \/>Universidad Iberoamericana (Ciudad de M\u00e9xico)<\/span><\/p>\n<p>\u00a0<\/p>\n<p style=\"text-align: left;\"><span style=\"font-size: 100%;\"><strong>COLABORADORES<\/strong><\/span><\/p>\n<p style=\"text-align: left;\"><span style=\"font-size: 100%;\">Indira de Choudens Mart\u00ednez<\/span><br \/><span style=\"font-size: 100%;\">Seminario de Historia del Arte, Programa de Historia del Arte<br \/>Facultad de Humanidades<\/span><br \/><span style=\"font-size: 100%;\">Universidad de Puerto Rico, Recinto de R\u00edo Piedras<\/span><\/p>\n<p style=\"text-align: left;\"><span style=\"font-size: 100%;\">Mariangelis Ortiz Lugo<\/span><br \/><span style=\"font-size: 100%;\">Dise\u00f1o, Archivo y Maquetaci\u00f3n<\/span><\/p>\n<p style=\"text-align: left;\"><span style=\"font-size: 100%;\">Hillary Santana Ramos<\/span><br \/><span style=\"font-size: 100%;\">Interna para Dise\u00f1o y Maquetaci\u00f3n<br \/>Mellon Foundation, Programa Vive las Humanidades<\/span><\/p>\n<p style=\"text-align: left;\">Jos\u00e9 J. Gonz\u00e1lez Jim\u00e9nez<br \/>Estudiante subgraduado<br \/>Programa de Historia del Arte, Facultad de Humanidades<br \/>Universidad de Puerto Rico, Recinto de R\u00edo Piedras<br \/>Programa de Juvempleo<\/p>\n<p style=\"text-align: left;\">Adriel Corujo Rivera<br \/>Estudiante subgraduado<br \/>Programa de Historia del Arte, Facultad de Humanidades<br \/>Universidad de Puerto Rico, Recinto de R\u00edo Piedras<br \/>Programa de Juvempleo<\/p>\n\n","protected":false},"excerpt":{"rendered":"","protected":false},"author":3,"featured_media":0,"parent":0,"menu_order":0,"comment_status":"closed","ping_status":"closed","template":"","meta":{"footnotes":""},"class_list":["post-30","page","type-page","status-publish","hentry"],"_links":{"self":[{"href":"https:\/\/humanidades.uprrp.edu\/visiondoble\/wp-json\/wp\/v2\/pages\/30","targetHints":{"allow":["GET"]}}],"collection":[{"href":"https:\/\/humanidades.uprrp.edu\/visiondoble\/wp-json\/wp\/v2\/pages"}],"about":[{"href":"https:\/\/humanidades.uprrp.edu\/visiondoble\/wp-json\/wp\/v2\/types\/page"}],"author":[{"embeddable":true,"href":"https:\/\/humanidades.uprrp.edu\/visiondoble\/wp-json\/wp\/v2\/users\/3"}],"replies":[{"embeddable":true,"href":"https:\/\/humanidades.uprrp.edu\/visiondoble\/wp-json\/wp\/v2\/comments?post=30"}],"version-history":[{"count":76,"href":"https:\/\/humanidades.uprrp.edu\/visiondoble\/wp-json\/wp\/v2\/pages\/30\/revisions"}],"predecessor-version":[{"id":6811,"href":"https:\/\/humanidades.uprrp.edu\/visiondoble\/wp-json\/wp\/v2\/pages\/30\/revisions\/6811"}],"wp:attachment":[{"href":"https:\/\/humanidades.uprrp.edu\/visiondoble\/wp-json\/wp\/v2\/media?parent=30"}],"curies":[{"name":"wp","href":"https:\/\/api.w.org\/{rel}","templated":true}]}}