{"id":29,"date":"2019-02-11T15:54:46","date_gmt":"2019-02-11T19:54:46","guid":{"rendered":"http:\/\/humanidades.uprrp.edu\/visiondoble\/?page_id=29"},"modified":"2024-10-23T11:28:59","modified_gmt":"2024-10-23T15:28:59","slug":"concepto","status":"publish","type":"page","link":"https:\/\/humanidades.uprrp.edu\/visiondoble\/concepto\/","title":{"rendered":"Concepto"},"content":{"rendered":"\n<p><span style=\"font-size: 100%;\"><i data-olk-copy-source=\"MessageBody\">Visi\u00f3n Doble<\/i>\u00a0es una revista acad\u00e9mica publicada en l\u00ednea, de acceso abierto y periodicidad anual, que tiene como objetivos el an\u00e1lisis especializado de la creaci\u00f3n art\u00edstica, con primordial inter\u00e9s en la que se desarrolla en Puerto Rico, y el estudio cient\u00edfico de la historia del arte, en toda su amplitud. Esta publicaci\u00f3n abre una serie de ventanas a la reflexi\u00f3n hist\u00f3rica y cr\u00edtica sobre las m\u00faltiples manifestaciones de las artes visuales, de la arquitectura y la cultura visual, desde la pr\u00e1ctica de la disciplina. En la secci\u00f3n \u201cArt\u00edculos\u201d se publican textos arbitrados por pares, en los que la investigaci\u00f3n cient\u00edfica tiene su fundamento primordial.<\/span><\/p>\n<p><span style=\"font-size: 100%;\"><i>Visi\u00f3n Doble<\/i>\u00a0se genera desde el Programa de Historia del Arte de la Universidad de Puerto Rico, Recinto de R\u00edo Piedras, y est\u00e1 registrada en redes como\u00a0<i>Latindex<\/i>\u00a0y\u00a0<i>MIAR<\/i>. Se trata de\u00a0una publicaci\u00f3n \u00fanica en Puerto Rico, en su naturaleza acad\u00e9mica dedicada al estudio de la disciplina. Como revista acad\u00e9mica especializada en Historia del Arte, cuenta con un equipo editorial, comit\u00e9 cient\u00edfico y comit\u00e9 de redacci\u00f3n, que se encargan de evaluar y dirigir el id\u00f3neo funcionamiento de la publicaci\u00f3n.<\/span><\/p>\n<p><span style=\"font-size: 100%;\">Esta publicaci\u00f3n fue fundada en marzo de 2013, con el prop\u00f3sito de difundir y documentar la actualidad del arte creado en Puerto Rico, desde una perspectiva cr\u00edtica e hist\u00f3rica. En ella se han publicado m\u00e1s de quinientos textos in\u00e9ditos, en espa\u00f1ol y en ingl\u00e9s, que incluyen rese\u00f1as de exhibiciones y de proyectos de arte, rese\u00f1as de libros especializados en la materia, entrevistas a personalidades del panorama art\u00edstico nacional e internacional, art\u00edculos de investigaci\u00f3n y ensayos relacionados con el arte y la arquitectura. Durante sus primeros cuatro a\u00f1os, la periodicidad de esta publicaci\u00f3n fue mensual. En ella han colaborado, y colaboran en la actualidad, tanto reconocidas personalidades de la cr\u00edtica y la historia del arte, como j\u00f3venes que incursionan en la practica de la escritura especializada en el an\u00e1lisis de la creaci\u00f3n art\u00edstica, y para quienes la revista es un laboratorio de aprendizaje y de pr\u00e1ctica. Adem\u00e1s,\u00a0<i>Visi\u00f3n Doble<\/i> es un espacio de formaci\u00f3n para estudiantes del Programa de Historia del Arte, que colaboran de manera voluntaria o a trav\u00e9s de un programa de internado, que dio comienzo en 2020. <\/span><\/p>\n<p><span style=\"font-size: 100%; color: #808080;\">ISSN en l\u00ednea 2375-1118<\/span><\/p>\n\n","protected":false},"excerpt":{"rendered":"","protected":false},"author":3,"featured_media":0,"parent":0,"menu_order":0,"comment_status":"closed","ping_status":"closed","template":"","meta":{"footnotes":""},"class_list":["post-29","page","type-page","status-publish","hentry"],"_links":{"self":[{"href":"https:\/\/humanidades.uprrp.edu\/visiondoble\/wp-json\/wp\/v2\/pages\/29","targetHints":{"allow":["GET"]}}],"collection":[{"href":"https:\/\/humanidades.uprrp.edu\/visiondoble\/wp-json\/wp\/v2\/pages"}],"about":[{"href":"https:\/\/humanidades.uprrp.edu\/visiondoble\/wp-json\/wp\/v2\/types\/page"}],"author":[{"embeddable":true,"href":"https:\/\/humanidades.uprrp.edu\/visiondoble\/wp-json\/wp\/v2\/users\/3"}],"replies":[{"embeddable":true,"href":"https:\/\/humanidades.uprrp.edu\/visiondoble\/wp-json\/wp\/v2\/comments?post=29"}],"version-history":[{"count":15,"href":"https:\/\/humanidades.uprrp.edu\/visiondoble\/wp-json\/wp\/v2\/pages\/29\/revisions"}],"predecessor-version":[{"id":6457,"href":"https:\/\/humanidades.uprrp.edu\/visiondoble\/wp-json\/wp\/v2\/pages\/29\/revisions\/6457"}],"wp:attachment":[{"href":"https:\/\/humanidades.uprrp.edu\/visiondoble\/wp-json\/wp\/v2\/media?parent=29"}],"curies":[{"name":"wp","href":"https:\/\/api.w.org\/{rel}","templated":true}]}}