{"id":2521,"date":"2020-09-11T15:59:04","date_gmt":"2020-09-11T19:59:04","guid":{"rendered":"http:\/\/humanidades.uprrp.edu\/visiondoble\/?page_id=2521"},"modified":"2025-10-15T15:02:12","modified_gmt":"2025-10-15T19:02:12","slug":"archivo-2013","status":"publish","type":"page","link":"https:\/\/humanidades.uprrp.edu\/visiondoble\/archivo-2013\/","title":{"rendered":"Archivo 2013"},"content":{"rendered":"\n<h3 class=\"accordion_title\">Archivo 2013<\/h3><div class=\"accordion\" rel=\"\">\n\n<div class=\"accordion-item\"><a href=\"#\" class=\"accordion-title plain\"><button class=\"toggle\"><i class=\"icon-angle-down\"><\/i><\/button><span>Marzo<\/span><\/a><div class=\"accordion-inner\">\n\n<p><a href=\"https:\/\/humanidades.uprrp.edu\/visiondoble\/?p=2328\"><strong>La Contemplaci\u00f3n de la belleza produce placer<\/strong> \/ Rosario Romero<\/a><\/p>\n<p><a href=\"https:\/\/humanidades.uprrp.edu\/visiondoble\/?p=2340\"><strong>Cr\u00f3nica de White Trash<\/strong> \/ Ingrid Jim\u00e9nez<\/a><\/p>\n<p><a href=\"https:\/\/humanidades.uprrp.edu\/visiondoble\/?p=2304\"><strong>Basura de Nick Quijano: arte, desecho y conciencia<\/strong> \/ Sabrina Ramos<\/a><\/p>\n<p><a href=\"https:\/\/humanidades.uprrp.edu\/visiondoble\/?p=2334\"><strong>Soleil Noir<\/strong> \/ Lilliana Ramos Collado<\/a><\/p>\n<p><a href=\"https:\/\/humanidades.uprrp.edu\/visiondoble\/?p=2337\"><strong>Trailer Park Proyects: combatiendo el cinismo con arte &#8220;de cora&#8221;<\/strong> \/ Ralph V\u00e1zquez<\/a><\/p>\n<p><a href=\"https:\/\/humanidades.uprrp.edu\/visiondoble\/?p=2313\"><strong>El Atlas de Ren\u00e9 Santos<\/strong> \/ Lisa Blanco<\/a><\/p>\n<p><a href=\"https:\/\/humanidades.uprrp.edu\/visiondoble\/?p=2322\"><strong>Ingenioso balance entre dos visiones<\/strong> \/ Dialitza Col\u00f3n<\/a><\/p>\n<p><a href=\"https:\/\/humanidades.uprrp.edu\/visiondoble\/?p=2301\"><strong>Avenida ilusi\u00f3n, esquina concreto<\/strong> \/ Rafael Franco<\/a><\/p>\n<p><a href=\"https:\/\/humanidades.uprrp.edu\/visiondoble\/?p=2343\"><strong>Di\u00e1logo y preguntas al paisaje<\/strong> \/ Abdiel Segarra R\u00edos<\/a><\/p>\n<p><a href=\"https:\/\/humanidades.uprrp.edu\/visiondoble\/?p=2325\"><strong>La competencia arquitect\u00f3nica como aprendizaje<\/strong> \/ Rafael Jackson<\/a><\/p>\n<p><a href=\"https:\/\/humanidades.uprrp.edu\/visiondoble\/?p=2296\"><strong>Es un alienz (sobre un avistamiento)<\/strong> \/ Javier Rom\u00e1n<\/a><\/p>\n<p><a href=\"https:\/\/humanidades.uprrp.edu\/visiondoble\/?p=2307\"><strong>Cuando un sue\u00f1o se hace forma<\/strong> \/ Bianca Ortiz Declet<\/a><\/p>\n<p><a href=\"https:\/\/humanidades.uprrp.edu\/visiondoble\/?p=2331\"><strong>\u00a1Que viva lo mortal!<\/strong> \/ Marimer G\u00f3mez<\/a><\/p>\n<p><a href=\"https:\/\/humanidades.uprrp.edu\/visiondoble\/?p=2316\"><strong>Hilvanando el arte con la ciencia<\/strong> \/ Marian A. P\u00e9rez<\/a><\/p>\n<p><a href=\"https:\/\/humanidades.uprrp.edu\/visiondoble\/?p=2273\"><strong>De olvidos y ausencias<\/strong> \/ Humberto Figueroa<\/a><\/p>\n<p><a href=\"https:\/\/humanidades.uprrp.edu\/visiondoble\/?p=2310\"><strong>Doble inauguraci\u00f3n Otero<\/strong> \/ Anna Astor Blanco<\/a><\/p>\n<p><a href=\"https:\/\/humanidades.uprrp.edu\/visiondoble\/?p=2292\"><strong>Un atisbo a las veredas de Carmelo Font\u00e1nez<\/strong> \/ Adl\u00edn R\u00edos Rigau<\/a><\/p>\n\n<\/div><\/div>\n<div class=\"accordion-item\"><a href=\"#\" class=\"accordion-title plain\"><button class=\"toggle\"><i class=\"icon-angle-down\"><\/i><\/button><span>Abril<\/span><\/a><div class=\"accordion-inner\">\n\n<p><a href=\"https:\/\/humanidades.uprrp.edu\/visiondoble\/?p=2367\"><strong>Sala de estar<\/strong> \/ Rafael Jackson<\/a><\/p>\n<p><a href=\"https:\/\/humanidades.uprrp.edu\/visiondoble\/?p=2351\"><strong>Holograf\u00edas del error (primera parte: invitaci\u00f3n)<\/strong> \/ Lydia Plat\u00f3n<\/a><\/p>\n<p><a href=\"https:\/\/humanidades.uprrp.edu\/visiondoble\/?p=2348\"><strong>Al rescate de lo p\u00fablico en Santurce<\/strong> \/ Marimer G\u00f3mez<\/a><\/p>\n<p><a href=\"https:\/\/humanidades.uprrp.edu\/visiondoble\/?p=2413\"><strong>&#8220;Unpainting&#8221;: una idea sobre la deconstrucci\u00f3n de la pintura<\/strong> \/ Raquel Torres Arzola<\/a><\/p>\n<p><a href=\"https:\/\/humanidades.uprrp.edu\/visiondoble\/?p=2345\"><strong>It&#8217;ll be ok<\/strong> \/ Bianca Ortiz Declet<\/a><\/p>\n<p><a href=\"https:\/\/humanidades.uprrp.edu\/visiondoble\/?p=2354\"><strong>La complejidad de la apariencia sencilla<\/strong> \/ Dialitza Col\u00f3n<\/a><\/p>\n<p><a href=\"https:\/\/humanidades.uprrp.edu\/visiondoble\/?p=2357\"><strong>La doble funci\u00f3n de 2DOBLE\u00d3<\/strong> \/ Sabrina Ramos<\/a><\/p>\n<p><a href=\"https:\/\/humanidades.uprrp.edu\/visiondoble\/?p=2361\"><strong>Ni tan mini&#8230;<\/strong> \/ Abdiel Segarra R\u00edos<\/a><\/p>\n<p><a href=\"https:\/\/humanidades.uprrp.edu\/visiondoble\/?p=2377\"><strong>Triunfo en Venecia<\/strong> \/ Anna Astor Blanco<\/a><\/p>\n<p><a href=\"https:\/\/humanidades.uprrp.edu\/visiondoble\/no-existe-paisaje-sin-mirada\/\"><strong>No existe paisaje sin mirada<\/strong> \/ Rosario Romero<\/a><\/p>\n\n<\/div><\/div>\n<div class=\"accordion-item\"><a href=\"#\" class=\"accordion-title plain\"><button class=\"toggle\"><i class=\"icon-angle-down\"><\/i><\/button><span>Mayo<\/span><\/a><div class=\"accordion-inner\">\n\n<p><a href=\"https:\/\/humanidades.uprrp.edu\/visiondoble\/?p=2859\"><strong>Muestra Naci<\/strong><\/a><a href=\"https:\/\/humanidades.uprrp.edu\/visiondoble\/?p=2859\"><strong>onal de Arte 2013<\/strong> \/ Mercedes Trelles<\/a><\/p>\n<p><a href=\"https:\/\/humanidades.uprrp.edu\/visiondoble\/?p=2844\"><strong>Di\u00e1logos a trav\u00e9s del tiempo<\/strong> \/ Mariana A. P\u00e9rez<\/a><\/p>\n<p><a href=\"https:\/\/humanidades.uprrp.edu\/visiondoble\/?p=2862\"><strong>Sacra conversazione<\/strong> \/ Irene Esteves<\/a><\/p>\n<p><a href=\"https:\/\/humanidades.uprrp.edu\/visiondoble\/?p=2847\"><strong>El olvido est\u00e1 lleno de memoria<\/strong> \/ Rosario Romero<\/a><\/p>\n<p><a href=\"https:\/\/humanidades.uprrp.edu\/visiondoble\/?p=2865\"><strong>\u00bfSimplemente&#8230; boricua?<\/strong> \/ Abdiel Segarra R\u00edos<\/a><\/p>\n<p><a href=\"https:\/\/humanidades.uprrp.edu\/visiondoble\/?p=2850\"><strong>La cueva negra, el mito&#8230; et aliae (y ellas)<\/strong> \/ Raquel Torres Arzola<\/a><\/p>\n<p><a href=\"https:\/\/humanidades.uprrp.edu\/visiondoble\/?p=2869\"><strong>Un actor en Casa Blanca: pol\u00edtica y espect\u00e1culo<\/strong> \/ Sabrina Ramos<\/a><\/p>\n<p><a href=\"https:\/\/humanidades.uprrp.edu\/visiondoble\/?p=2833\"><strong>Homesick<\/strong> \/ Rafael Jackson<\/a><\/p>\n<p><a href=\"https:\/\/humanidades.uprrp.edu\/visiondoble\/?p=2839\"><strong>Des-aprendizaje de la modernidad<\/strong> \/ Marimer G\u00f3mez<\/a><\/p>\n<p><a href=\"https:\/\/humanidades.uprrp.edu\/visiondoble\/wp-admin\/post.php?post=2854&amp;action=edit\"><strong>La ley del m\u00e1s fuerte<\/strong> \/ Luis Ponce Ru\u00edz<\/a><\/p>\n\n<\/div><\/div>\n<div class=\"accordion-item\"><a href=\"#\" class=\"accordion-title plain\"><button class=\"toggle\"><i class=\"icon-angle-down\"><\/i><\/button><span>Junio<\/span><\/a><div class=\"accordion-inner\">\n\n<p><a href=\"https:\/\/humanidades.uprrp.edu\/visiondoble\/tengo-un-leve-presentimiento-o-es-una-corazonada-viveca-vazquez\/\"><strong>Tengo un leve pre-sentimiento \u00bfO es una corazonada? (segunda parte-post apertura)<\/strong> \/ Lydia Plat\u00f3n<\/a><\/p>\n<p><a href=\"https:\/\/humanidades.uprrp.edu\/visiondoble\/?p=2886\"><strong>El GuggenSITO de Eder Castillo: el museo como l\u00edmite<\/strong> \/ Angel\u00ed V\u00e9lez<\/a><\/p>\n<p><a href=\"https:\/\/humanidades.uprrp.edu\/visiondoble\/?p=2890\"><strong>Zona de juego: asunto serio<\/strong> \/ Humberto Figueroa<\/a><\/p>\n<p><a href=\"https:\/\/humanidades.uprrp.edu\/visiondoble\/?p=2883\"><strong>El cine como ocasi\u00f3n<\/strong> \/ Dialitza Col\u00f3n<\/a><\/p>\n<p><a href=\"https:\/\/humanidades.uprrp.edu\/visiondoble\/?p=2872\"><strong>Colectivo Marvelous: homenaje a los c\u00f3mics<\/strong> \/ Luis Jeft\u00e9 Lacourt<\/a><\/p>\n\n<\/div><\/div>\n<div class=\"accordion-item\"><a href=\"#\" class=\"accordion-title plain\"><button class=\"toggle\"><i class=\"icon-angle-down\"><\/i><\/button><span>Julio<\/span><\/a><div class=\"accordion-inner\">\n\n<p><a href=\"https:\/\/humanidades.uprrp.edu\/visiondoble\/?p=2893\"><strong>Pandamonium: identidad en conflicto<\/strong> \/ Bianca Ortiz Declet<\/a><\/p>\n<p><a href=\"https:\/\/humanidades.uprrp.edu\/visiondoble\/?p=2896\"><strong>Vial: \u00bfsacar las obras del museo?<\/strong> \/ Abdiel Segarra R\u00edos<\/a><\/p>\n\n<\/div><\/div>\n<div class=\"accordion-item\"><a href=\"#\" class=\"accordion-title plain\"><button class=\"toggle\"><i class=\"icon-angle-down\"><\/i><\/button><span>Agosto<\/span><\/a><div class=\"accordion-inner\">\n\n<p><a href=\"https:\/\/humanidades.uprrp.edu\/visiondoble\/?p=2905\"><strong>Retro: el centenario de la Casa Amarilla<\/strong> \/ Sabrina Ramos<\/a><\/p>\n<p><a href=\"https:\/\/humanidades.uprrp.edu\/visiondoble\/?p=2911\"><strong>Yo es otro: autorretratos de Ad\u00e1l<\/strong> \/ Rosario Romero<\/a><\/p>\n<p><a href=\"https:\/\/humanidades.uprrp.edu\/visiondoble\/?p=2908\"><strong>Undo: deshacer para representar<\/strong> \/ Abdiel Segarra R\u00edos<\/a><\/p>\n<p><a href=\"https:\/\/humanidades.uprrp.edu\/visiondoble\/?p=2899\"><strong>8 a\u00f1os de \u00c1rea<\/strong> \/ Anna Astor Blanco<\/a><\/p>\n<p><a href=\"https:\/\/humanidades.uprrp.edu\/visiondoble\/?p=2902\"><strong>Guaca: artefactos de los ind\u00edgenas que poblaron Puerto Rico<\/strong> \/ Indira de Choudens<\/a><\/p>\n\n<\/div><\/div>\n<div class=\"accordion-item\"><a href=\"#\" class=\"accordion-title plain\"><button class=\"toggle\"><i class=\"icon-angle-down\"><\/i><\/button><span>Septiembre<\/span><\/a><div class=\"accordion-inner\">\n\n<p><a href=\"https:\/\/humanidades.uprrp.edu\/visiondoble\/?p=2940\"><strong>Nieve blanca, negro carb\u00f3n<\/strong> \/ Rosario Romero<\/a><\/p>\n<p><a href=\"https:\/\/humanidades.uprrp.edu\/visiondoble\/?p=2945\"><strong>Speculum: una mirada en retrospectiva<\/strong> \/ Raquel Torres Arzola<\/a><\/p>\n<p><a href=\"https:\/\/humanidades.uprrp.edu\/visiondoble\/?p=2949\"><strong>Antes y despu\u00e9s de Homar: su obra en el contexto actual<\/strong> \/ Marimer G\u00f3mez<\/a><\/p>\n<p><a href=\"https:\/\/humanidades.uprrp.edu\/visiondoble\/?p=2954\"><strong>Cruzando puentes: espacios, memorias y desaf\u00edos<\/strong> \/ Karla Torres<\/a><\/p>\n<p><a href=\"https:\/\/humanidades.uprrp.edu\/visiondoble\/?p=3359\"><strong>Colectiva 2.1: una excusa fr\u00edvola<\/strong> \/ Angel\u00ed V\u00e9lez<\/a><\/p>\n<p><a href=\"https:\/\/humanidades.uprrp.edu\/visiondoble\/?p=2966\"><strong>Forma, vac\u00edo y simplicidad: desaparecer es una idea de Irma \u00c1lvarez Laviada<\/strong> \/ Sabrina Ramos<\/a><\/p>\n<p><a href=\"https:\/\/humanidades.uprrp.edu\/visiondoble\/?p=2975\"><strong>Los cuerpos insubordinados de Elsa Mar\u00eda Mel\u00e9ndez<\/strong> \/ Raquel Torres Arzola<\/a><\/p>\n<p><a href=\"https:\/\/humanidades.uprrp.edu\/visiondoble\/?p=3023\"><strong>Proyectos, perspectivas e intercambios: entrevista con Abdiel Segarra<\/strong> \/ Carlos Garrido<\/a><\/p>\n\n<\/div><\/div>\n<div class=\"accordion-item\"><a href=\"#\" class=\"accordion-title plain\"><button class=\"toggle\"><i class=\"icon-angle-down\"><\/i><\/button><span>Octubre<\/span><\/a><div class=\"accordion-inner\">\n\n<p><a href=\"https:\/\/humanidades.uprrp.edu\/visiondoble\/?p=3028\"><strong>Elizam<\/strong> \/ Abdiel Segarra R\u00edos<\/a><\/p>\n<p><a href=\"https:\/\/humanidades.uprrp.edu\/visiondoble\/?p=3031\"><strong>Para\u00edso y palabras: un di\u00e1logo entre el arte y la literatura de Puerto Rico<\/strong> \/ Marta Yasm\u00edn Garc\u00eda<\/a><\/p>\n<p><a href=\"https:\/\/humanidades.uprrp.edu\/visiondoble\/?p=3034\"><strong>Arab-es-K<\/strong> \/ Humberto Figueroa<\/a><\/p>\n<p><a href=\"https:\/\/humanidades.uprrp.edu\/visiondoble\/?p=3037\"><strong>Fallout y el juego de la extra\u00f1eza<\/strong> \/ Dialitza Col\u00f3n<\/a><\/p>\n<p><a href=\"https:\/\/humanidades.uprrp.edu\/visiondoble\/?p=3042\"><strong>Blueprints for a Nation: una arqueolog\u00eda de la memoria<\/strong> \/ Irizelma Robles<\/a><\/p>\n<p><a href=\"https:\/\/humanidades.uprrp.edu\/visiondoble\/?p=3355\"><strong>La historia le\u00edda en escombros<\/strong> \/ Marimer G\u00f3mez<\/a><\/p>\n<p><a href=\"https:\/\/humanidades.uprrp.edu\/visiondoble\/?p=3045\"><strong>Retrato: una reconstrucci\u00f3n ideal de memorias vivas<\/strong> \/ Bianca Ortiz Declet<\/a><\/p>\n<p><a href=\"https:\/\/humanidades.uprrp.edu\/visiondoble\/?p=3050\"><strong>Paracosm: una exhibici\u00f3n secuencia<\/strong> \/ Luis Jeft\u00e9 Lacourt<\/a><\/p>\n<p><a href=\"https:\/\/humanidades.uprrp.edu\/visiondoble\/?p=3053\"><strong>Ecolog\u00eda y paisaje: expresi\u00f3n y experimentaci\u00f3n<\/strong> \/ Claudia Torres<\/a><\/p>\n<p><a href=\"https:\/\/humanidades.uprrp.edu\/visiondoble\/?p=3057\"><strong>Acci\u00f3n y reacci\u00f3n<\/strong> \/ Anna Astor Blanco<\/a><\/p>\n<p><a href=\"https:\/\/humanidades.uprrp.edu\/visiondoble\/?p=3061\"><strong>El bulletin board<\/strong> \/ Carla Acevedo<\/a><\/p>\n\n<\/div><\/div>\n<div class=\"accordion-item\"><a href=\"#\" class=\"accordion-title plain\"><button class=\"toggle\"><i class=\"icon-angle-down\"><\/i><\/button><span>Noviembre<\/span><\/a><div class=\"accordion-inner\">\n\n<p><a href=\"https:\/\/humanidades.uprrp.edu\/visiondoble\/arnaldo-roche-rabell-tiene-fondo-el-azul\/\"><strong>Arnaldo Roche Rabell: \u00bfTiene fondo el azul? \/ Raquel Torres Arzola<\/a><\/p>\n<p><a href=\"https:\/\/humanidades.uprrp.edu\/visiondoble\/?p=3065\"><strong>Intragal\u00e1ctiva y desarmada: enfrentar(se) a Galactic Vision de Catherine Matos<\/strong> \/ Yara I. Liceaga Rojas<\/a><\/p>\n<p><a href=\"https:\/\/humanidades.uprrp.edu\/visiondoble\/?p=3118\"><strong>FAS\/PR\/2013<\/strong> \/ Cheryl Hartup<\/a><\/p>\n<p><a href=\"https:\/\/humanidades.uprrp.edu\/visiondoble\/?p=3121\"><strong>La supremac\u00eda del caos<\/strong> \/ Sabrina Ramos<\/a><\/p>\n<p><a href=\"https:\/\/humanidades.uprrp.edu\/visiondoble\/?p=3125\"><strong>De viaje por Rasgos<\/strong> \/ Nora Rodr\u00edguez Vall\u00e9s<\/a><\/p>\n<p><a href=\"https:\/\/humanidades.uprrp.edu\/visiondoble\/?p=3128\"><strong>All\u00e1 viene el temporal<\/strong> \/ Bermarie Rodr\u00edguez<\/a><\/p>\n<p><a href=\"https:\/\/humanidades.uprrp.edu\/visiondoble\/?p=3697\"><strong>\u00a1Pah, t\u00e1ngana!, y ah\u00ed estaba<\/strong> \/ Elizabeth Robles<\/a><\/p>\n<p><a href=\"https:\/\/humanidades.uprrp.edu\/visiondoble\/?p=3131\"><strong>Conocer con los pies: una aproximaci\u00f3n a San Juan oculto, de Jorge Lizardi<\/strong> \/ Rafael Jackson<\/a><\/p>\n<p><a href=\"https:\/\/humanidades.uprrp.edu\/visiondoble\/?p=3137\"><strong>Esto no es un readymade<\/strong> \/ Rosario Romero<\/a><\/p>\n<p><a href=\"https:\/\/humanidades.uprrp.edu\/visiondoble\/?p=3140\"><strong>PISO Proyecto: Desplazamiento en lo cotidiano<\/strong> \/ Marian A. P\u00e9rez<\/a><\/p>\n\n<\/div><\/div>\n<div class=\"accordion-item\"><a href=\"#\" class=\"accordion-title plain\"><button class=\"toggle\"><i class=\"icon-angle-down\"><\/i><\/button><span>Diciembre<\/span><\/a><div class=\"accordion-inner\">\n\n<p><a href=\"https:\/\/humanidades.uprrp.edu\/visiondoble\/?p=3143\"><strong>Los floreros memepl\u00e9xicos<\/strong> \/ Baruch Vergara<\/a><\/p>\n<p><a href=\"https:\/\/humanidades.uprrp.edu\/visiondoble\/?p=3149\"><strong>La constante dicotom\u00eda<\/strong> \/ Alicia Clarens<\/a><\/p>\n<p><a href=\"https:\/\/humanidades.uprrp.edu\/visiondoble\/?p=3152\"><strong>Un trazo genuino de la naturaleza y la feminidad<\/strong> \/ Lisamaris Rosado<\/a><\/p>\n<p><a href=\"https:\/\/humanidades.uprrp.edu\/visiondoble\/?p=3155\"><strong>Perfume bueno, envase chiquito: Claire Fontaine en Galer\u00eda Agustina Ferreryra<\/strong> \/ Javier Rom\u00e1n<\/a><\/p>\n<p><a href=\"https:\/\/humanidades.uprrp.edu\/visiondoble\/?p=3158\"><strong>Del vitr\u0115um, una flor<\/strong> \/ Abd\u00edas M\u00e9ndez Robles<\/a><\/p>\n<p><a href=\"https:\/\/humanidades.uprrp.edu\/visiondoble\/?p=3161\"><strong>Nuevas especies en el arte<\/strong> \/ Nina Coll Mart\u00ednez<\/a><\/p>\n<p><a href=\"https:\/\/humanidades.uprrp.edu\/visiondoble\/?p=3164\"><strong>40 a\u00f1os de Guat\u00edbiri<\/strong> \/ S. Damary Burgos<\/a><\/p>\n<p><a href=\"https:\/\/humanidades.uprrp.edu\/visiondoble\/?p=3167\"><strong>Fotograf\u00eda por la reforma social de Iberoam\u00e9rica<\/strong> \/ Marta Yasm\u00edn Garc\u00eda<\/a><\/p>\n\n<\/div><\/div>\n\n<\/div>\n\n","protected":false},"excerpt":{"rendered":"","protected":false},"author":3,"featured_media":0,"parent":0,"menu_order":0,"comment_status":"closed","ping_status":"closed","template":"","meta":{"footnotes":""},"class_list":["post-2521","page","type-page","status-publish","hentry"],"_links":{"self":[{"href":"https:\/\/humanidades.uprrp.edu\/visiondoble\/wp-json\/wp\/v2\/pages\/2521","targetHints":{"allow":["GET"]}}],"collection":[{"href":"https:\/\/humanidades.uprrp.edu\/visiondoble\/wp-json\/wp\/v2\/pages"}],"about":[{"href":"https:\/\/humanidades.uprrp.edu\/visiondoble\/wp-json\/wp\/v2\/types\/page"}],"author":[{"embeddable":true,"href":"https:\/\/humanidades.uprrp.edu\/visiondoble\/wp-json\/wp\/v2\/users\/3"}],"replies":[{"embeddable":true,"href":"https:\/\/humanidades.uprrp.edu\/visiondoble\/wp-json\/wp\/v2\/comments?post=2521"}],"version-history":[{"count":22,"href":"https:\/\/humanidades.uprrp.edu\/visiondoble\/wp-json\/wp\/v2\/pages\/2521\/revisions"}],"predecessor-version":[{"id":7078,"href":"https:\/\/humanidades.uprrp.edu\/visiondoble\/wp-json\/wp\/v2\/pages\/2521\/revisions\/7078"}],"wp:attachment":[{"href":"https:\/\/humanidades.uprrp.edu\/visiondoble\/wp-json\/wp\/v2\/media?parent=2521"}],"curies":[{"name":"wp","href":"https:\/\/api.w.org\/{rel}","templated":true}]}}