{"id":21,"date":"2019-09-04T14:33:10","date_gmt":"2019-09-04T14:33:10","guid":{"rendered":"http:\/\/humanidades.uprrp.edu\/seminariofedericodeonis\/?page_id=21"},"modified":"2020-01-30T18:12:51","modified_gmt":"2020-01-30T18:12:51","slug":"herramientas","status":"publish","type":"page","link":"https:\/\/humanidades.uprrp.edu\/seminariofedericodeonis\/herramientas\/","title":{"rendered":"Herramientas"},"content":{"rendered":"\r\n<ul class=\"wp-block-list\">\r\n<li><a href=\"http:\/\/bibliotecadigital.ilce.edu.mx\/\">Biblioteca Digital ILCE<\/a><\/li>\r\n<li><a href=\"http:\/\/bibliotecadigital.uprrp.edu\/\">Biblioteca Digital Puertorrique\u00f1a<\/a><\/li>\r\n<li><a href=\"http:\/\/www.cervantesvirtual.com\/\">Biblioteca Virtual Cervantes<\/a><\/li>\r\n<li><a href=\"http:\/\/cisne.sim.ucm.es\/\">Cat\u00e1logo Cisne: Universidad Complutense Madrid<\/a><\/li>\r\n<li><a href=\"http:\/\/hip.upr.edu:85\/ipac20\/ipac.jsp?profile=on\">Cat\u00e1logo del Seminario en l\u00ednea<\/a><\/li>\r\n<li><a href=\"http:\/\/owl.english.purdue.edu\/owl\/resource\/560\/01\/\">Formato APA- (Purdue OWL)<\/a><\/li>\r\n<li><a href=\"http:\/\/owl.english.purdue.edu\/owl\/resource\/747\/01\/\">Formato MLA- (Purdue OWL)<\/a><\/li>\r\n<li><a href=\"http:\/\/rae.es\/rae.html\">Real Academia Espa\u00f1ola<\/a><\/li>\r\n<\/ul>\r\n<p><a href=\"http:\/\/seminariofedericodeonis.blogspot.com\/\">Blog Seminario Federico de On\u00eds<\/a><\/p>\r\n\r\n\r\n\r\n<p>&nbsp;<\/p>\r\n","protected":false},"excerpt":{"rendered":"<p>Biblioteca Digital ILCE Biblioteca Digital Puertorrique\u00f1a Biblioteca Virtual Cervantes Cat\u00e1logo Cisne: Universidad Complutense Madrid Cat\u00e1logo del Seminario en l\u00ednea Formato APA- (Purdue OWL) Formato MLA- (Purdue OWL) Real Academia Espa\u00f1ola Blog Seminario Federico de On\u00eds &nbsp;<\/p>\n","protected":false},"author":2,"featured_media":0,"parent":0,"menu_order":0,"comment_status":"closed","ping_status":"closed","template":"","meta":{"footnotes":""},"class_list":["post-21","page","type-page","status-publish","hentry","column","threecol"],"_links":{"self":[{"href":"https:\/\/humanidades.uprrp.edu\/seminariofedericodeonis\/wp-json\/wp\/v2\/pages\/21","targetHints":{"allow":["GET"]}}],"collection":[{"href":"https:\/\/humanidades.uprrp.edu\/seminariofedericodeonis\/wp-json\/wp\/v2\/pages"}],"about":[{"href":"https:\/\/humanidades.uprrp.edu\/seminariofedericodeonis\/wp-json\/wp\/v2\/types\/page"}],"author":[{"embeddable":true,"href":"https:\/\/humanidades.uprrp.edu\/seminariofedericodeonis\/wp-json\/wp\/v2\/users\/2"}],"replies":[{"embeddable":true,"href":"https:\/\/humanidades.uprrp.edu\/seminariofedericodeonis\/wp-json\/wp\/v2\/comments?post=21"}],"version-history":[{"count":2,"href":"https:\/\/humanidades.uprrp.edu\/seminariofedericodeonis\/wp-json\/wp\/v2\/pages\/21\/revisions"}],"predecessor-version":[{"id":72,"href":"https:\/\/humanidades.uprrp.edu\/seminariofedericodeonis\/wp-json\/wp\/v2\/pages\/21\/revisions\/72"}],"wp:attachment":[{"href":"https:\/\/humanidades.uprrp.edu\/seminariofedericodeonis\/wp-json\/wp\/v2\/media?parent=21"}],"curies":[{"name":"wp","href":"https:\/\/api.w.org\/{rel}","templated":true}]}}