{"id":2,"date":"2019-02-21T18:09:20","date_gmt":"2019-02-21T18:09:20","guid":{"rendered":"http:\/\/humanidades.uprrp.edu\/seminariofedericodeonis\/?page_id=2"},"modified":"2025-12-18T14:10:40","modified_gmt":"2025-12-18T14:10:40","slug":"sample-page","status":"publish","type":"page","link":"https:\/\/humanidades.uprrp.edu\/seminariofedericodeonis\/","title":{"rendered":"Sobre el Seminario"},"content":{"rendered":"\r\n<p style=\"text-align: justify;\">El Seminario Federico de On\u00eds, adscrito al Departamento de Estudios Hisp\u00e1nicos de la Facultad de Humanidades, Universidad de Puerto Rico, Recinto de R\u00edo Piedras, es una unidad de apoyo a la investigaci\u00f3n fundada en 1953 con una donaci\u00f3n de 4,000 vol\u00famenes de la biblioteca personal del Dr. Federico de On\u00eds, que constituyen el acervo primario del Seminario. La unidad se responsabiliza por la preservaci\u00f3n, conservaci\u00f3n, ordenaci\u00f3n y catalogaci\u00f3n de los archivos de Concha Mel\u00e9ndez, Antonio S. Pedreira, Luis Pal\u00e9s Matos y Margot Arce de V\u00e1zquez. Dada la importancia de estas colecciones, documentos y archivos especializados, el Seminario Federico de On\u00eds se mantiene como uno de los centros de estudios literarios m\u00e1s importantes del mundo hisp\u00e1nico, evidenciado en las diversas consultas constantemente hacen los diversos estudiosos de prestigio acad\u00e9mico que solicitan nuestros servicios.<\/p>\r\n<p>&nbsp;<\/p>\r\n<p>ACTIVIDADES<\/p>\r\n<ul>\r\n<li><a href=\"https:\/\/unamuno.usal.es\/evento\/conversatorio-sobre-federico-de-onis\/\">Conversatorio sobre Federico de On\u00eds<\/a><\/li>\r\n<li>\r\n<p class=\"tribe-events-single-event-title\"><a href=\"https:\/\/unamuno.usal.es\/evento\/federico-de-onis\/\">De Nueva York a Puerto Rico: transmitiendo el patrimonio cultural inmaterial hispano con Federico de On\u00eds.<\/a><\/p>\r\n<\/li>\r\n<\/ul>\r\n","protected":false},"excerpt":{"rendered":"<p>El Seminario Federico de On\u00eds, adscrito al Departamento de Estudios Hisp\u00e1nicos de la Facultad de Humanidades, Universidad de Puerto Rico, Recinto de R\u00edo Piedras, es una unidad de apoyo a la investigaci\u00f3n fundada en 1953 con una donaci\u00f3n de 4,000 vol\u00famenes de la biblioteca personal del Dr. Federico de On\u00eds, &#8230;<\/p>\n","protected":false},"author":1,"featured_media":0,"parent":0,"menu_order":0,"comment_status":"closed","ping_status":"open","template":"template-landing-page.php","meta":{"footnotes":""},"class_list":["post-2","page","type-page","status-publish","hentry","column","threecol"],"_links":{"self":[{"href":"https:\/\/humanidades.uprrp.edu\/seminariofedericodeonis\/wp-json\/wp\/v2\/pages\/2","targetHints":{"allow":["GET"]}}],"collection":[{"href":"https:\/\/humanidades.uprrp.edu\/seminariofedericodeonis\/wp-json\/wp\/v2\/pages"}],"about":[{"href":"https:\/\/humanidades.uprrp.edu\/seminariofedericodeonis\/wp-json\/wp\/v2\/types\/page"}],"author":[{"embeddable":true,"href":"https:\/\/humanidades.uprrp.edu\/seminariofedericodeonis\/wp-json\/wp\/v2\/users\/1"}],"replies":[{"embeddable":true,"href":"https:\/\/humanidades.uprrp.edu\/seminariofedericodeonis\/wp-json\/wp\/v2\/comments?post=2"}],"version-history":[{"count":6,"href":"https:\/\/humanidades.uprrp.edu\/seminariofedericodeonis\/wp-json\/wp\/v2\/pages\/2\/revisions"}],"predecessor-version":[{"id":82,"href":"https:\/\/humanidades.uprrp.edu\/seminariofedericodeonis\/wp-json\/wp\/v2\/pages\/2\/revisions\/82"}],"wp:attachment":[{"href":"https:\/\/humanidades.uprrp.edu\/seminariofedericodeonis\/wp-json\/wp\/v2\/media?parent=2"}],"curies":[{"name":"wp","href":"https:\/\/api.w.org\/{rel}","templated":true}]}}