{"id":19,"date":"2019-09-04T14:32:43","date_gmt":"2019-09-04T14:32:43","guid":{"rendered":"http:\/\/humanidades.uprrp.edu\/seminariofedericodeonis\/?page_id=19"},"modified":"2024-10-29T14:48:59","modified_gmt":"2024-10-29T14:48:59","slug":"bibliografias-y-tesis","status":"publish","type":"page","link":"https:\/\/humanidades.uprrp.edu\/seminariofedericodeonis\/bibliografias-y-tesis\/","title":{"rendered":"Bibliograf\u00edas y Tesis"},"content":{"rendered":"\r\n<ul class=\"wp-block-list\">\r\n<li><a href=\"https:\/\/drive.google.com\/file\/d\/1myzg2MhccSssh2V_ZILKChOyc0Bi4R1s\/view?usp=sharing\">Tesis del 1980 al presente<\/a><\/li>\r\n<li><a href=\"https:\/\/docs.google.com\/file\/d\/0B9kKEtmktlllWVJpQURwNDB6a3M\/edit?usp=sharing\">Tesis de Literatura Espa\u00f1ola<\/a><\/li>\r\n<li><a href=\"https:\/\/docs.google.com\/open?id=0B9kKEtmktlllSzQ1LVNoaXVRdE95OVFuS3NEQWdoQQ\">Bibliograf\u00eda Cuba-Rep\u00fablica Dominicana<\/a><\/li>\r\n<li><a href=\"https:\/\/docs.google.com\/open?id=0B9kKEtmktlllWkp2c2NyczBSNldFUW1MdmNkVmJRdw\">Cat\u00e1logo Archivo Federico de On\u00eds<\/a><\/li>\r\n<li><a href=\"https:\/\/docs.google.com\/open?id=0B9kKEtmktlllSXR2aWVqOHJSeXktNFN3aS1FbktyZw\">Indice de la Revista Estudios Hisp\u00e1nicos 2004-2007<\/a><\/li>\r\n<li><a href=\"https:\/\/docs.google.com\/open?id=0B9kKEtmktlllWFY0d3VtNmxSNkN2Y2VSRWFnS1o2dw\">Revistas indizadas en el Seminario<\/a><\/li>\r\n<\/ul>\r\n","protected":false},"excerpt":{"rendered":"<p>Tesis del 1980 al presente Tesis de Literatura Espa\u00f1ola Bibliograf\u00eda Cuba-Rep\u00fablica Dominicana Cat\u00e1logo Archivo Federico de On\u00eds Indice de la Revista Estudios Hisp\u00e1nicos 2004-2007 Revistas indizadas en el Seminario<\/p>\n","protected":false},"author":2,"featured_media":0,"parent":0,"menu_order":0,"comment_status":"closed","ping_status":"closed","template":"","meta":{"footnotes":""},"class_list":["post-19","page","type-page","status-publish","hentry","column","threecol"],"_links":{"self":[{"href":"https:\/\/humanidades.uprrp.edu\/seminariofedericodeonis\/wp-json\/wp\/v2\/pages\/19","targetHints":{"allow":["GET"]}}],"collection":[{"href":"https:\/\/humanidades.uprrp.edu\/seminariofedericodeonis\/wp-json\/wp\/v2\/pages"}],"about":[{"href":"https:\/\/humanidades.uprrp.edu\/seminariofedericodeonis\/wp-json\/wp\/v2\/types\/page"}],"author":[{"embeddable":true,"href":"https:\/\/humanidades.uprrp.edu\/seminariofedericodeonis\/wp-json\/wp\/v2\/users\/2"}],"replies":[{"embeddable":true,"href":"https:\/\/humanidades.uprrp.edu\/seminariofedericodeonis\/wp-json\/wp\/v2\/comments?post=19"}],"version-history":[{"count":3,"href":"https:\/\/humanidades.uprrp.edu\/seminariofedericodeonis\/wp-json\/wp\/v2\/pages\/19\/revisions"}],"predecessor-version":[{"id":63,"href":"https:\/\/humanidades.uprrp.edu\/seminariofedericodeonis\/wp-json\/wp\/v2\/pages\/19\/revisions\/63"}],"wp:attachment":[{"href":"https:\/\/humanidades.uprrp.edu\/seminariofedericodeonis\/wp-json\/wp\/v2\/media?parent=19"}],"curies":[{"name":"wp","href":"https:\/\/api.w.org\/{rel}","templated":true}]}}