{"id":17,"date":"2019-09-04T14:32:06","date_gmt":"2019-09-04T14:32:06","guid":{"rendered":"http:\/\/humanidades.uprrp.edu\/seminariofedericodeonis\/?page_id=17"},"modified":"2020-01-30T14:05:57","modified_gmt":"2020-01-30T14:05:57","slug":"revista-de-estudios-hispanicos","status":"publish","type":"page","link":"https:\/\/humanidades.uprrp.edu\/seminariofedericodeonis\/revista-de-estudios-hispanicos\/","title":{"rendered":"Revista de Estudios hisp\u00e1nicos"},"content":{"rendered":"<p><img loading=\"lazy\" decoding=\"async\" class=\"size-medium wp-image-46 alignleft\" src=\"https:\/\/humanidades.uprrp.edu\/seminariofedericodeonis\/wp-content\/uploads\/2019\/09\/ultimo_numero-300x216.png\" alt=\"\" width=\"300\" height=\"216\" srcset=\"https:\/\/humanidades.uprrp.edu\/seminariofedericodeonis\/wp-content\/uploads\/2019\/09\/ultimo_numero-300x216.png 300w, https:\/\/humanidades.uprrp.edu\/seminariofedericodeonis\/wp-content\/uploads\/2019\/09\/ultimo_numero-768x553.png 768w, https:\/\/humanidades.uprrp.edu\/seminariofedericodeonis\/wp-content\/uploads\/2019\/09\/ultimo_numero-1024x737.png 1024w, https:\/\/humanidades.uprrp.edu\/seminariofedericodeonis\/wp-content\/uploads\/2019\/09\/ultimo_numero-700x504.png 700w, https:\/\/humanidades.uprrp.edu\/seminariofedericodeonis\/wp-content\/uploads\/2019\/09\/ultimo_numero-332x239.png 332w, https:\/\/humanidades.uprrp.edu\/seminariofedericodeonis\/wp-content\/uploads\/2019\/09\/ultimo_numero.png 1600w\" sizes=\"auto, (max-width: 300px) 100vw, 300px\" \/><\/p>\r\n\r\n<p style=\"text-align: justify;\">La Revista de Estudios Hisp\u00e1nicos es la revista del Seminario Federico de On\u00eds, Departamento de Estudios Hisp\u00e1nicos, Facultad de Humanidades, Universidad de Puerto Rico, Recinto de R\u00edo Piedras.<\/p>\r\n<p style=\"text-align: justify;\">Fundada en 1928 por don Federico de On\u00eds, la Revista de Estudios Hisp\u00e1nicos es una de las publicaciones m\u00e1s longevas en la Facultad de Humanidades. Igualmente, se cotiza con gran prestigio en los estudios de las letras hispanas. En su periodicidad bianual, la revista publica investigaciones literarias, ling\u00fc\u00edsticas y culturales del mundo hisp\u00e1nico, as\u00ed como rese\u00f1as, bibliograf\u00edas y entrevistas.\u00a0La Revista de Estudios Hisp\u00e1nicos acepta trabajos en espa\u00f1ol, ingl\u00e9s y portugu\u00e9s.<\/p>\r\n<h4 style=\"text-align: center;\"><a href=\"https:\/\/drive.google.com\/file\/d\/1lG6gEr6yL8FkdXHK_0bYfddWhin4DKvt\/view?usp=sharing\">HISTORIA DE LA REVISTA DE ESTUDIOS HISP\u00c1NICOS<\/a><\/h4>\r\n<table style=\"border-style: solid; border-color: #242323; background-color: #bdbbbb; width: 100%;\">\r\n<tbody>\r\n<tr style=\"border-color: #5e5c5c;\">\r\n<td style=\"width: 30.3031%;\">\r\n<p>Primera Publicaci\u00f3n:<\/p>\r\n<\/td>\r\n<td style=\"width: 69.5454%;\">\r\n<p>1928<\/p>\r\n<\/td>\r\n<\/tr>\r\n<tr style=\"border-color: #5e5c5c;\">\r\n<td style=\"width: 30.3031%;\">\r\n<p>Arbitrada:<\/p>\r\n<\/td>\r\n<td style=\"width: 69.5454%;\">\r\n<p>Si<\/p>\r\n<\/td>\r\n<\/tr>\r\n<tr style=\"border-color: #5e5c5c;\">\r\n<td style=\"width: 30.3031%;\">\r\n<p>\u00daltimo n\u00famero publicado:<\/p>\r\n<\/td>\r\n<td style=\"width: 69.5454%;\">\r\n<p>Nueva Epoca, a\u00f1o I, n\u00fam. 2, 2014<\/p>\r\n<\/td>\r\n<\/tr>\r\n<tr style=\"border-color: #5e5c5c;\">\r\n<td style=\"width: 30.3031%;\">\r\n<p>Portal de la Revista<\/p>\r\n<\/td>\r\n<td style=\"width: 69.5454%;\">\r\n<p><a href=\"http:\/\/seminariofedericodeonis.blogspot.com\/p\/revista-de-estudios-hispanicos.html\"><u>http:\/\/seminariofedericodeonis.blogspot.com\/p\/revista-de-estudios-hispanicos.html\u00a0<\/u><\/a><\/p>\r\n<p><a href=\"http:\/\/revistas.upr.edu\/\">http:\/\/revistas.upr.edu\/<\/a><\/p>\r\n<\/td>\r\n<\/tr>\r\n<tr style=\"border-color: #5e5c5c;\">\r\n<td style=\"width: 30.3031%;\">\r\n<p>Correo electr\u00f3nico:<\/p>\r\n<\/td>\r\n<td style=\"width: 69.5454%;\">reh.pr@upr.edu<\/td>\r\n<\/tr>\r\n<\/tbody>\r\n<\/table>\r\n<p>&nbsp;<\/p>\r\n<h3 style=\"text-align: center;\"><a href=\"https:\/\/drive.google.com\/file\/d\/0B9kKEtmktlllUUFBQldZR3ByZkk\/view\">Indice Revista de Estudios Hisp\u00e1nicos<\/a><\/h3>\r\n","protected":false},"excerpt":{"rendered":"<p>La Revista de Estudios Hisp\u00e1nicos es la revista del Seminario Federico de On\u00eds, Departamento de Estudios Hisp\u00e1nicos, Facultad de Humanidades, Universidad de Puerto Rico, Recinto de R\u00edo Piedras. Fundada en 1928 por don Federico de On\u00eds, la Revista de Estudios Hisp\u00e1nicos es una de las publicaciones m\u00e1s longevas en la &#8230;<\/p>\n","protected":false},"author":2,"featured_media":0,"parent":0,"menu_order":0,"comment_status":"closed","ping_status":"closed","template":"","meta":{"footnotes":""},"class_list":["post-17","page","type-page","status-publish","hentry","column","threecol"],"_links":{"self":[{"href":"https:\/\/humanidades.uprrp.edu\/seminariofedericodeonis\/wp-json\/wp\/v2\/pages\/17","targetHints":{"allow":["GET"]}}],"collection":[{"href":"https:\/\/humanidades.uprrp.edu\/seminariofedericodeonis\/wp-json\/wp\/v2\/pages"}],"about":[{"href":"https:\/\/humanidades.uprrp.edu\/seminariofedericodeonis\/wp-json\/wp\/v2\/types\/page"}],"author":[{"embeddable":true,"href":"https:\/\/humanidades.uprrp.edu\/seminariofedericodeonis\/wp-json\/wp\/v2\/users\/2"}],"replies":[{"embeddable":true,"href":"https:\/\/humanidades.uprrp.edu\/seminariofedericodeonis\/wp-json\/wp\/v2\/comments?post=17"}],"version-history":[{"count":16,"href":"https:\/\/humanidades.uprrp.edu\/seminariofedericodeonis\/wp-json\/wp\/v2\/pages\/17\/revisions"}],"predecessor-version":[{"id":60,"href":"https:\/\/humanidades.uprrp.edu\/seminariofedericodeonis\/wp-json\/wp\/v2\/pages\/17\/revisions\/60"}],"wp:attachment":[{"href":"https:\/\/humanidades.uprrp.edu\/seminariofedericodeonis\/wp-json\/wp\/v2\/media?parent=17"}],"curies":[{"name":"wp","href":"https:\/\/api.w.org\/{rel}","templated":true}]}}