{"id":712,"date":"2025-10-24T18:08:48","date_gmt":"2025-10-24T18:08:48","guid":{"rendered":"https:\/\/humanidades.uprrp.edu\/prei\/?page_id=712"},"modified":"2025-10-24T18:12:56","modified_gmt":"2025-10-24T18:12:56","slug":"humanidades-digitales","status":"publish","type":"page","link":"https:\/\/humanidades.uprrp.edu\/prei\/?page_id=712","title":{"rendered":"Humanidades Digitales"},"content":{"rendered":"\n<p>Es una concentraci\u00f3n menor que ofrece el PREI para estudiantes subgraduadxs de todas las concentraciones del Recinto de R\u00edo Piedras de la UPR. Invita a estudiantes de disciplinas tan diversas como historia, literatura, filosof\u00eda, ciencias de la informaci\u00f3n, tecnolog\u00edas de la informaci\u00f3n para el aprendizaje, ciencias de c\u00f3mputos, entre otras, a desarrollar competencias y habilidades para el manejo de las est\u00e9ticas y la \u00e9tica de la cultura de datos.&nbsp;<\/p>\n\n\n<div class=\"wp-block-image\">\n<figure class=\"alignleft size-large is-resized\"><a href=\"https:\/\/humanidades.uprrp.edu\/prei\/wp-content\/uploads\/2025\/10\/WordCloudHD_ReyesReyes_2022.png\"><img loading=\"lazy\" decoding=\"async\" width=\"1024\" height=\"1024\" src=\"https:\/\/humanidades.uprrp.edu\/prei\/wp-content\/uploads\/2025\/10\/WordCloudHD_ReyesReyes_2022-1024x1024.png\" alt=\"\" class=\"wp-image-714\" style=\"width:361px;height:auto\" srcset=\"https:\/\/humanidades.uprrp.edu\/prei\/wp-content\/uploads\/2025\/10\/WordCloudHD_ReyesReyes_2022-1024x1024.png 1024w, https:\/\/humanidades.uprrp.edu\/prei\/wp-content\/uploads\/2025\/10\/WordCloudHD_ReyesReyes_2022-300x300.png 300w, https:\/\/humanidades.uprrp.edu\/prei\/wp-content\/uploads\/2025\/10\/WordCloudHD_ReyesReyes_2022-150x150.png 150w, https:\/\/humanidades.uprrp.edu\/prei\/wp-content\/uploads\/2025\/10\/WordCloudHD_ReyesReyes_2022-768x768.png 768w, https:\/\/humanidades.uprrp.edu\/prei\/wp-content\/uploads\/2025\/10\/WordCloudHD_ReyesReyes_2022-1536x1536.png 1536w, https:\/\/humanidades.uprrp.edu\/prei\/wp-content\/uploads\/2025\/10\/WordCloudHD_ReyesReyes_2022-700x700.png 700w, https:\/\/humanidades.uprrp.edu\/prei\/wp-content\/uploads\/2025\/10\/WordCloudHD_ReyesReyes_2022-332x332.png 332w, https:\/\/humanidades.uprrp.edu\/prei\/wp-content\/uploads\/2025\/10\/WordCloudHD_ReyesReyes_2022-432x432.png 432w, https:\/\/humanidades.uprrp.edu\/prei\/wp-content\/uploads\/2025\/10\/WordCloudHD_ReyesReyes_2022-268x268.png 268w, https:\/\/humanidades.uprrp.edu\/prei\/wp-content\/uploads\/2025\/10\/WordCloudHD_ReyesReyes_2022.png 1896w\" sizes=\"auto, (max-width: 1024px) 100vw, 1024px\" \/><\/a><\/figure>\n<\/div>\n\n\n<p>Con esta secuencia de cursos lxs estudiantes desarrollan competencias para la b\u00fasqueda, el manejo efectivo y el uso \u00e9tico de la informaci\u00f3n, as\u00ed como para la utilizaci\u00f3n de la tecnolog\u00eda como herramienta para crear, manejar y aplicar el conocimiento. Participan en proyectos aplicados en los cuales pueden identificar el beneficio del an\u00e1lisis de datos desde la perspectiva de sus respectivas disciplinas de estudio. A trav\u00e9s de la exploraci\u00f3n&nbsp;de aspectos te\u00f3ricos y pr\u00e1cticos de las Humanidades Digitales, lxs estudiantes desarrollan competencias para el trabajo en equipo, investigaci\u00f3n, toma de decisiones, soluci\u00f3n de problemas y desarrollo de la creatividad e imaginaci\u00f3n.&nbsp;<\/p>\n\n\n\n<p>Los cursos lxs capacitan para desempe\u00f1arse en un ambiente de trabajo como creadorxs, productorxs, curadorxs y administradorxs de objetos digitales en el mercado laboral local y mundial, capacitadxs para la investigaci\u00f3n en equipos interdisciplinarios que aportan a la b\u00fasqueda de soluciones, y capaces de entender cr\u00edtica y \u00e9ticamente el concepto de data desde un modelo cultural.<\/p>\n\n\n\n<p>La secuencia curricular tambi\u00e9n busca estimular la creatividad y la investigaci\u00f3n interdisciplinaria en el desarrollo de algoritmos y procedimientos anal\u00edticos en un contexto de datos cada vez menos tradicional y de mayor alcance.<\/p>\n\n\n\n<p>Los requisitos generales y espec\u00edficos para que lxs estudiantes cualifiquen para declarar su intenci\u00f3n de a\u00f1adir una Concentraci\u00f3n Menor son: cumplimentar solicitud de la Concentraci\u00f3n Menor lo antes posible en el t\u00e9rmino de sus estudios hacia el Bachillerato en el que est\u00e9 oficialmente clasificadx; cumplir con el \u00edndice m\u00ednimo de ingreso al programa acad\u00e9mico asociado a la Concentraci\u00f3n Menor, a saber, 2.50, y; cumplir con el progreso acad\u00e9mico requerido en el programa en que est\u00e9 oficialmente clasificadx.<\/p>\n\n\n\n<p><em>Secuencia&nbsp;de&nbsp;cursos&nbsp;para&nbsp;la&nbsp;Concentraci\u00f3n menor&nbsp;en&nbsp;Humanidades&nbsp;Digitales&nbsp;<\/em><\/p>\n\n\n\n<figure class=\"wp-block-table\"><table class=\"has-fixed-layout\"><tbody><tr><td><strong>Crs<\/strong><em>&nbsp;<\/em><\/td><td colspan=\"2\"><strong>Cursos&nbsp;requeridos<\/strong>&nbsp;<\/td><\/tr><tr><td>3&nbsp;<\/td><td><strong>ESIN&nbsp;3XXX<\/strong>&nbsp;(en proceso de inscripci\u00f3n)<\/td><td><strong>Aspectos&nbsp;Te\u00f3ricos&nbsp;y&nbsp;Pr\u00e1cticos&nbsp;de&nbsp;las&nbsp;Humanidades&nbsp;&nbsp;&nbsp;&nbsp;&nbsp;&nbsp;&nbsp;&nbsp;&nbsp;&nbsp;&nbsp;&nbsp;&nbsp;&nbsp;&nbsp;&nbsp;&nbsp;&nbsp; Digitales<\/strong>&nbsp;<\/td><\/tr><tr><td>3&nbsp;<\/td><td><strong>ESIN&nbsp;3901<\/strong>&nbsp;<\/td><td><strong>Experiencia&nbsp;Investigativa&nbsp;I&nbsp;<\/strong>&nbsp;<\/td><\/tr><tr><td>3&nbsp;<\/td><td><strong>ESIN&nbsp;3902<\/strong>&nbsp;<\/td><td><strong>Experiencia&nbsp;Investigativa&nbsp;II&nbsp;<\/strong>&nbsp;<\/td><\/tr><tr><td>3&nbsp;<\/td><td><strong>Electiva&nbsp;dirigida<\/strong>&nbsp;<\/td><td><strong>Selecci\u00f3n&nbsp;de&nbsp;men\u00fa&nbsp;de&nbsp;cursos&nbsp;<\/strong><\/td><\/tr><tr><td><strong>TOTAL<\/strong>&nbsp;<\/td><td colspan=\"2\"><strong>12&nbsp;cr\u00e9ditos<\/strong>&nbsp;<\/td><\/tr><\/tbody><\/table><\/figure>\n\n\n\n<p>La concentraci\u00f3n menor en Humanidades Digitales consta de 12 cr\u00e9ditos requeridos. Los cursos ESIN 3XXX, ESIN 3901 y ESIN 3902 (3 cr\u00e9ditos cada uno) son requeridos.<\/p>\n\n\n\n<p>El\u00a0estudiante\u00a0deber\u00e1\u00a0declarar\u00a0su\u00a0intenci\u00f3n\u00a0de\u00a0obtener\u00a0una\u00a0concentraci\u00f3n\u00a0menor\u00a0lo m\u00e1s\u00a0pronto\u00a0posible\u00a0en\u00a0su\u00a0programa\u00a0de\u00a0estudios\u00a0de\u00a0manera\u00a0que\u00a0complete\u00a0la\u00a0opci\u00f3n\u00a0a\u00a0 la\u00a0par\u00a0con\u00a0los\u00a0requisitos\u00a0del\u00a0Bachillerato\u00a0en\u00a0el\u00a0que\u00a0est\u00e1\u00a0oficialmente\u00a0clasificado,\u00a0y\u00a0\u00a0\u00a0\u00a0\u00a0\u00a0\u00a0 dentro\u00a0del\u00a0150\u00a0por\u00a0ciento\u00a0del\u00a0tiempo\u00a0prescrito\u00a0para\u00a0completar\u00a0el\u00a0Bachillerato\u00a0en\u00a0el\u00a0\u00a0\u00a0\u00a0\u00a0 que\u00a0est\u00e1\u00a0oficialmente\u00a0clasificado.\u00a0 <\/p>\n\n\n\n<p>El estudiante podr\u00e1 tomar cursos adicionales de as\u00ed desearlo, para a\u00f1adir a su formaci\u00f3n de acuerdo con su inter\u00e9s.<\/p>\n\n\n\n<figure class=\"wp-block-image size-large\"><a href=\"https:\/\/humanidades.uprrp.edu\/prei\/wp-content\/uploads\/2025\/10\/UnessayHD_Sepulveda-Reyes-y-del-Monte_2022.png\"><img loading=\"lazy\" decoding=\"async\" width=\"1024\" height=\"473\" src=\"https:\/\/humanidades.uprrp.edu\/prei\/wp-content\/uploads\/2025\/10\/UnessayHD_Sepulveda-Reyes-y-del-Monte_2022-1024x473.png\" alt=\"\" class=\"wp-image-713\" srcset=\"https:\/\/humanidades.uprrp.edu\/prei\/wp-content\/uploads\/2025\/10\/UnessayHD_Sepulveda-Reyes-y-del-Monte_2022-1024x473.png 1024w, https:\/\/humanidades.uprrp.edu\/prei\/wp-content\/uploads\/2025\/10\/UnessayHD_Sepulveda-Reyes-y-del-Monte_2022-300x139.png 300w, https:\/\/humanidades.uprrp.edu\/prei\/wp-content\/uploads\/2025\/10\/UnessayHD_Sepulveda-Reyes-y-del-Monte_2022-768x355.png 768w, https:\/\/humanidades.uprrp.edu\/prei\/wp-content\/uploads\/2025\/10\/UnessayHD_Sepulveda-Reyes-y-del-Monte_2022-700x324.png 700w, https:\/\/humanidades.uprrp.edu\/prei\/wp-content\/uploads\/2025\/10\/UnessayHD_Sepulveda-Reyes-y-del-Monte_2022-332x153.png 332w, https:\/\/humanidades.uprrp.edu\/prei\/wp-content\/uploads\/2025\/10\/UnessayHD_Sepulveda-Reyes-y-del-Monte_2022.png 1512w\" sizes=\"auto, (max-width: 1024px) 100vw, 1024px\" \/><\/a><\/figure>\n\n\n\n<figure class=\"wp-block-image size-large\"><a href=\"https:\/\/humanidades.uprrp.edu\/prei\/wp-content\/uploads\/2025\/10\/humanidades-digitales.png\"><img loading=\"lazy\" decoding=\"async\" width=\"1024\" height=\"413\" src=\"https:\/\/humanidades.uprrp.edu\/prei\/wp-content\/uploads\/2025\/10\/humanidades-digitales-1024x413.png\" alt=\"\" class=\"wp-image-715\" srcset=\"https:\/\/humanidades.uprrp.edu\/prei\/wp-content\/uploads\/2025\/10\/humanidades-digitales-1024x413.png 1024w, https:\/\/humanidades.uprrp.edu\/prei\/wp-content\/uploads\/2025\/10\/humanidades-digitales-300x121.png 300w, https:\/\/humanidades.uprrp.edu\/prei\/wp-content\/uploads\/2025\/10\/humanidades-digitales-768x310.png 768w, https:\/\/humanidades.uprrp.edu\/prei\/wp-content\/uploads\/2025\/10\/humanidades-digitales-1536x619.png 1536w, https:\/\/humanidades.uprrp.edu\/prei\/wp-content\/uploads\/2025\/10\/humanidades-digitales-700x282.png 700w, https:\/\/humanidades.uprrp.edu\/prei\/wp-content\/uploads\/2025\/10\/humanidades-digitales-332x134.png 332w, https:\/\/humanidades.uprrp.edu\/prei\/wp-content\/uploads\/2025\/10\/humanidades-digitales.png 1667w\" sizes=\"auto, (max-width: 1024px) 100vw, 1024px\" \/><\/a><\/figure>\n\n\n\n<p><\/p>\n","protected":false},"excerpt":{"rendered":"<p>Es una concentraci\u00f3n menor que ofrece el PREI para estudiantes subgraduadxs de todas las concentraciones del Recinto de R\u00edo Piedras de la UPR. Invita a estudiantes de disciplinas tan diversas como historia, literatura, filosof\u00eda, ciencias de la informaci\u00f3n, tecnolog\u00edas de la informaci\u00f3n para el aprendizaje, ciencias de c\u00f3mputos, entre otras, &#8230;<\/p>\n","protected":false},"author":3,"featured_media":0,"parent":0,"menu_order":0,"comment_status":"closed","ping_status":"closed","template":"","meta":{"footnotes":""},"class_list":["post-712","page","type-page","status-publish","hentry","column","twocol"],"_links":{"self":[{"href":"https:\/\/humanidades.uprrp.edu\/prei\/index.php?rest_route=\/wp\/v2\/pages\/712","targetHints":{"allow":["GET"]}}],"collection":[{"href":"https:\/\/humanidades.uprrp.edu\/prei\/index.php?rest_route=\/wp\/v2\/pages"}],"about":[{"href":"https:\/\/humanidades.uprrp.edu\/prei\/index.php?rest_route=\/wp\/v2\/types\/page"}],"author":[{"embeddable":true,"href":"https:\/\/humanidades.uprrp.edu\/prei\/index.php?rest_route=\/wp\/v2\/users\/3"}],"replies":[{"embeddable":true,"href":"https:\/\/humanidades.uprrp.edu\/prei\/index.php?rest_route=%2Fwp%2Fv2%2Fcomments&post=712"}],"version-history":[{"count":6,"href":"https:\/\/humanidades.uprrp.edu\/prei\/index.php?rest_route=\/wp\/v2\/pages\/712\/revisions"}],"predecessor-version":[{"id":721,"href":"https:\/\/humanidades.uprrp.edu\/prei\/index.php?rest_route=\/wp\/v2\/pages\/712\/revisions\/721"}],"wp:attachment":[{"href":"https:\/\/humanidades.uprrp.edu\/prei\/index.php?rest_route=%2Fwp%2Fv2%2Fmedia&parent=712"}],"curies":[{"name":"wp","href":"https:\/\/api.w.org\/{rel}","templated":true}]}}